{"id":15,"date":"2024-04-18T17:17:18","date_gmt":"2024-04-18T17:17:18","guid":{"rendered":"https:\/\/dragonwood.eu\/?page_id=15"},"modified":"2025-02-17T17:51:32","modified_gmt":"2025-02-17T14:51:32","slug":"apie-mus","status":"publish","type":"page","link":"https:\/\/dragonwood.eu\/de\/uber-uns\/","title":{"rendered":"\u00dcber uns"},"content":{"rendered":"<section class=\"section dark\" id=\"section_538365027\">\n\t\t<div class=\"section-bg fill\" >\n\t\t\t<img loading=\"lazy\" decoding=\"async\" width=\"2560\" height=\"1920\" src=\"https:\/\/dragonwood.eu\/wp-content\/uploads\/2024\/04\/IMG_7334_4HEIC-scaled-1.webp\" class=\"bg attachment-original size-original\" alt=\"\" \/>\t\t\t\t\t\t<div class=\"section-bg-overlay absolute fill\"><\/div>\n\t\t\t\n\n\t\t<\/div>\n\n\t\t\n\n\t\t<div class=\"section-content relative\">\n\t\t\t\n<div class=\"row\"  id=\"row-1503188219\">\n\n\t<div id=\"col-1095197684\" class=\"col medium-8 small-12 large-6\"  >\n\t\t\t\t<div class=\"col-inner text-left\"  >\n\t\t\t\n\t\t\t\n<h1 class=\"thin-font\"><span class=\"ez-toc-section\" id=\"MES_ESAME_DRAGONWOOD\"><\/span><span style=\"font-size: 120%;\">WIR SIND <strong>DRAGONWOOD<\/strong><\/span><span class=\"ez-toc-section-end\"><\/span><\/h1>\n<p>Wir laden Sie ein, unser Unternehmen kennen zu lernen.<\/p>\n\t\t<\/div>\n\t\t\t\t\t<\/div>\n\n\t\n<\/div>\n\t\t<\/div>\n\n\t\t\n<style>\n#section_538365027 {\n  padding-top: 30px;\n  padding-bottom: 30px;\n  min-height: 500px;\n}\n#section_538365027 .section-bg-overlay {\n  background-color: rgba(0,0,0,.5);\n}\n#section_538365027 .section-bg img {\n  object-position: 0% 55%;\n}\n<\/style>\n\t<\/section>\n\t\n\n<span class=\"scroll-to\" data-label=\"Scroll to: #introduction\" data-bullet=\"false\" data-link=\"#introduction\" data-title=\"introduction\" ><a name=\"introduction\"><\/a><\/span>\n\n\t<section class=\"section\" id=\"section_2071294935\">\n\t\t<div class=\"section-bg fill\" >\n\t\t\t\t\t\t\t\t\t\n\t\t\t\n\n\t\t<\/div>\n\n\t\t\n\n\t\t<div class=\"section-content relative\">\n\t\t\t\n<div class=\"row\"  id=\"row-1321489760\">\n\n\t<div id=\"col-789650463\" class=\"col small-12 large-12\"  >\n\t\t\t\t<div class=\"col-inner\"  >\n\t\t\t\n\t\t\t\n<div class=\"is-divider divider clearfix\" style=\"max-width:50px;height:2px;background-color:#1a4d2e;\"><\/div>\n<h2><span class=\"ez-toc-section\" id=\"KODEL_MES\"><\/span><span style=\"font-size: 150%;\">WARUM WIR?<\/span><span class=\"ez-toc-section-end\"><\/span><\/h2>\n\t\t<\/div>\n\t\t\t\t\t<\/div>\n\n\t\n<\/div>\n<div class=\"row align-right\"  id=\"row-456656668\">\n\n\t<div id=\"col-1594561514\" class=\"col medium-8 small-12 large-8\"  >\n\t\t\t\t<div class=\"col-inner\"  >\n\t\t\t\n\t\t\t\n<p>Unser Team sammelt seit langem Erfahrungen von Experten auf ihrem Gebiet. Und nur um\u00a0<strong>verbessern\u00a0<\/strong>bestehende\u00a0<strong>Holzbearbeitungsprozesse,<\/strong>\u00a0<strong>Beschleunigung der Arbeitsabl\u00e4ufe<\/strong>\u00a0und - was am wichtigsten ist -\u00a0\u00a0<strong>Verbesserung der Produktqualit\u00e4t<\/strong><b>.<\/b><\/p>\n<p>Klientas\u00a0(tiksliau b\u016btent\u00a0<b>Sie sind<\/b>)<b>\u00a0-<\/b> ist die Person, der wir unsere volle Aufmerksamkeit widmen werden\u00a0<strong>vom Auftrag <\/strong><strong>Vorbereitung, bevor die Waren zu Ihnen nach Hause geliefert werden<\/strong><span style=\"font-size: 14.4px;\">. <\/span>M\u00f6chten Sie uns kennenlernen? Nehmen Sie Kontakt mit uns auf und unsere Experten helfen Ihnen bei allen Fragen rund um die Holzverbrennung.<\/p>\n\t\t<\/div>\n\t\t\t\t\t<\/div>\n\n\t\n<\/div>\n\t<div id=\"gap-1633576838\" class=\"gap-element clearfix\" style=\"display:block; height:auto;\">\n\t\t\n<style>\n#gap-1633576838 {\n  padding-top: 330px;\n}\n@media (min-width:550px) {\n  #gap-1633576838 {\n    padding-top: 400px;\n  }\n}\n<\/style>\n\t<\/div>\n\t\n\t\t<\/div>\n\n\t\t\n<style>\n#section_2071294935 {\n  padding-top: 30px;\n  padding-bottom: 30px;\n}\n<\/style>\n\t<\/section>\n\t\n\n\t<section class=\"section\" id=\"section_1583992156\">\n\t\t<div class=\"section-bg fill\" >\n\t\t\t\t\t\t\t\t\t\n\t\t\t\n\n\t\t<\/div>\n\n\t\t\n\n\t\t<div class=\"section-content relative\">\n\t\t\t\n<div class=\"row\"  id=\"row-666263817\">\n\n\t<div id=\"col-1494466871\" class=\"col small-12 large-12\"  >\n\t\t\t\t<div class=\"col-inner\"  >\n\t\t\t\n\t\t\t\n<div class=\"row\"  id=\"row-576762600\">\n\n\t<div id=\"col-1640927470\" class=\"col medium-6 small-12 large-6\"  >\n\t\t\t\t<div class=\"col-inner\"  >\n\t\t\t\n\t\t\t\n\n  <div class=\"banner has-hover\" id=\"banner-1662653980\">\n          <div class=\"banner-inner fill\">\n        <div class=\"banner-bg fill\" >\n            <img loading=\"lazy\" decoding=\"async\" width=\"1020\" height=\"765\" src=\"https:\/\/dragonwood.eu\/wp-content\/uploads\/2024\/04\/IMG_7616-scaled-1-1024x768.webp\" class=\"bg attachment-large size-large\" alt=\"\" \/>                                    \n                    <\/div>\n\t\t\n        <div class=\"banner-layers container\">\n            <div class=\"fill banner-link\"><\/div>            \n   <div id=\"text-box-663672236\" class=\"text-box banner-layer x50 md-x50 lg-x50 y50 md-y50 lg-y50 res-text\">\n                                <div class=\"text-box-content text dark\">\n              \n              <div class=\"text-inner text-center\">\n                  \n              <\/div>\n           <\/div>\n                            \n<style>\n#text-box-663672236 {\n  width: 60%;\n}\n#text-box-663672236 .text-box-content {\n  font-size: 100%;\n}\n@media (min-width:550px) {\n  #text-box-663672236 {\n    width: 60%;\n  }\n}\n<\/style>\n    <\/div>\n \n        <\/div>\n      <\/div>\n\n            \n<style>\n#banner-1662653980 {\n  padding-top: 360px;\n  background-color: rgb(250, 250, 250);\n}\n<\/style>\n  <\/div>\n\n\n\t\t<\/div>\n\t\t\t\t\t<\/div>\n\n\t\n\n\t<div id=\"col-759587058\" class=\"col medium-6 small-12 large-6\"  >\n\t\t\t\t<div class=\"col-inner\"  >\n\t\t\t\n\t\t\t\n\n  <div class=\"banner has-hover\" id=\"banner-693933484\">\n          <div class=\"banner-inner fill\">\n        <div class=\"banner-bg fill\" >\n            <img loading=\"lazy\" decoding=\"async\" width=\"1020\" height=\"595\" src=\"https:\/\/dragonwood.eu\/wp-content\/uploads\/2024\/04\/Fasadas12-e1713785539174-1024x597.jpg\" class=\"bg attachment-large size-large\" alt=\"\" \/>                                    \n                    <\/div>\n\t\t\n        <div class=\"banner-layers container\">\n            <div class=\"fill banner-link\"><\/div>            \n   <div id=\"text-box-857009698\" class=\"text-box banner-layer x50 md-x50 lg-x50 y50 md-y50 lg-y50 res-text\">\n                                <div class=\"text-box-content text dark\">\n              \n              <div class=\"text-inner text-center\">\n                  \n              <\/div>\n           <\/div>\n                            \n<style>\n#text-box-857009698 {\n  width: 60%;\n}\n#text-box-857009698 .text-box-content {\n  font-size: 100%;\n}\n@media (min-width:550px) {\n  #text-box-857009698 {\n    width: 60%;\n  }\n}\n<\/style>\n    <\/div>\n \n        <\/div>\n      <\/div>\n\n            \n<style>\n#banner-693933484 {\n  padding-top: 500px;\n  background-color: rgb(250, 250, 250);\n}\n#banner-693933484 .banner-bg img {\n  object-position: 0% 96%;\n}\n<\/style>\n  <\/div>\n\n\n\t\t<\/div>\n\t\t\t\t\t<\/div>\n\n\t\n<\/div>\n\t\t<\/div>\n\t\t\t\t\n<style>\n#col-1494466871 > .col-inner {\n  margin: -390px 0px 0px 0px;\n}\n<\/style>\n\t<\/div>\n\n\t\n<\/div>\n\t\t<\/div>\n\n\t\t\n<style>\n#section_1583992156 {\n  padding-top: 30px;\n  padding-bottom: 30px;\n  background-color: #fb8f40;\n}\n<\/style>\n\t<\/section>\n\t\n<span class=\"scroll-to\" data-label=\"Scroll to: #experiences\" data-bullet=\"false\" data-link=\"#experiences\" data-title=\"experiences\" ><a name=\"experiences\"><\/a><\/span>\n\n\t<section class=\"section dark\" id=\"section_643247351\">\n\t\t<div class=\"section-bg fill\" >\n\t\t\t\t\t\t\t\t\t\n\t\t\t\n\n\t\t<\/div>\n\n\t\t\n\n\t\t<div class=\"section-content relative\">\n\t\t\t\n<div class=\"row row-large\"  id=\"row-627042902\">\n\n\t<div id=\"col-663106656\" class=\"col small-12 large-12\"  >\n\t\t\t\t<div class=\"col-inner\"  >\n\t\t\t\n\t\t\t\n<div class=\"container section-title-container\" style=\"margin-top:5px;margin-bottom:5px;\"><h3 class=\"section-title section-title-normal\"><span class=\"ez-toc-section\" id=\"01\"><\/span><b><\/b><span class=\"section-title-main\" style=\"font-size:80%;color:rgb(245, 239, 230);\">01<\/span><b><\/b><span class=\"ez-toc-section-end\"><\/span><\/h3><\/div>\n\t\t<\/div>\n\t\t\t\t\n<style>\n#col-663106656 > .col-inner {\n  margin: 0px 0px -20px 0px;\n}\n<\/style>\n\t<\/div>\n\n\t\n\n\t<div id=\"col-1739062399\" class=\"col medium-12 small-12 large-6\"  >\n\t\t\t\t<div class=\"col-inner\"  >\n\t\t\t\n\t\t\t\n<h3><span class=\"ez-toc-section\" id=\"Patenkinti_klientai\"><\/span><span style=\"font-size: 180%;\">Patenkinti klientai<\/span><span class=\"ez-toc-section-end\"><\/span><\/h3>\n\t\t<\/div>\n\t\t\t\t\t<\/div>\n\n\t\n\n\t<div id=\"col-1234360092\" class=\"col medium-12 small-12 large-6\"  >\n\t\t\t\t<div class=\"col-inner\"  >\n\t\t\t\n\t\t\t\n\t<div id=\"text-527745675\" class=\"text\">\n\t\t\n<p>Unser Hauptziel ist es, die Bed\u00fcrfnisse unserer Kunden zu erf\u00fcllen, indem wir die h\u00f6chsten Standards sowohl in der Kommunikation als auch in der Produktqualit\u00e4t bieten.<br \/>\n\t\t\n<style>\n#text-527745675 {\n  color: rgb(255, 255, 255);\n}\n#text-527745675 > * {\n  color: rgb(255, 255, 255);\n}\n<\/style>\n\t<\/div>\n\t\n\t\t<\/div>\n\t\t\t\t\t<\/div>\n\n\t\n<\/div>\n<div class=\"row row-large\"  id=\"row-2010426623\">\n\n\t<div id=\"col-1754235588\" class=\"col small-12 large-12\"  >\n\t\t\t\t<div class=\"col-inner\"  >\n\t\t\t\n\t\t\t\n<div class=\"container section-title-container\" style=\"margin-top:5px;margin-bottom:5px;\"><h3 class=\"section-title section-title-normal\"><span class=\"ez-toc-section\" id=\"02\"><\/span><b><\/b><span class=\"section-title-main\" style=\"font-size:80%;color:rgb(245, 239, 230);\">02<\/span><b><\/b><span class=\"ez-toc-section-end\"><\/span><\/h3><\/div>\n\t\t<\/div>\n\t\t\t\t\n<style>\n#col-1754235588 > .col-inner {\n  padding: 60px 0px 0px 0px;\n  margin: 0px 0px -20px 0px;\n}\n<\/style>\n\t<\/div>\n\n\t\n\n\t<div id=\"col-2024795193\" class=\"col medium-12 small-12 large-6\"  >\n\t\t\t\t<div class=\"col-inner\"  >\n\t\t\t\n\t\t\t\n<h3><span class=\"ez-toc-section\" id=\"Lojalumas\"><\/span><span style=\"font-size: 180%;\">Loyalit\u00e4t<\/span><span class=\"ez-toc-section-end\"><\/span><\/h3>\n\t\t<\/div>\n\t\t\t\t\t<\/div>\n\n\t\n\n\t<div id=\"col-930841574\" class=\"col medium-12 small-12 large-6\"  >\n\t\t\t\t<div class=\"col-inner\"  >\n\t\t\t\n\t\t\t\n\t<div id=\"text-3729850702\" class=\"text\">\n\t\t\n<p>Die Loyalit\u00e4t gegen\u00fcber unseren Kunden und die Aufmerksamkeit f\u00fcr jedes noch so kleine Detail helfen uns, zu wachsen und uns zu verbessern.<br \/>\n\t\t\n<style>\n#text-3729850702 {\n  color: rgb(255, 255, 255);\n}\n#text-3729850702 > * {\n  color: rgb(255, 255, 255);\n}\n<\/style>\n\t<\/div>\n\t\n\t\t<\/div>\n\t\t\t\t\t<\/div>\n\n\t\n<\/div>\n<div class=\"row row-large\"  id=\"row-193575400\">\n\n\t<div id=\"col-1415914963\" class=\"col small-12 large-12\"  >\n\t\t\t\t<div class=\"col-inner\"  >\n\t\t\t\n\t\t\t\n<div class=\"container section-title-container\" style=\"margin-top:5px;margin-bottom:5px;\"><h3 class=\"section-title section-title-normal\"><span class=\"ez-toc-section\" id=\"03\"><\/span><b><\/b><span class=\"section-title-main\" style=\"font-size:80%;color:rgb(245, 239, 230);\">03<\/span><b><\/b><span class=\"ez-toc-section-end\"><\/span><\/h3><\/div>\n\t\t<\/div>\n\t\t\t\t\n<style>\n#col-1415914963 > .col-inner {\n  padding: 60px 0px 0px 0px;\n  margin: 0px 0px -20px 0px;\n}\n<\/style>\n\t<\/div>\n\n\t\n\n\t<div id=\"col-1599806300\" class=\"col medium-12 small-12 large-6\"  >\n\t\t\t\t<div class=\"col-inner\"  >\n\t\t\t\n\t\t\t\n<h3><span class=\"ez-toc-section\" id=\"Nuolatinis_tobulejimas\"><\/span><span style=\"font-size: 180%;\">Kontinuierliche Verbesserung<br \/>\n<\/span><span class=\"ez-toc-section-end\"><\/span><\/h3>\n\t\t<\/div>\n\t\t\t\t\t<\/div>\n\n\t\n\n\t<div id=\"col-2053008199\" class=\"col medium-12 small-12 large-6\"  >\n\t\t\t\t<div class=\"col-inner\"  >\n\t\t\t\n\t\t\t\n\t<div id=\"text-3059645781\" class=\"text\">\n\t\t\n<p>Die kontinuierliche Verbesserung der Arbeitsleistung, die Beseitigung von Engp\u00e4ssen und die Verbesserung der Systeme erm\u00f6glichen es uns, unsere Unternehmensziele reibungsloser zu erreichen, weshalb wir bestrebt sind, alle Gesch\u00e4ftsprozesse im Unternehmen zu optimieren.<br \/>\n\t\t\n<style>\n#text-3059645781 {\n  color: rgb(255, 255, 255);\n}\n#text-3059645781 > * {\n  color: rgb(255, 255, 255);\n}\n<\/style>\n\t<\/div>\n\t\n\t\t<\/div>\n\t\t\t\t\t<\/div>\n\n\t\n<\/div>\n\t<div id=\"gap-676878022\" class=\"gap-element clearfix\" style=\"display:block; height:auto;\">\n\t\t\n<style>\n#gap-676878022 {\n  padding-top: 80px;\n}\n<\/style>\n\t<\/div>\n\t\n\t\t<\/div>\n\n\t\t\n<style>\n#section_643247351 {\n  padding-top: 80px;\n  padding-bottom: 80px;\n  background-color: #fc8f41;\n}\n<\/style>\n\t<\/section>\n\t\n<span class=\"scroll-to\" data-label=\"Scroll to: #services\" data-bullet=\"false\" data-link=\"#services\" data-title=\"services\" ><a name=\"services\"><\/a><\/span>\n\n\t<section class=\"section\" id=\"section_401574062\">\n\t\t<div class=\"section-bg fill\" >\n\t\t\t\t\t\t\t\t\t\n\t\t\t\n\n\t\t<\/div>\n\n\t\t\n\n\t\t<div class=\"section-content relative\">\n\t\t\t\n<div class=\"row row-collapse row-full-width\"  id=\"row-1937867030\">\n\n\t<div id=\"col-318330092\" class=\"col medium-6 small-12 large-6\"  >\n\t\t\t\t<div class=\"col-inner\" style=\"background-color:rgb(245, 239, 230);\" >\n\t\t\t\n\t\t\t\n\t<div id=\"gap-969713507\" class=\"gap-element clearfix\" style=\"display:block; height:auto;\">\n\t\t\n<style>\n#gap-969713507 {\n  padding-top: 400px;\n}\n<\/style>\n\t<\/div>\n\t\n\t\t<\/div>\n\t\t\t\t\t<\/div>\n\n\t\n\n\t<div id=\"col-914227543\" class=\"col medium-6 small-12 large-6\"  >\n\t\t\t\t<div class=\"col-inner\"  >\n\t\t\t\n\t\t\t\n\t\t<\/div>\n\t\t\t\t\t<\/div>\n\n\t\n<\/div>\n<div class=\"row\"  id=\"row-1663533854\">\n\n\t<div id=\"col-1329762168\" class=\"col small-12 large-12\"  >\n\t\t\t\t<div class=\"col-inner\"  >\n\t\t\t\n\t\t\t\n<div class=\"row\"  id=\"row-2057062128\">\n\n\t<div id=\"col-1236720247\" class=\"col small-12 large-12\"  >\n\t\t\t\t<div class=\"col-inner\"  >\n\t\t\t\n\t\t\t\n<div class=\"is-divider divider clearfix\" style=\"max-width:50px;height:2px;background-color:rgb(79, 111, 82);\"><\/div>\n<h4><span class=\"ez-toc-section\" id=\"Musu_sprendimai\"><\/span><span style=\"font-size: 150%;\">Unsere L\u00f6sungen<\/span><span class=\"ez-toc-section-end\"><\/span><\/h4>\n\t\t<\/div>\n\t\t\t\t\t<\/div>\n\n\t\n<\/div>\n<div class=\"row\"  id=\"row-72631852\">\n\n\t<div id=\"col-2037040348\" class=\"col medium-3 small-12 large-3\"  >\n\t\t\t\t<div class=\"col-inner\"  >\n\t\t\t\n\t\t\t\n\t<div class=\"box has-hover   has-hover box-shade dark box-text-bottom\" >\n\n\t\t<div class=\"box-image\" >\n\t\t\t<a href=\"\/de\/fassade\/\" >\t\t\t<div class=\"image-cover\" style=\"padding-top:400px;\">\n\t\t\t\t<img loading=\"lazy\" decoding=\"async\" width=\"564\" height=\"752\" src=\"https:\/\/dragonwood.eu\/wp-content\/uploads\/2024\/04\/Fasadas.jpg\" class=\"attachment- size-\" alt=\"\" srcset=\"https:\/\/dragonwood.eu\/wp-content\/uploads\/2024\/04\/Fasadas.jpg 564w, https:\/\/dragonwood.eu\/wp-content\/uploads\/2024\/04\/Fasadas-225x300.jpg 225w, https:\/\/dragonwood.eu\/wp-content\/uploads\/2024\/04\/Fasadas-9x12.jpg 9w\" sizes=\"auto, (max-width: 564px) 100vw, 564px\" \/>\t\t\t\t<div class=\"overlay\" style=\"background-color:rgba(16, 16, 16, 0.145)\"><\/div>\t\t\t\t<div class=\"shade\"><\/div>\t\t\t<\/div>\n\t\t\t<\/a>\t\t<\/div>\n\n\t\t<div class=\"box-text text-center\" style=\"padding:10px 10px 40px 10px;\">\n\t\t\t<div class=\"box-text-inner\">\n\t\t\t\t\n<div class=\"row row-collapse\"  id=\"row-527466994\">\n\n\t<div id=\"col-1083651978\" class=\"col medium-6 small-6 large-6\"  >\n\t\t\t\t<div class=\"col-inner\"  >\n\t\t\t\n\t\t\t\n\t<div id=\"gap-756795956\" class=\"gap-element clearfix\" style=\"display:block; height:auto;\">\n\t\t\n<style>\n#gap-756795956 {\n  padding-top: 50px;\n}\n<\/style>\n\t<\/div>\n\t\n\t\t<\/div>\n\t\t\t\t\t<\/div>\n\n\t\n\n\t<div id=\"col-1665333548\" class=\"col medium-6 small-6 large-6\"  >\n\t\t\t\t<div class=\"col-inner\"  >\n\t\t\t\n\t<div class=\"is-border\"\n\t\tstyle=\"border-color:rgb(255, 255, 255);border-width:0px 0px 0px 2px;\">\n\t<\/div>\n\t\t\t\n\t<div id=\"gap-1627099435\" class=\"gap-element clearfix\" style=\"display:block; height:auto;\">\n\t\t\n<style>\n#gap-1627099435 {\n  padding-top: 50px;\n}\n<\/style>\n\t<\/div>\n\t\n\t\t<\/div>\n\t\t\t\t\t<\/div>\n\n\t\n<\/div>\n\t<div id=\"gap-1007991136\" class=\"gap-element clearfix\" style=\"display:block; height:auto;\">\n\t\t\n<style>\n#gap-1007991136 {\n  padding-top: 30px;\n}\n<\/style>\n\t<\/div>\n\t\n<h3><span class=\"ez-toc-section\" id=\"Fasadui\"><\/span>F\u00fcr Fasadui<span class=\"ez-toc-section-end\"><\/span><\/h3>\n\t\t\t<\/div>\n\t\t<\/div>\n\t<\/div>\n\t\n\t\t<\/div>\n\t\t\t\t\t<\/div>\n\n\t\n\n\t<div id=\"col-818990662\" class=\"col medium-3 small-12 large-3\"  >\n\t\t\t\t<div class=\"col-inner\"  >\n\t\t\t\n\t\t\t\n\t<div class=\"box has-hover   has-hover box-shade dark box-text-bottom\" >\n\n\t\t<div class=\"box-image\" >\n\t\t\t<a href=\"\/de\/innere\/\" >\t\t\t<div class=\"image-cover\" style=\"padding-top:400px;\">\n\t\t\t\t<img loading=\"lazy\" decoding=\"async\" width=\"1080\" height=\"1613\" src=\"https:\/\/dragonwood.eu\/wp-content\/uploads\/2024\/04\/interjerui.jpg\" class=\"attachment- size-\" alt=\"\" srcset=\"https:\/\/dragonwood.eu\/wp-content\/uploads\/2024\/04\/interjerui.jpg 1080w, https:\/\/dragonwood.eu\/wp-content\/uploads\/2024\/04\/interjerui-600x896.jpg 600w, https:\/\/dragonwood.eu\/wp-content\/uploads\/2024\/04\/interjerui-201x300.jpg 201w, https:\/\/dragonwood.eu\/wp-content\/uploads\/2024\/04\/interjerui-686x1024.jpg 686w, https:\/\/dragonwood.eu\/wp-content\/uploads\/2024\/04\/interjerui-768x1147.jpg 768w, https:\/\/dragonwood.eu\/wp-content\/uploads\/2024\/04\/interjerui-1028x1536.jpg 1028w, https:\/\/dragonwood.eu\/wp-content\/uploads\/2024\/04\/interjerui-8x12.jpg 8w\" sizes=\"auto, (max-width: 1080px) 100vw, 1080px\" \/>\t\t\t\t<div class=\"overlay\" style=\"background-color:rgba(16, 16, 16, 0.378)\"><\/div>\t\t\t\t<div class=\"shade\"><\/div>\t\t\t<\/div>\n\t\t\t<\/a>\t\t<\/div>\n\n\t\t<div class=\"box-text text-center\" style=\"padding:10px 10px 40px 10px;\">\n\t\t\t<div class=\"box-text-inner\">\n\t\t\t\t\n<div class=\"row row-collapse\"  id=\"row-1866891415\">\n\n\t<div id=\"col-1221159640\" class=\"col medium-6 small-6 large-6\"  >\n\t\t\t\t<div class=\"col-inner\"  >\n\t\t\t\n\t\t\t\n\t<div id=\"gap-927100197\" class=\"gap-element clearfix\" style=\"display:block; height:auto;\">\n\t\t\n<style>\n#gap-927100197 {\n  padding-top: 50px;\n}\n<\/style>\n\t<\/div>\n\t\n\t\t<\/div>\n\t\t\t\t\t<\/div>\n\n\t\n\n\t<div id=\"col-785478168\" class=\"col medium-6 small-6 large-6\"  >\n\t\t\t\t<div class=\"col-inner\"  >\n\t\t\t\n\t<div class=\"is-border\"\n\t\tstyle=\"border-color:rgb(255, 255, 255);border-width:0px 0px 0px 2px;\">\n\t<\/div>\n\t\t\t\n\t<div id=\"gap-136005272\" class=\"gap-element clearfix\" style=\"display:block; height:auto;\">\n\t\t\n<style>\n#gap-136005272 {\n  padding-top: 50px;\n}\n<\/style>\n\t<\/div>\n\t\n\t\t<\/div>\n\t\t\t\t\t<\/div>\n\n\t\n<\/div>\n\t<div id=\"gap-500184935\" class=\"gap-element clearfix\" style=\"display:block; height:auto;\">\n\t\t\n<style>\n#gap-500184935 {\n  padding-top: 30px;\n}\n<\/style>\n\t<\/div>\n\t\n<h3><span class=\"ez-toc-section\" id=\"Interjerui\"><\/span>F\u00fcr Innenr\u00e4ume<span class=\"ez-toc-section-end\"><\/span><\/h3>\n\t\t\t<\/div>\n\t\t<\/div>\n\t<\/div>\n\t\n\t\t<\/div>\n\t\t\t\t\t<\/div>\n\n\t\n\n\t<div id=\"col-2067518911\" class=\"col medium-3 small-12 large-3\"  >\n\t\t\t\t<div class=\"col-inner\"  >\n\t\t\t\n\t\t\t\n\t<div class=\"box has-hover   has-hover box-shade dark box-text-bottom\" >\n\n\t\t<div class=\"box-image\" >\n\t\t\t<a href=\"\/de\/terrasse\/\" >\t\t\t<div class=\"image-cover\" style=\"padding-top:400px;\">\n\t\t\t\t<img loading=\"lazy\" decoding=\"async\" width=\"1920\" height=\"2560\" src=\"https:\/\/dragonwood.eu\/wp-content\/uploads\/2024\/04\/IMG_7290-scaled-1.webp\" class=\"attachment- size-\" alt=\"\" srcset=\"https:\/\/dragonwood.eu\/wp-content\/uploads\/2024\/04\/IMG_7290-scaled-1.webp 1920w, https:\/\/dragonwood.eu\/wp-content\/uploads\/2024\/04\/IMG_7290-scaled-1-600x800.webp 600w, https:\/\/dragonwood.eu\/wp-content\/uploads\/2024\/04\/IMG_7290-scaled-1-225x300.webp 225w, https:\/\/dragonwood.eu\/wp-content\/uploads\/2024\/04\/IMG_7290-scaled-1-768x1024.webp 768w, https:\/\/dragonwood.eu\/wp-content\/uploads\/2024\/04\/IMG_7290-scaled-1-1152x1536.webp 1152w, https:\/\/dragonwood.eu\/wp-content\/uploads\/2024\/04\/IMG_7290-scaled-1-1536x2048.webp 1536w, https:\/\/dragonwood.eu\/wp-content\/uploads\/2024\/04\/IMG_7290-scaled-1-9x12.webp 9w\" sizes=\"auto, (max-width: 1920px) 100vw, 1920px\" \/>\t\t\t\t<div class=\"overlay\" style=\"background-color:rgba(16, 16, 16, 0.233)\"><\/div>\t\t\t\t<div class=\"shade\"><\/div>\t\t\t<\/div>\n\t\t\t<\/a>\t\t<\/div>\n\n\t\t<div class=\"box-text text-center\" style=\"padding:10px 10px 40px 10px;\">\n\t\t\t<div class=\"box-text-inner\">\n\t\t\t\t\n<div class=\"row row-collapse\"  id=\"row-1919327857\">\n\n\t<div id=\"col-383161244\" class=\"col medium-6 small-6 large-6\"  >\n\t\t\t\t<div class=\"col-inner\"  >\n\t\t\t\n\t\t\t\n\t<div id=\"gap-1558933561\" class=\"gap-element clearfix\" style=\"display:block; height:auto;\">\n\t\t\n<style>\n#gap-1558933561 {\n  padding-top: 50px;\n}\n<\/style>\n\t<\/div>\n\t\n\t\t<\/div>\n\t\t\t\t\t<\/div>\n\n\t\n\n\t<div id=\"col-1287670085\" class=\"col medium-6 small-6 large-6\"  >\n\t\t\t\t<div class=\"col-inner\"  >\n\t\t\t\n\t<div class=\"is-border\"\n\t\tstyle=\"border-color:rgb(255, 255, 255);border-width:0px 0px 0px 2px;\">\n\t<\/div>\n\t\t\t\n\t<div id=\"gap-606729721\" class=\"gap-element clearfix\" style=\"display:block; height:auto;\">\n\t\t\n<style>\n#gap-606729721 {\n  padding-top: 50px;\n}\n<\/style>\n\t<\/div>\n\t\n\t\t<\/div>\n\t\t\t\t\t<\/div>\n\n\t\n<\/div>\n\t<div id=\"gap-1927890491\" class=\"gap-element clearfix\" style=\"display:block; height:auto;\">\n\t\t\n<style>\n#gap-1927890491 {\n  padding-top: 30px;\n}\n<\/style>\n\t<\/div>\n\t\n<h3><span class=\"ez-toc-section\" id=\"Terasai\"><\/span>Terrassen<span class=\"ez-toc-section-end\"><\/span><\/h3>\n\t\t\t<\/div>\n\t\t<\/div>\n\t<\/div>\n\t\n\t\t<\/div>\n\t\t\t\t\t<\/div>\n\n\t\n\n\t<div id=\"col-1051716840\" class=\"col medium-3 small-12 large-3\"  >\n\t\t\t\t<div class=\"col-inner\"  >\n\t\t\t\n\t\t\t\n\t<div class=\"box has-hover   has-hover box-shade dark box-text-bottom\" >\n\n\t\t<div class=\"box-image\" >\n\t\t\t<a href=\"\/de\/zaun\/\" >\t\t\t<div class=\"image-cover\" style=\"padding-top:400px;\">\n\t\t\t\t<img loading=\"lazy\" decoding=\"async\" width=\"1280\" height=\"960\" src=\"https:\/\/dragonwood.eu\/wp-content\/uploads\/2024\/04\/Tvora.jpg\" class=\"attachment- size-\" alt=\"\" srcset=\"https:\/\/dragonwood.eu\/wp-content\/uploads\/2024\/04\/Tvora.jpg 1280w, https:\/\/dragonwood.eu\/wp-content\/uploads\/2024\/04\/Tvora-600x450.jpg 600w, https:\/\/dragonwood.eu\/wp-content\/uploads\/2024\/04\/Tvora-300x225.jpg 300w, https:\/\/dragonwood.eu\/wp-content\/uploads\/2024\/04\/Tvora-1024x768.jpg 1024w, https:\/\/dragonwood.eu\/wp-content\/uploads\/2024\/04\/Tvora-768x576.jpg 768w, https:\/\/dragonwood.eu\/wp-content\/uploads\/2024\/04\/Tvora-16x12.jpg 16w\" sizes=\"auto, (max-width: 1280px) 100vw, 1280px\" \/>\t\t\t\t<div class=\"overlay\" style=\"background-color:rgba(16, 16, 16, 0.233)\"><\/div>\t\t\t\t<div class=\"shade\"><\/div>\t\t\t<\/div>\n\t\t\t<\/a>\t\t<\/div>\n\n\t\t<div class=\"box-text text-center\" style=\"padding:10px 10px 40px 10px;\">\n\t\t\t<div class=\"box-text-inner\">\n\t\t\t\t\n<div class=\"row row-collapse\"  id=\"row-1351369401\">\n\n\t<div id=\"col-933814920\" class=\"col medium-6 small-6 large-6\"  >\n\t\t\t\t<div class=\"col-inner\"  >\n\t\t\t\n\t\t\t\n\t<div id=\"gap-1800433534\" class=\"gap-element clearfix\" style=\"display:block; height:auto;\">\n\t\t\n<style>\n#gap-1800433534 {\n  padding-top: 50px;\n}\n<\/style>\n\t<\/div>\n\t\n\t\t<\/div>\n\t\t\t\t\t<\/div>\n\n\t\n\n\t<div id=\"col-1684535304\" class=\"col medium-6 small-6 large-6\"  >\n\t\t\t\t<div class=\"col-inner\"  >\n\t\t\t\n\t<div class=\"is-border\"\n\t\tstyle=\"border-color:rgb(255, 255, 255);border-width:0px 0px 0px 2px;\">\n\t<\/div>\n\t\t\t\n\t<div id=\"gap-1755643950\" class=\"gap-element clearfix\" style=\"display:block; height:auto;\">\n\t\t\n<style>\n#gap-1755643950 {\n  padding-top: 50px;\n}\n<\/style>\n\t<\/div>\n\t\n\t\t<\/div>\n\t\t\t\t\t<\/div>\n\n\t\n<\/div>\n\t<div id=\"gap-1794882482\" class=\"gap-element clearfix\" style=\"display:block; height:auto;\">\n\t\t\n<style>\n#gap-1794882482 {\n  padding-top: 30px;\n}\n<\/style>\n\t<\/div>\n\t\n<h3><span class=\"ez-toc-section\" id=\"Tvorai\"><\/span>Z\u00e4une<span class=\"ez-toc-section-end\"><\/span><\/h3>\n\t\t\t<\/div>\n\t\t<\/div>\n\t<\/div>\n\t\n\t\t<\/div>\n\t\t\t\t\t<\/div>\n\n\t\n<\/div>\n\t\t<\/div>\n\t\t\t\t\n<style>\n#col-1329762168 > .col-inner {\n  margin: -250px 0px 0px 0px;\n}\n<\/style>\n\t<\/div>\n\n\t\n<\/div>\n\t<div id=\"gap-1810098500\" class=\"gap-element clearfix\" style=\"display:block; height:auto;\">\n\t\t\n<style>\n#gap-1810098500 {\n  padding-top: 100px;\n}\n<\/style>\n\t<\/div>\n\t\n\t\t<\/div>\n\n\t\t\n<style>\n#section_401574062 {\n  padding-top: 0px;\n  padding-bottom: 0px;\n}\n<\/style>\n\t<\/section>","protected":false},"excerpt":{"rendered":"","protected":false},"author":1,"featured_media":0,"parent":0,"menu_order":0,"comment_status":"closed","ping_status":"closed","template":"page-blank.php","meta":{"footnotes":""},"class_list":["post-15","page","type-page","status-publish","hentry"],"_links":{"self":[{"href":"https:\/\/dragonwood.eu\/de\/wp-json\/wp\/v2\/pages\/15","targetHints":{"allow":["GET"]}}],"collection":[{"href":"https:\/\/dragonwood.eu\/de\/wp-json\/wp\/v2\/pages"}],"about":[{"href":"https:\/\/dragonwood.eu\/de\/wp-json\/wp\/v2\/types\/page"}],"author":[{"embeddable":true,"href":"https:\/\/dragonwood.eu\/de\/wp-json\/wp\/v2\/users\/1"}],"replies":[{"embeddable":true,"href":"https:\/\/dragonwood.eu\/de\/wp-json\/wp\/v2\/comments?post=15"}],"version-history":[{"count":29,"href":"https:\/\/dragonwood.eu\/de\/wp-json\/wp\/v2\/pages\/15\/revisions"}],"predecessor-version":[{"id":772,"href":"https:\/\/dragonwood.eu\/de\/wp-json\/wp\/v2\/pages\/15\/revisions\/772"}],"wp:attachment":[{"href":"https:\/\/dragonwood.eu\/de\/wp-json\/wp\/v2\/media?parent=15"}],"curies":[{"name":"wp","href":"https:\/\/api.w.org\/{rel}","templated":true}]}}