{"id":13,"date":"2024-04-18T17:17:10","date_gmt":"2024-04-18T17:17:10","guid":{"rendered":"https:\/\/dragonwood.eu\/?page_id=13"},"modified":"2025-06-16T10:48:14","modified_gmt":"2025-06-16T07:48:14","slug":"technologija","status":"publish","type":"page","link":"https:\/\/dragonwood.eu\/fr\/technologie\/","title":{"rendered":"Technologie"},"content":{"rendered":"<section class=\"section dark\" id=\"section_1235114228\">\n\t\t<div class=\"section-bg fill\" >\n\t\t\t<img loading=\"lazy\" decoding=\"async\" width=\"2560\" height=\"1920\" src=\"https:\/\/dragonwood.eu\/wp-content\/uploads\/2024\/04\/IMG_7334_4HEIC-scaled-1.webp\" class=\"bg attachment-original size-original\" alt=\"\" \/>\t\t\t\t\t\t<div class=\"section-bg-overlay absolute fill\"><\/div>\n\t\t\t\n\n\t\t<\/div>\n\n\t\t\n\n\t\t<div class=\"section-content relative\">\n\t\t\t\n<div class=\"row\"  id=\"row-1619547084\">\n\n\t<div id=\"col-944674033\" class=\"col medium-8 small-12 large-6\"  >\n\t\t\t\t<div class=\"col-inner text-left\"  >\n\t\t\t\n\t\t\t\n<h1 class=\"uppercase thin-font\"><span class=\"ez-toc-section\" id=\"naudojama_TECHNOLOGIJA\"><\/span><span style=\"font-size: 120%;\">utilis\u00e9 <strong>TECHNOLOGIE<\/strong><\/span><span class=\"ez-toc-section-end\"><\/span><\/h1>\n<p>DRAGONWOOD n'utilise que des produits respectueux de l'environnement pour le traitement Shou Sugi Ban, qui permet de mettre en valeur la structure du bois et de lui donner la teinte souhait\u00e9e.<\/p>\n\t\t<\/div>\n\t\t\t\t\t<\/div>\n\n\t\n<\/div>\n\t\t<\/div>\n\n\t\t\n<style>\n#section_1235114228 {\n  padding-top: 100px;\n  padding-bottom: 100px;\n  min-height: 500px;\n}\n#section_1235114228 .section-bg-overlay {\n  background-color: rgba(0,0,0,.5);\n}\n#section_1235114228 .section-bg img {\n  object-position: 0% 55%;\n}\n@media (min-width:550px) {\n  #section_1235114228 {\n    padding-top: 30px;\n    padding-bottom: 30px;\n  }\n}\n<\/style>\n\t<\/section>\n\t\n\n\t<section class=\"section\" id=\"section_178760180\">\n\t\t<div class=\"section-bg fill\" >\n\t\t\t\t\t\t\t\t\t\n\t\t\t\n\n\t\t<\/div>\n\n\t\t\n\n\t\t<div class=\"section-content relative\">\n\t\t\t\n<div class=\"row row-collapse align-center\"  id=\"row-1197682665\">\n\n\t<div id=\"col-1822966319\" class=\"col medium-8 small-10 large-12\"  >\n\t\t\t\t<div class=\"col-inner text-center\"  >\n\t\t\t\n\t\t\t\n<h2 class=\"elementor-heading-title elementor-size-default\"><span class=\"ez-toc-section\" id=\"TECHNOLOGIJOS_NAUDOJIMAS\"><\/span>TECHNOLOGIES\u00a0<b>UTILISER<\/b><span class=\"ez-toc-section-end\"><\/span><\/h2>\n<p>La production commence par la combustion du bois \u00e0 une temp\u00e9rature sp\u00e9ciale. Ce processus conf\u00e8re au bois ses propri\u00e9t\u00e9s durables.\u00a0<\/p>\n<p>Pour obtenir le bon produit en bois, nous utilisons \u00e9galement des huiles qui maintiennent la durabilit\u00e9 du bois, lui conf\u00e9rant une protection et une beaut\u00e9 suppl\u00e9mentaires.<\/p>\n\t\t<\/div>\n\t\t\t\t\t<\/div>\n\n\t\n<\/div>\n\t\t<\/div>\n\n\t\t\n<style>\n#section_178760180 {\n  padding-top: 40px;\n  padding-bottom: 40px;\n}\n@media (min-width:550px) {\n  #section_178760180 {\n    padding-top: 40px;\n    padding-bottom: 40px;\n  }\n}\n<\/style>\n\t<\/section>\n\t\n<div class=\"row row-collapse\"  id=\"row-2094871466\">\n\n\t<div id=\"col-1179279300\" class=\"col small-12 large-12\"  >\n\t\t\t\t<div class=\"col-inner\"  >\n\t\t\t\n\t\t\t\n<div class=\"is-divider divider clearfix\" style=\"max-width:100%;height:2px;background-color:rgba(39, 54, 71, 0.1);\"><\/div>\n\t\t<\/div>\n\t\t\t\t\t<\/div>\n\n\t\n<\/div>\n\n\t<section class=\"section\" id=\"section_471821459\">\n\t\t<div class=\"section-bg fill\" >\n\t\t\t\t\t\t\t\t\t\n\t\t\t\n\n\t\t<\/div>\n\n\t\t\n\n\t\t<div class=\"section-content relative\">\n\t\t\t\n<div class=\"row row-large\"  id=\"row-341835319\">\n\n\t<div id=\"col-606332724\" class=\"col medium-6 small-12 large-6\"  >\n\t\t\t\t<div class=\"col-inner\"  >\n\t\t\t\n\t\t\t\n\t<div class=\"img has-hover x md-x lg-x y md-y lg-y\" id=\"image_1358172059\">\n\t\t\t\t\t\t\t\t<div class=\"img-inner image-cover dark\" style=\"padding-top:300px;\">\n\t\t\t<img loading=\"lazy\" decoding=\"async\" width=\"1020\" height=\"685\" src=\"https:\/\/dragonwood.eu\/wp-content\/uploads\/2024\/04\/fire-1024x688.jpg\" class=\"attachment-large size-large\" alt=\"\" srcset=\"https:\/\/dragonwood.eu\/wp-content\/uploads\/2024\/04\/fire-1024x688.jpg 1024w, https:\/\/dragonwood.eu\/wp-content\/uploads\/2024\/04\/fire-600x403.jpg 600w, https:\/\/dragonwood.eu\/wp-content\/uploads\/2024\/04\/fire-300x202.jpg 300w, https:\/\/dragonwood.eu\/wp-content\/uploads\/2024\/04\/fire-768x516.jpg 768w, https:\/\/dragonwood.eu\/wp-content\/uploads\/2024\/04\/fire-1536x1032.jpg 1536w, https:\/\/dragonwood.eu\/wp-content\/uploads\/2024\/04\/fire-18x12.jpg 18w, https:\/\/dragonwood.eu\/wp-content\/uploads\/2024\/04\/fire.jpg 2000w\" sizes=\"auto, (max-width: 1020px) 100vw, 1020px\" \/>\t\t\t\t\t\t\n\t\t\t\t\t<\/div>\n\t\t\t\t\t\t\t\t\n<style>\n#image_1358172059 {\n  width: 100%;\n}\n<\/style>\n\t<\/div>\n\t\n\t\t<\/div>\n\t\t\t\t\t<\/div>\n\n\t\n\n\t<div id=\"col-605386537\" class=\"col medium-6 small-12 large-6\"  >\n\t\t\t\t<div class=\"col-inner\"  >\n\t\t\t\n\t\t\t\n<h6 class=\"uppercase\"><span class=\"ez-toc-section\" id=\"Pirma\"><\/span><span style=\"color: #1A4D2E\">Premi\u00e8re<\/span><span class=\"ez-toc-section-end\"><\/span><\/h6>\n<h2 class=\"elementor-heading-title elementor-size-default\"><span class=\"ez-toc-section\" id=\"Apdeginame\"><\/span>Br\u00fblage<span class=\"ez-toc-section-end\"><\/span><\/h2>\n<p>DRAGONWOOD utilise des fours qui maintiennent une temp\u00e9rature de 1000 degr\u00e9s Celsius pour la cuisson. La temp\u00e9rature \u00e9lev\u00e9e dissout les diff\u00e9rents composants organiques et ferme les pores \u00e0 la surface du bois, le prot\u00e9geant ainsi des influences environnementales.\u00a0<\/p>\n<p>Avec la technologie Shou sugi ban, la combustion du bois est importante car elle assure la long\u00e9vit\u00e9 du bois en le prot\u00e9geant des effets de l'environnement (rayons ultraviolets, pluie et parasites). Ces processus ne peuvent \u00eatre g\u00e9r\u00e9s que par des professionnels hautement qualifi\u00e9s.<\/p>\n\t\t<\/div>\n\t\t\t\t\t<\/div>\n\n\t\n<\/div>\n<div class=\"row row-large\"  id=\"row-32969477\">\n\n\t<div id=\"col-458460296\" class=\"col medium-6 small-12 large-6\"  >\n\t\t\t\t<div class=\"col-inner\"  >\n\t\t\t\n\t\t\t\n<h6 class=\"uppercase\" style=\"color: #1A4D2E\"><span class=\"ez-toc-section\" id=\"Atvesus\"><\/span>Apr\u00e8s refroidissement<span class=\"ez-toc-section-end\"><\/span><\/h6>\n<h2 class=\"elementor-heading-title elementor-size-default\"><span class=\"ez-toc-section\" id=\"Nusukuojame\"><\/span>Peignage<span class=\"ez-toc-section-end\"><\/span><\/h2>\n<p>Une fois le bois br\u00fbl\u00e9, la couche carbonis\u00e9e est enlev\u00e9e \u00e0 l'aide de grattoirs sp\u00e9ciaux. Ce processus laisse une surface douce qui fait ressortir la structure unique du bois.\u00a0<\/p>\n\t\t<\/div>\n\t\t\t\t\t<\/div>\n\n\t\n\n\t<div id=\"col-1684383989\" class=\"col medium-6 small-12 large-6 small-col-first\"  >\n\t\t\t\t<div class=\"col-inner\"  >\n\t\t\t\n\t\t\t\n\t<div class=\"img has-hover x md-x lg-x y md-y lg-y\" id=\"image_1785959748\">\n\t\t\t\t\t\t\t\t<div class=\"img-inner image-cover dark\" style=\"padding-top:300px;\">\n\t\t\t<img loading=\"lazy\" decoding=\"async\" width=\"501\" height=\"1024\" src=\"https:\/\/dragonwood.eu\/wp-content\/uploads\/2024\/04\/Egles-stendas-501x1024.jpg\" class=\"attachment-large size-large\" alt=\"\" srcset=\"https:\/\/dragonwood.eu\/wp-content\/uploads\/2024\/04\/Egles-stendas-501x1024.jpg 501w, https:\/\/dragonwood.eu\/wp-content\/uploads\/2024\/04\/Egles-stendas-600x1226.jpg 600w, https:\/\/dragonwood.eu\/wp-content\/uploads\/2024\/04\/Egles-stendas-147x300.jpg 147w, https:\/\/dragonwood.eu\/wp-content\/uploads\/2024\/04\/Egles-stendas-768x1570.jpg 768w, https:\/\/dragonwood.eu\/wp-content\/uploads\/2024\/04\/Egles-stendas-751x1536.jpg 751w, https:\/\/dragonwood.eu\/wp-content\/uploads\/2024\/04\/Egles-stendas-6x12.jpg 6w, https:\/\/dragonwood.eu\/wp-content\/uploads\/2024\/04\/Egles-stendas.jpg 840w\" sizes=\"auto, (max-width: 501px) 100vw, 501px\" \/>\t\t\t\t\t\t\n\t\t\t\t\t<\/div>\n\t\t\t\t\t\t\t\t\n<style>\n#image_1785959748 {\n  width: 100%;\n}\n<\/style>\n\t<\/div>\n\t\n\t\t<\/div>\n\t\t\t\t\t<\/div>\n\n\t\n<\/div>\n<div class=\"row row-large\"  id=\"row-882243910\">\n\n\t<div id=\"col-1288440286\" class=\"col medium-6 small-12 large-6\"  >\n\t\t\t\t<div class=\"col-inner\"  >\n\t\t\t\n\t\t\t\n\t<div class=\"img has-hover x md-x lg-x y md-y lg-y\" id=\"image_1638859897\">\n\t\t\t\t\t\t\t\t<div class=\"img-inner image-cover dark\" style=\"padding-top:300px;\">\n\t\t\t<img loading=\"lazy\" decoding=\"async\" width=\"1020\" height=\"680\" src=\"https:\/\/dragonwood.eu\/wp-content\/uploads\/2024\/04\/Deginta-mediena-1024x683.jpg\" class=\"attachment-large size-large\" alt=\"\" srcset=\"https:\/\/dragonwood.eu\/wp-content\/uploads\/2024\/04\/Deginta-mediena-1024x683.jpg 1024w, https:\/\/dragonwood.eu\/wp-content\/uploads\/2024\/04\/Deginta-mediena-600x400.jpg 600w, https:\/\/dragonwood.eu\/wp-content\/uploads\/2024\/04\/Deginta-mediena-300x200.jpg 300w, https:\/\/dragonwood.eu\/wp-content\/uploads\/2024\/04\/Deginta-mediena-768x512.jpg 768w, https:\/\/dragonwood.eu\/wp-content\/uploads\/2024\/04\/Deginta-mediena-1536x1024.jpg 1536w, https:\/\/dragonwood.eu\/wp-content\/uploads\/2024\/04\/Deginta-mediena-2048x1366.jpg 2048w, https:\/\/dragonwood.eu\/wp-content\/uploads\/2024\/04\/Deginta-mediena-18x12.jpg 18w\" sizes=\"auto, (max-width: 1020px) 100vw, 1020px\" \/>\t\t\t\t\t\t\n\t\t\t\t\t<\/div>\n\t\t\t\t\t\t\t\t\n<style>\n#image_1638859897 {\n  width: 100%;\n}\n<\/style>\n\t<\/div>\n\t\n\t\t<\/div>\n\t\t\t\t\t<\/div>\n\n\t\n\n\t<div id=\"col-245131900\" class=\"col medium-6 small-12 large-6\"  >\n\t\t\t\t<div class=\"col-inner\"  >\n\t\t\t\n\t\t\t\n<h6 class=\"uppercase\" style=\"color: #1A4D2E\"><span class=\"ez-toc-section\" id=\"Galiausiai\"><\/span>Enfin<span class=\"ez-toc-section-end\"><\/span><\/h6>\n<h2 class=\"elementor-heading-title elementor-size-default\"><span class=\"ez-toc-section\" id=\"Padengiame\"><\/span>Nous couvrons<span class=\"ez-toc-section-end\"><\/span><\/h2>\n<p>\u0160iame gamybos etape, medien\u0105 padengiame kokybi\u0161ka pasaulyje pripa\u017einta itali\u0161ka alyva, kuri padidina medienos atsparum\u0105 ir suteikia medienai i\u0161skirtinai gra\u017e\u0173 J\u016bs\u0173 pasirinkt\u0105 woca atspalv\u012f.\u00a0<\/p>\n\t\t<\/div>\n\t\t\t\t\t<\/div>\n\n\t\n<\/div>\n\t\t<\/div>\n\n\t\t\n<style>\n#section_471821459 {\n  padding-top: 60px;\n  padding-bottom: 60px;\n  background-color: rgb(255,255,255);\n}\n<\/style>\n\t<\/section>\n\t\n\n\t<section class=\"section\" id=\"section_843941332\">\n\t\t<div class=\"section-bg fill\" >\n\t\t\t\t\t\t\t\t\t\n\t\t\t\n\n\t\t<\/div>\n\n\t\t\n\n\t\t<div class=\"section-content relative\">\n\t\t\t\n<div class=\"row row-collapse align-center\"  id=\"row-6202618\">\n\n\t<div id=\"col-1186126924\" class=\"col medium-10 small-11 large-8\"  >\n\t\t\t\t<div class=\"col-inner text-center\"  >\n\t\t\t\n\t\t\t\n<h2><span class=\"ez-toc-section\" id=\"Sudomino_musu_produkcija\"><\/span>Nos produits vous int\u00e9ressent ?<span class=\"ez-toc-section-end\"><\/span><\/h2>\n<p>Poser des questions dans le formulaire de contact<\/p>\n<a href=\"\/fr\/contact\/\" class=\"button secondary\"  style=\"border-radius:10px;\">\n\t\t<span>Contact<\/span>\n\t<\/a>\n\n\t\t<\/div>\n\t\t\t\t\t<\/div>\n\n\t\n<\/div>\n\t\t<\/div>\n\n\t\t\n<style>\n#section_843941332 {\n  padding-top: 100px;\n  padding-bottom: 100px;\n  background-color: rgb(252, 249, 243);\n}\n@media (min-width:550px) {\n  #section_843941332 {\n    padding-top: 80px;\n    padding-bottom: 80px;\n  }\n}\n<\/style>\n\t<\/section>","protected":false},"excerpt":{"rendered":"","protected":false},"author":1,"featured_media":0,"parent":0,"menu_order":0,"comment_status":"closed","ping_status":"closed","template":"page-blank.php","meta":{"footnotes":""},"class_list":["post-13","page","type-page","status-publish","hentry"],"_links":{"self":[{"href":"https:\/\/dragonwood.eu\/fr\/wp-json\/wp\/v2\/pages\/13","targetHints":{"allow":["GET"]}}],"collection":[{"href":"https:\/\/dragonwood.eu\/fr\/wp-json\/wp\/v2\/pages"}],"about":[{"href":"https:\/\/dragonwood.eu\/fr\/wp-json\/wp\/v2\/types\/page"}],"author":[{"embeddable":true,"href":"https:\/\/dragonwood.eu\/fr\/wp-json\/wp\/v2\/users\/1"}],"replies":[{"embeddable":true,"href":"https:\/\/dragonwood.eu\/fr\/wp-json\/wp\/v2\/comments?post=13"}],"version-history":[{"count":17,"href":"https:\/\/dragonwood.eu\/fr\/wp-json\/wp\/v2\/pages\/13\/revisions"}],"predecessor-version":[{"id":828,"href":"https:\/\/dragonwood.eu\/fr\/wp-json\/wp\/v2\/pages\/13\/revisions\/828"}],"wp:attachment":[{"href":"https:\/\/dragonwood.eu\/fr\/wp-json\/wp\/v2\/media?parent=13"}],"curies":[{"name":"wp","href":"https:\/\/api.w.org\/{rel}","templated":true}]}}