{"id":15,"date":"2024-04-18T17:17:18","date_gmt":"2024-04-18T17:17:18","guid":{"rendered":"https:\/\/dragonwood.eu\/?page_id=15"},"modified":"2025-02-17T17:51:32","modified_gmt":"2025-02-17T14:51:32","slug":"apie-mus","status":"publish","type":"page","link":"https:\/\/dragonwood.eu\/fr\/a-propos-de-nous\/","title":{"rendered":"A propos de nous"},"content":{"rendered":"<section class=\"section dark\" id=\"section_1117493752\">\n\t\t<div class=\"section-bg fill\" >\n\t\t\t<img loading=\"lazy\" decoding=\"async\" width=\"2560\" height=\"1920\" src=\"https:\/\/dragonwood.eu\/wp-content\/uploads\/2024\/04\/IMG_7334_4HEIC-scaled-1.webp\" class=\"bg attachment-original size-original\" alt=\"\" \/>\t\t\t\t\t\t<div class=\"section-bg-overlay absolute fill\"><\/div>\n\t\t\t\n\n\t\t<\/div>\n\n\t\t\n\n\t\t<div class=\"section-content relative\">\n\t\t\t\n<div class=\"row\"  id=\"row-1529548465\">\n\n\t<div id=\"col-125213054\" class=\"col medium-8 small-12 large-6\"  >\n\t\t\t\t<div class=\"col-inner text-left\"  >\n\t\t\t\n\t\t\t\n<h1 class=\"thin-font\"><span class=\"ez-toc-section\" id=\"MES_ESAME_DRAGONWOOD\"><\/span><span style=\"font-size: 120%;\">NOUS SOMMES <strong>DRAGONWOOD<\/strong><\/span><span class=\"ez-toc-section-end\"><\/span><\/h1>\n<p>Nous vous invitons \u00e0 faire connaissance avec notre entreprise.<\/p>\n\t\t<\/div>\n\t\t\t\t\t<\/div>\n\n\t\n<\/div>\n\t\t<\/div>\n\n\t\t\n<style>\n#section_1117493752 {\n  padding-top: 30px;\n  padding-bottom: 30px;\n  min-height: 500px;\n}\n#section_1117493752 .section-bg-overlay {\n  background-color: rgba(0,0,0,.5);\n}\n#section_1117493752 .section-bg img {\n  object-position: 0% 55%;\n}\n<\/style>\n\t<\/section>\n\t\n\n<span class=\"scroll-to\" data-label=\"Scroll to: #introduction\" data-bullet=\"false\" data-link=\"#introduction\" data-title=\"introduction\" ><a name=\"introduction\"><\/a><\/span>\n\n\t<section class=\"section\" id=\"section_1657221901\">\n\t\t<div class=\"section-bg fill\" >\n\t\t\t\t\t\t\t\t\t\n\t\t\t\n\n\t\t<\/div>\n\n\t\t\n\n\t\t<div class=\"section-content relative\">\n\t\t\t\n<div class=\"row\"  id=\"row-1509341624\">\n\n\t<div id=\"col-863845410\" class=\"col small-12 large-12\"  >\n\t\t\t\t<div class=\"col-inner\"  >\n\t\t\t\n\t\t\t\n<div class=\"is-divider divider clearfix\" style=\"max-width:50px;height:2px;background-color:#1a4d2e;\"><\/div>\n<h2><span class=\"ez-toc-section\" id=\"KODEL_MES\"><\/span><span style=\"font-size: 150%;\">POURQUOI NOUS ?<\/span><span class=\"ez-toc-section-end\"><\/span><\/h2>\n\t\t<\/div>\n\t\t\t\t\t<\/div>\n\n\t\n<\/div>\n<div class=\"row align-right\"  id=\"row-49498636\">\n\n\t<div id=\"col-2146481942\" class=\"col medium-8 small-12 large-8\"  >\n\t\t\t\t<div class=\"col-inner\"  >\n\t\t\t\n\t\t\t\n<p>Notre \u00e9quipe acquiert depuis longtemps de l'exp\u00e9rience aupr\u00e8s d'experts dans leur domaine. Et pour\u00a0<strong>am\u00e9liorer\u00a0<\/strong>existant\u00a0<strong>les proc\u00e9d\u00e9s de travail du bois,<\/strong>\u00a0<strong>acc\u00e9l\u00e9rer les flux de travail<\/strong>\u00a0et surtout -\u00a0\u00a0<strong>am\u00e9liorer la qualit\u00e9 des produits<\/strong><b>.<\/b><\/p>\n<p>Klientas\u00a0(tiksliau b\u016btent\u00a0<b>Vous \u00eates<\/b>)<b>\u00a0-<\/b> est la personne \u00e0 laquelle nous accordons toute notre attention\u00a0<strong>de l'ordre <\/strong><strong>pr\u00e9paration avant la livraison \u00e0 domicile<\/strong><span style=\"font-size: 14.4px;\">. <\/span>Vous souhaitez faire connaissance ? Contactez-nous et nos experts vous aideront \u00e0 r\u00e9pondre \u00e0 toutes vos questions sur le chauffage au bois.<\/p>\n\t\t<\/div>\n\t\t\t\t\t<\/div>\n\n\t\n<\/div>\n\t<div id=\"gap-821997\" class=\"gap-element clearfix\" style=\"display:block; height:auto;\">\n\t\t\n<style>\n#gap-821997 {\n  padding-top: 330px;\n}\n@media (min-width:550px) {\n  #gap-821997 {\n    padding-top: 400px;\n  }\n}\n<\/style>\n\t<\/div>\n\t\n\t\t<\/div>\n\n\t\t\n<style>\n#section_1657221901 {\n  padding-top: 30px;\n  padding-bottom: 30px;\n}\n<\/style>\n\t<\/section>\n\t\n\n\t<section class=\"section\" id=\"section_1721599952\">\n\t\t<div class=\"section-bg fill\" >\n\t\t\t\t\t\t\t\t\t\n\t\t\t\n\n\t\t<\/div>\n\n\t\t\n\n\t\t<div class=\"section-content relative\">\n\t\t\t\n<div class=\"row\"  id=\"row-1720911067\">\n\n\t<div id=\"col-1892077709\" class=\"col small-12 large-12\"  >\n\t\t\t\t<div class=\"col-inner\"  >\n\t\t\t\n\t\t\t\n<div class=\"row\"  id=\"row-1917400912\">\n\n\t<div id=\"col-1133936004\" class=\"col medium-6 small-12 large-6\"  >\n\t\t\t\t<div class=\"col-inner\"  >\n\t\t\t\n\t\t\t\n\n  <div class=\"banner has-hover\" id=\"banner-940316348\">\n          <div class=\"banner-inner fill\">\n        <div class=\"banner-bg fill\" >\n            <img loading=\"lazy\" decoding=\"async\" width=\"1020\" height=\"765\" src=\"https:\/\/dragonwood.eu\/wp-content\/uploads\/2024\/04\/IMG_7616-scaled-1-1024x768.webp\" class=\"bg attachment-large size-large\" alt=\"\" \/>                                    \n                    <\/div>\n\t\t\n        <div class=\"banner-layers container\">\n            <div class=\"fill banner-link\"><\/div>            \n   <div id=\"text-box-603912666\" class=\"text-box banner-layer x50 md-x50 lg-x50 y50 md-y50 lg-y50 res-text\">\n                                <div class=\"text-box-content text dark\">\n              \n              <div class=\"text-inner text-center\">\n                  \n              <\/div>\n           <\/div>\n                            \n<style>\n#text-box-603912666 {\n  width: 60%;\n}\n#text-box-603912666 .text-box-content {\n  font-size: 100%;\n}\n@media (min-width:550px) {\n  #text-box-603912666 {\n    width: 60%;\n  }\n}\n<\/style>\n    <\/div>\n \n        <\/div>\n      <\/div>\n\n            \n<style>\n#banner-940316348 {\n  padding-top: 360px;\n  background-color: rgb(250, 250, 250);\n}\n<\/style>\n  <\/div>\n\n\n\t\t<\/div>\n\t\t\t\t\t<\/div>\n\n\t\n\n\t<div id=\"col-434370958\" class=\"col medium-6 small-12 large-6\"  >\n\t\t\t\t<div class=\"col-inner\"  >\n\t\t\t\n\t\t\t\n\n  <div class=\"banner has-hover\" id=\"banner-1541170578\">\n          <div class=\"banner-inner fill\">\n        <div class=\"banner-bg fill\" >\n            <img loading=\"lazy\" decoding=\"async\" width=\"1020\" height=\"595\" src=\"https:\/\/dragonwood.eu\/wp-content\/uploads\/2024\/04\/Fasadas12-e1713785539174-1024x597.jpg\" class=\"bg attachment-large size-large\" alt=\"\" \/>                                    \n                    <\/div>\n\t\t\n        <div class=\"banner-layers container\">\n            <div class=\"fill banner-link\"><\/div>            \n   <div id=\"text-box-2066891587\" class=\"text-box banner-layer x50 md-x50 lg-x50 y50 md-y50 lg-y50 res-text\">\n                                <div class=\"text-box-content text dark\">\n              \n              <div class=\"text-inner text-center\">\n                  \n              <\/div>\n           <\/div>\n                            \n<style>\n#text-box-2066891587 {\n  width: 60%;\n}\n#text-box-2066891587 .text-box-content {\n  font-size: 100%;\n}\n@media (min-width:550px) {\n  #text-box-2066891587 {\n    width: 60%;\n  }\n}\n<\/style>\n    <\/div>\n \n        <\/div>\n      <\/div>\n\n            \n<style>\n#banner-1541170578 {\n  padding-top: 500px;\n  background-color: rgb(250, 250, 250);\n}\n#banner-1541170578 .banner-bg img {\n  object-position: 0% 96%;\n}\n<\/style>\n  <\/div>\n\n\n\t\t<\/div>\n\t\t\t\t\t<\/div>\n\n\t\n<\/div>\n\t\t<\/div>\n\t\t\t\t\n<style>\n#col-1892077709 > .col-inner {\n  margin: -390px 0px 0px 0px;\n}\n<\/style>\n\t<\/div>\n\n\t\n<\/div>\n\t\t<\/div>\n\n\t\t\n<style>\n#section_1721599952 {\n  padding-top: 30px;\n  padding-bottom: 30px;\n  background-color: #fb8f40;\n}\n<\/style>\n\t<\/section>\n\t\n<span class=\"scroll-to\" data-label=\"Scroll to: #experiences\" data-bullet=\"false\" data-link=\"#experiences\" data-title=\"experiences\" ><a name=\"experiences\"><\/a><\/span>\n\n\t<section class=\"section dark\" id=\"section_170118761\">\n\t\t<div class=\"section-bg fill\" >\n\t\t\t\t\t\t\t\t\t\n\t\t\t\n\n\t\t<\/div>\n\n\t\t\n\n\t\t<div class=\"section-content relative\">\n\t\t\t\n<div class=\"row row-large\"  id=\"row-1493052687\">\n\n\t<div id=\"col-1110701735\" class=\"col small-12 large-12\"  >\n\t\t\t\t<div class=\"col-inner\"  >\n\t\t\t\n\t\t\t\n<div class=\"container section-title-container\" style=\"margin-top:5px;margin-bottom:5px;\"><h3 class=\"section-title section-title-normal\"><span class=\"ez-toc-section\" id=\"01\"><\/span><b><\/b><span class=\"section-title-main\" style=\"font-size:80%;color:rgb(245, 239, 230);\">01<\/span><b><\/b><span class=\"ez-toc-section-end\"><\/span><\/h3><\/div>\n\t\t<\/div>\n\t\t\t\t\n<style>\n#col-1110701735 > .col-inner {\n  margin: 0px 0px -20px 0px;\n}\n<\/style>\n\t<\/div>\n\n\t\n\n\t<div id=\"col-269508610\" class=\"col medium-12 small-12 large-6\"  >\n\t\t\t\t<div class=\"col-inner\"  >\n\t\t\t\n\t\t\t\n<h3><span class=\"ez-toc-section\" id=\"Patenkinti_klientai\"><\/span><span style=\"font-size: 180%;\">Patenkinti klientai<\/span><span class=\"ez-toc-section-end\"><\/span><\/h3>\n\t\t<\/div>\n\t\t\t\t\t<\/div>\n\n\t\n\n\t<div id=\"col-548480112\" class=\"col medium-12 small-12 large-6\"  >\n\t\t\t\t<div class=\"col-inner\"  >\n\t\t\t\n\t\t\t\n\t<div id=\"text-2764489599\" class=\"text\">\n\t\t\n<p>Notre principal objectif est de r\u00e9pondre aux besoins de nos clients en appliquant les normes les plus strictes en mati\u00e8re de communication et de qualit\u00e9 des produits.<br \/>\n\t\t\n<style>\n#text-2764489599 {\n  color: rgb(255, 255, 255);\n}\n#text-2764489599 > * {\n  color: rgb(255, 255, 255);\n}\n<\/style>\n\t<\/div>\n\t\n\t\t<\/div>\n\t\t\t\t\t<\/div>\n\n\t\n<\/div>\n<div class=\"row row-large\"  id=\"row-1542640208\">\n\n\t<div id=\"col-1960374790\" class=\"col small-12 large-12\"  >\n\t\t\t\t<div class=\"col-inner\"  >\n\t\t\t\n\t\t\t\n<div class=\"container section-title-container\" style=\"margin-top:5px;margin-bottom:5px;\"><h3 class=\"section-title section-title-normal\"><span class=\"ez-toc-section\" id=\"02\"><\/span><b><\/b><span class=\"section-title-main\" style=\"font-size:80%;color:rgb(245, 239, 230);\">02<\/span><b><\/b><span class=\"ez-toc-section-end\"><\/span><\/h3><\/div>\n\t\t<\/div>\n\t\t\t\t\n<style>\n#col-1960374790 > .col-inner {\n  padding: 60px 0px 0px 0px;\n  margin: 0px 0px -20px 0px;\n}\n<\/style>\n\t<\/div>\n\n\t\n\n\t<div id=\"col-1859130619\" class=\"col medium-12 small-12 large-6\"  >\n\t\t\t\t<div class=\"col-inner\"  >\n\t\t\t\n\t\t\t\n<h3><span class=\"ez-toc-section\" id=\"Lojalumas\"><\/span><span style=\"font-size: 180%;\">Loyaut\u00e9<\/span><span class=\"ez-toc-section-end\"><\/span><\/h3>\n\t\t<\/div>\n\t\t\t\t\t<\/div>\n\n\t\n\n\t<div id=\"col-308469086\" class=\"col medium-12 small-12 large-6\"  >\n\t\t\t\t<div class=\"col-inner\"  >\n\t\t\t\n\t\t\t\n\t<div id=\"text-317684241\" class=\"text\">\n\t\t\n<p>La loyaut\u00e9 envers nos clients et l'attention port\u00e9e aux moindres d\u00e9tails nous aident \u00e0 nous d\u00e9velopper et \u00e0 nous am\u00e9liorer.<br \/>\n\t\t\n<style>\n#text-317684241 {\n  color: rgb(255, 255, 255);\n}\n#text-317684241 > * {\n  color: rgb(255, 255, 255);\n}\n<\/style>\n\t<\/div>\n\t\n\t\t<\/div>\n\t\t\t\t\t<\/div>\n\n\t\n<\/div>\n<div class=\"row row-large\"  id=\"row-1545566864\">\n\n\t<div id=\"col-652070247\" class=\"col small-12 large-12\"  >\n\t\t\t\t<div class=\"col-inner\"  >\n\t\t\t\n\t\t\t\n<div class=\"container section-title-container\" style=\"margin-top:5px;margin-bottom:5px;\"><h3 class=\"section-title section-title-normal\"><span class=\"ez-toc-section\" id=\"03\"><\/span><b><\/b><span class=\"section-title-main\" style=\"font-size:80%;color:rgb(245, 239, 230);\">03<\/span><b><\/b><span class=\"ez-toc-section-end\"><\/span><\/h3><\/div>\n\t\t<\/div>\n\t\t\t\t\n<style>\n#col-652070247 > .col-inner {\n  padding: 60px 0px 0px 0px;\n  margin: 0px 0px -20px 0px;\n}\n<\/style>\n\t<\/div>\n\n\t\n\n\t<div id=\"col-1904762237\" class=\"col medium-12 small-12 large-6\"  >\n\t\t\t\t<div class=\"col-inner\"  >\n\t\t\t\n\t\t\t\n<h3><span class=\"ez-toc-section\" id=\"Nuolatinis_tobulejimas\"><\/span><span style=\"font-size: 180%;\">Am\u00e9lioration continue<br \/>\n<\/span><span class=\"ez-toc-section-end\"><\/span><\/h3>\n\t\t<\/div>\n\t\t\t\t\t<\/div>\n\n\t\n\n\t<div id=\"col-636744859\" class=\"col medium-12 small-12 large-6\"  >\n\t\t\t\t<div class=\"col-inner\"  >\n\t\t\t\n\t\t\t\n\t<div id=\"text-3750632303\" class=\"text\">\n\t\t\n<p>L'am\u00e9lioration continue des performances professionnelles, l'\u00e9limination des goulets d'\u00e9tranglement et l'am\u00e9lioration des syst\u00e8mes nous permettent d'atteindre plus facilement nos objectifs d'entreprise, c'est pourquoi nous nous effor\u00e7ons d'optimiser tous les processus op\u00e9rationnels au sein de la soci\u00e9t\u00e9.<br \/>\n\t\t\n<style>\n#text-3750632303 {\n  color: rgb(255, 255, 255);\n}\n#text-3750632303 > * {\n  color: rgb(255, 255, 255);\n}\n<\/style>\n\t<\/div>\n\t\n\t\t<\/div>\n\t\t\t\t\t<\/div>\n\n\t\n<\/div>\n\t<div id=\"gap-1515088652\" class=\"gap-element clearfix\" style=\"display:block; height:auto;\">\n\t\t\n<style>\n#gap-1515088652 {\n  padding-top: 80px;\n}\n<\/style>\n\t<\/div>\n\t\n\t\t<\/div>\n\n\t\t\n<style>\n#section_170118761 {\n  padding-top: 80px;\n  padding-bottom: 80px;\n  background-color: #fc8f41;\n}\n<\/style>\n\t<\/section>\n\t\n<span class=\"scroll-to\" data-label=\"Scroll to: #services\" data-bullet=\"false\" data-link=\"#services\" data-title=\"services\" ><a name=\"services\"><\/a><\/span>\n\n\t<section class=\"section\" id=\"section_747338818\">\n\t\t<div class=\"section-bg fill\" >\n\t\t\t\t\t\t\t\t\t\n\t\t\t\n\n\t\t<\/div>\n\n\t\t\n\n\t\t<div class=\"section-content relative\">\n\t\t\t\n<div class=\"row row-collapse row-full-width\"  id=\"row-1794324495\">\n\n\t<div id=\"col-1529674124\" class=\"col medium-6 small-12 large-6\"  >\n\t\t\t\t<div class=\"col-inner\" style=\"background-color:rgb(245, 239, 230);\" >\n\t\t\t\n\t\t\t\n\t<div id=\"gap-1143805800\" class=\"gap-element clearfix\" style=\"display:block; height:auto;\">\n\t\t\n<style>\n#gap-1143805800 {\n  padding-top: 400px;\n}\n<\/style>\n\t<\/div>\n\t\n\t\t<\/div>\n\t\t\t\t\t<\/div>\n\n\t\n\n\t<div id=\"col-1023467053\" class=\"col medium-6 small-12 large-6\"  >\n\t\t\t\t<div class=\"col-inner\"  >\n\t\t\t\n\t\t\t\n\t\t<\/div>\n\t\t\t\t\t<\/div>\n\n\t\n<\/div>\n<div class=\"row\"  id=\"row-1794820891\">\n\n\t<div id=\"col-311314051\" class=\"col small-12 large-12\"  >\n\t\t\t\t<div class=\"col-inner\"  >\n\t\t\t\n\t\t\t\n<div class=\"row\"  id=\"row-791286307\">\n\n\t<div id=\"col-676611531\" class=\"col small-12 large-12\"  >\n\t\t\t\t<div class=\"col-inner\"  >\n\t\t\t\n\t\t\t\n<div class=\"is-divider divider clearfix\" style=\"max-width:50px;height:2px;background-color:rgb(79, 111, 82);\"><\/div>\n<h4><span class=\"ez-toc-section\" id=\"Musu_sprendimai\"><\/span><span style=\"font-size: 150%;\">Nos solutions<\/span><span class=\"ez-toc-section-end\"><\/span><\/h4>\n\t\t<\/div>\n\t\t\t\t\t<\/div>\n\n\t\n<\/div>\n<div class=\"row\"  id=\"row-1687214233\">\n\n\t<div id=\"col-1675988159\" class=\"col medium-3 small-12 large-3\"  >\n\t\t\t\t<div class=\"col-inner\"  >\n\t\t\t\n\t\t\t\n\t<div class=\"box has-hover   has-hover box-shade dark box-text-bottom\" >\n\n\t\t<div class=\"box-image\" >\n\t\t\t<a href=\"\/fr\/facade\/\" >\t\t\t<div class=\"image-cover\" style=\"padding-top:400px;\">\n\t\t\t\t<img loading=\"lazy\" decoding=\"async\" width=\"564\" height=\"752\" src=\"https:\/\/dragonwood.eu\/wp-content\/uploads\/2024\/04\/Fasadas.jpg\" class=\"attachment- size-\" alt=\"\" srcset=\"https:\/\/dragonwood.eu\/wp-content\/uploads\/2024\/04\/Fasadas.jpg 564w, https:\/\/dragonwood.eu\/wp-content\/uploads\/2024\/04\/Fasadas-225x300.jpg 225w, https:\/\/dragonwood.eu\/wp-content\/uploads\/2024\/04\/Fasadas-9x12.jpg 9w\" sizes=\"auto, (max-width: 564px) 100vw, 564px\" \/>\t\t\t\t<div class=\"overlay\" style=\"background-color:rgba(16, 16, 16, 0.145)\"><\/div>\t\t\t\t<div class=\"shade\"><\/div>\t\t\t<\/div>\n\t\t\t<\/a>\t\t<\/div>\n\n\t\t<div class=\"box-text text-center\" style=\"padding:10px 10px 40px 10px;\">\n\t\t\t<div class=\"box-text-inner\">\n\t\t\t\t\n<div class=\"row row-collapse\"  id=\"row-1584224990\">\n\n\t<div id=\"col-1293397471\" class=\"col medium-6 small-6 large-6\"  >\n\t\t\t\t<div class=\"col-inner\"  >\n\t\t\t\n\t\t\t\n\t<div id=\"gap-1775582281\" class=\"gap-element clearfix\" style=\"display:block; height:auto;\">\n\t\t\n<style>\n#gap-1775582281 {\n  padding-top: 50px;\n}\n<\/style>\n\t<\/div>\n\t\n\t\t<\/div>\n\t\t\t\t\t<\/div>\n\n\t\n\n\t<div id=\"col-590613115\" class=\"col medium-6 small-6 large-6\"  >\n\t\t\t\t<div class=\"col-inner\"  >\n\t\t\t\n\t<div class=\"is-border\"\n\t\tstyle=\"border-color:rgb(255, 255, 255);border-width:0px 0px 0px 2px;\">\n\t<\/div>\n\t\t\t\n\t<div id=\"gap-2117019054\" class=\"gap-element clearfix\" style=\"display:block; height:auto;\">\n\t\t\n<style>\n#gap-2117019054 {\n  padding-top: 50px;\n}\n<\/style>\n\t<\/div>\n\t\n\t\t<\/div>\n\t\t\t\t\t<\/div>\n\n\t\n<\/div>\n\t<div id=\"gap-1385331102\" class=\"gap-element clearfix\" style=\"display:block; height:auto;\">\n\t\t\n<style>\n#gap-1385331102 {\n  padding-top: 30px;\n}\n<\/style>\n\t<\/div>\n\t\n<h3><span class=\"ez-toc-section\" id=\"Fasadui\"><\/span>Pour Fasadui<span class=\"ez-toc-section-end\"><\/span><\/h3>\n\t\t\t<\/div>\n\t\t<\/div>\n\t<\/div>\n\t\n\t\t<\/div>\n\t\t\t\t\t<\/div>\n\n\t\n\n\t<div id=\"col-108833221\" class=\"col medium-3 small-12 large-3\"  >\n\t\t\t\t<div class=\"col-inner\"  >\n\t\t\t\n\t\t\t\n\t<div class=\"box has-hover   has-hover box-shade dark box-text-bottom\" >\n\n\t\t<div class=\"box-image\" >\n\t\t\t<a href=\"\/fr\/interieure\/\" >\t\t\t<div class=\"image-cover\" style=\"padding-top:400px;\">\n\t\t\t\t<img loading=\"lazy\" decoding=\"async\" width=\"1080\" height=\"1613\" src=\"https:\/\/dragonwood.eu\/wp-content\/uploads\/2024\/04\/interjerui.jpg\" class=\"attachment- size-\" alt=\"\" srcset=\"https:\/\/dragonwood.eu\/wp-content\/uploads\/2024\/04\/interjerui.jpg 1080w, https:\/\/dragonwood.eu\/wp-content\/uploads\/2024\/04\/interjerui-600x896.jpg 600w, https:\/\/dragonwood.eu\/wp-content\/uploads\/2024\/04\/interjerui-201x300.jpg 201w, https:\/\/dragonwood.eu\/wp-content\/uploads\/2024\/04\/interjerui-686x1024.jpg 686w, https:\/\/dragonwood.eu\/wp-content\/uploads\/2024\/04\/interjerui-768x1147.jpg 768w, https:\/\/dragonwood.eu\/wp-content\/uploads\/2024\/04\/interjerui-1028x1536.jpg 1028w, https:\/\/dragonwood.eu\/wp-content\/uploads\/2024\/04\/interjerui-8x12.jpg 8w\" sizes=\"auto, (max-width: 1080px) 100vw, 1080px\" \/>\t\t\t\t<div class=\"overlay\" style=\"background-color:rgba(16, 16, 16, 0.378)\"><\/div>\t\t\t\t<div class=\"shade\"><\/div>\t\t\t<\/div>\n\t\t\t<\/a>\t\t<\/div>\n\n\t\t<div class=\"box-text text-center\" style=\"padding:10px 10px 40px 10px;\">\n\t\t\t<div class=\"box-text-inner\">\n\t\t\t\t\n<div class=\"row row-collapse\"  id=\"row-166947918\">\n\n\t<div id=\"col-1958828919\" class=\"col medium-6 small-6 large-6\"  >\n\t\t\t\t<div class=\"col-inner\"  >\n\t\t\t\n\t\t\t\n\t<div id=\"gap-1465772438\" class=\"gap-element clearfix\" style=\"display:block; height:auto;\">\n\t\t\n<style>\n#gap-1465772438 {\n  padding-top: 50px;\n}\n<\/style>\n\t<\/div>\n\t\n\t\t<\/div>\n\t\t\t\t\t<\/div>\n\n\t\n\n\t<div id=\"col-1617633293\" class=\"col medium-6 small-6 large-6\"  >\n\t\t\t\t<div class=\"col-inner\"  >\n\t\t\t\n\t<div class=\"is-border\"\n\t\tstyle=\"border-color:rgb(255, 255, 255);border-width:0px 0px 0px 2px;\">\n\t<\/div>\n\t\t\t\n\t<div id=\"gap-2131360291\" class=\"gap-element clearfix\" style=\"display:block; height:auto;\">\n\t\t\n<style>\n#gap-2131360291 {\n  padding-top: 50px;\n}\n<\/style>\n\t<\/div>\n\t\n\t\t<\/div>\n\t\t\t\t\t<\/div>\n\n\t\n<\/div>\n\t<div id=\"gap-69639004\" class=\"gap-element clearfix\" style=\"display:block; height:auto;\">\n\t\t\n<style>\n#gap-69639004 {\n  padding-top: 30px;\n}\n<\/style>\n\t<\/div>\n\t\n<h3><span class=\"ez-toc-section\" id=\"Interjerui\"><\/span>Pour les int\u00e9rieurs<span class=\"ez-toc-section-end\"><\/span><\/h3>\n\t\t\t<\/div>\n\t\t<\/div>\n\t<\/div>\n\t\n\t\t<\/div>\n\t\t\t\t\t<\/div>\n\n\t\n\n\t<div id=\"col-621185377\" class=\"col medium-3 small-12 large-3\"  >\n\t\t\t\t<div class=\"col-inner\"  >\n\t\t\t\n\t\t\t\n\t<div class=\"box has-hover   has-hover box-shade dark box-text-bottom\" >\n\n\t\t<div class=\"box-image\" >\n\t\t\t<a href=\"\/fr\/terrasse\/\" >\t\t\t<div class=\"image-cover\" style=\"padding-top:400px;\">\n\t\t\t\t<img loading=\"lazy\" decoding=\"async\" width=\"1920\" height=\"2560\" src=\"https:\/\/dragonwood.eu\/wp-content\/uploads\/2024\/04\/IMG_7290-scaled-1.webp\" class=\"attachment- size-\" alt=\"\" srcset=\"https:\/\/dragonwood.eu\/wp-content\/uploads\/2024\/04\/IMG_7290-scaled-1.webp 1920w, https:\/\/dragonwood.eu\/wp-content\/uploads\/2024\/04\/IMG_7290-scaled-1-600x800.webp 600w, https:\/\/dragonwood.eu\/wp-content\/uploads\/2024\/04\/IMG_7290-scaled-1-225x300.webp 225w, https:\/\/dragonwood.eu\/wp-content\/uploads\/2024\/04\/IMG_7290-scaled-1-768x1024.webp 768w, https:\/\/dragonwood.eu\/wp-content\/uploads\/2024\/04\/IMG_7290-scaled-1-1152x1536.webp 1152w, https:\/\/dragonwood.eu\/wp-content\/uploads\/2024\/04\/IMG_7290-scaled-1-1536x2048.webp 1536w, https:\/\/dragonwood.eu\/wp-content\/uploads\/2024\/04\/IMG_7290-scaled-1-9x12.webp 9w\" sizes=\"auto, (max-width: 1920px) 100vw, 1920px\" \/>\t\t\t\t<div class=\"overlay\" style=\"background-color:rgba(16, 16, 16, 0.233)\"><\/div>\t\t\t\t<div class=\"shade\"><\/div>\t\t\t<\/div>\n\t\t\t<\/a>\t\t<\/div>\n\n\t\t<div class=\"box-text text-center\" style=\"padding:10px 10px 40px 10px;\">\n\t\t\t<div class=\"box-text-inner\">\n\t\t\t\t\n<div class=\"row row-collapse\"  id=\"row-959949960\">\n\n\t<div id=\"col-306955887\" class=\"col medium-6 small-6 large-6\"  >\n\t\t\t\t<div class=\"col-inner\"  >\n\t\t\t\n\t\t\t\n\t<div id=\"gap-1019135799\" class=\"gap-element clearfix\" style=\"display:block; height:auto;\">\n\t\t\n<style>\n#gap-1019135799 {\n  padding-top: 50px;\n}\n<\/style>\n\t<\/div>\n\t\n\t\t<\/div>\n\t\t\t\t\t<\/div>\n\n\t\n\n\t<div id=\"col-775464278\" class=\"col medium-6 small-6 large-6\"  >\n\t\t\t\t<div class=\"col-inner\"  >\n\t\t\t\n\t<div class=\"is-border\"\n\t\tstyle=\"border-color:rgb(255, 255, 255);border-width:0px 0px 0px 2px;\">\n\t<\/div>\n\t\t\t\n\t<div id=\"gap-839345195\" class=\"gap-element clearfix\" style=\"display:block; height:auto;\">\n\t\t\n<style>\n#gap-839345195 {\n  padding-top: 50px;\n}\n<\/style>\n\t<\/div>\n\t\n\t\t<\/div>\n\t\t\t\t\t<\/div>\n\n\t\n<\/div>\n\t<div id=\"gap-149801208\" class=\"gap-element clearfix\" style=\"display:block; height:auto;\">\n\t\t\n<style>\n#gap-149801208 {\n  padding-top: 30px;\n}\n<\/style>\n\t<\/div>\n\t\n<h3><span class=\"ez-toc-section\" id=\"Terasai\"><\/span>Terrasses<span class=\"ez-toc-section-end\"><\/span><\/h3>\n\t\t\t<\/div>\n\t\t<\/div>\n\t<\/div>\n\t\n\t\t<\/div>\n\t\t\t\t\t<\/div>\n\n\t\n\n\t<div id=\"col-544906126\" class=\"col medium-3 small-12 large-3\"  >\n\t\t\t\t<div class=\"col-inner\"  >\n\t\t\t\n\t\t\t\n\t<div class=\"box has-hover   has-hover box-shade dark box-text-bottom\" >\n\n\t\t<div class=\"box-image\" >\n\t\t\t<a href=\"\/fr\/cloture\/\" >\t\t\t<div class=\"image-cover\" style=\"padding-top:400px;\">\n\t\t\t\t<img loading=\"lazy\" decoding=\"async\" width=\"1280\" height=\"960\" src=\"https:\/\/dragonwood.eu\/wp-content\/uploads\/2024\/04\/Tvora.jpg\" class=\"attachment- size-\" alt=\"\" srcset=\"https:\/\/dragonwood.eu\/wp-content\/uploads\/2024\/04\/Tvora.jpg 1280w, https:\/\/dragonwood.eu\/wp-content\/uploads\/2024\/04\/Tvora-600x450.jpg 600w, https:\/\/dragonwood.eu\/wp-content\/uploads\/2024\/04\/Tvora-300x225.jpg 300w, https:\/\/dragonwood.eu\/wp-content\/uploads\/2024\/04\/Tvora-1024x768.jpg 1024w, https:\/\/dragonwood.eu\/wp-content\/uploads\/2024\/04\/Tvora-768x576.jpg 768w, https:\/\/dragonwood.eu\/wp-content\/uploads\/2024\/04\/Tvora-16x12.jpg 16w\" sizes=\"auto, (max-width: 1280px) 100vw, 1280px\" \/>\t\t\t\t<div class=\"overlay\" style=\"background-color:rgba(16, 16, 16, 0.233)\"><\/div>\t\t\t\t<div class=\"shade\"><\/div>\t\t\t<\/div>\n\t\t\t<\/a>\t\t<\/div>\n\n\t\t<div class=\"box-text text-center\" style=\"padding:10px 10px 40px 10px;\">\n\t\t\t<div class=\"box-text-inner\">\n\t\t\t\t\n<div class=\"row row-collapse\"  id=\"row-1444183508\">\n\n\t<div id=\"col-47524500\" class=\"col medium-6 small-6 large-6\"  >\n\t\t\t\t<div class=\"col-inner\"  >\n\t\t\t\n\t\t\t\n\t<div id=\"gap-217239348\" class=\"gap-element clearfix\" style=\"display:block; height:auto;\">\n\t\t\n<style>\n#gap-217239348 {\n  padding-top: 50px;\n}\n<\/style>\n\t<\/div>\n\t\n\t\t<\/div>\n\t\t\t\t\t<\/div>\n\n\t\n\n\t<div id=\"col-1805126958\" class=\"col medium-6 small-6 large-6\"  >\n\t\t\t\t<div class=\"col-inner\"  >\n\t\t\t\n\t<div class=\"is-border\"\n\t\tstyle=\"border-color:rgb(255, 255, 255);border-width:0px 0px 0px 2px;\">\n\t<\/div>\n\t\t\t\n\t<div id=\"gap-1881226662\" class=\"gap-element clearfix\" style=\"display:block; height:auto;\">\n\t\t\n<style>\n#gap-1881226662 {\n  padding-top: 50px;\n}\n<\/style>\n\t<\/div>\n\t\n\t\t<\/div>\n\t\t\t\t\t<\/div>\n\n\t\n<\/div>\n\t<div id=\"gap-838635119\" class=\"gap-element clearfix\" style=\"display:block; height:auto;\">\n\t\t\n<style>\n#gap-838635119 {\n  padding-top: 30px;\n}\n<\/style>\n\t<\/div>\n\t\n<h3><span class=\"ez-toc-section\" id=\"Tvorai\"><\/span>Cl\u00f4tures<span class=\"ez-toc-section-end\"><\/span><\/h3>\n\t\t\t<\/div>\n\t\t<\/div>\n\t<\/div>\n\t\n\t\t<\/div>\n\t\t\t\t\t<\/div>\n\n\t\n<\/div>\n\t\t<\/div>\n\t\t\t\t\n<style>\n#col-311314051 > .col-inner {\n  margin: -250px 0px 0px 0px;\n}\n<\/style>\n\t<\/div>\n\n\t\n<\/div>\n\t<div id=\"gap-1344568774\" class=\"gap-element clearfix\" style=\"display:block; height:auto;\">\n\t\t\n<style>\n#gap-1344568774 {\n  padding-top: 100px;\n}\n<\/style>\n\t<\/div>\n\t\n\t\t<\/div>\n\n\t\t\n<style>\n#section_747338818 {\n  padding-top: 0px;\n  padding-bottom: 0px;\n}\n<\/style>\n\t<\/section>","protected":false},"excerpt":{"rendered":"","protected":false},"author":1,"featured_media":0,"parent":0,"menu_order":0,"comment_status":"closed","ping_status":"closed","template":"page-blank.php","meta":{"footnotes":""},"class_list":["post-15","page","type-page","status-publish","hentry"],"_links":{"self":[{"href":"https:\/\/dragonwood.eu\/fr\/wp-json\/wp\/v2\/pages\/15","targetHints":{"allow":["GET"]}}],"collection":[{"href":"https:\/\/dragonwood.eu\/fr\/wp-json\/wp\/v2\/pages"}],"about":[{"href":"https:\/\/dragonwood.eu\/fr\/wp-json\/wp\/v2\/types\/page"}],"author":[{"embeddable":true,"href":"https:\/\/dragonwood.eu\/fr\/wp-json\/wp\/v2\/users\/1"}],"replies":[{"embeddable":true,"href":"https:\/\/dragonwood.eu\/fr\/wp-json\/wp\/v2\/comments?post=15"}],"version-history":[{"count":29,"href":"https:\/\/dragonwood.eu\/fr\/wp-json\/wp\/v2\/pages\/15\/revisions"}],"predecessor-version":[{"id":772,"href":"https:\/\/dragonwood.eu\/fr\/wp-json\/wp\/v2\/pages\/15\/revisions\/772"}],"wp:attachment":[{"href":"https:\/\/dragonwood.eu\/fr\/wp-json\/wp\/v2\/media?parent=15"}],"curies":[{"name":"wp","href":"https:\/\/api.w.org\/{rel}","templated":true}]}}