{"id":462,"date":"2024-05-21T11:05:00","date_gmt":"2024-05-21T11:05:00","guid":{"rendered":"https:\/\/dragonwood.eu\/?post_type=product&#038;p=462"},"modified":"2024-06-13T15:03:00","modified_gmt":"2024-06-13T12:03:00","slug":"sraigtai-fasadui","status":"publish","type":"product","link":"https:\/\/dragonwood.eu\/fr\/produits\/vis\/vis-pour-facade-2\/","title":{"rendered":"Traverses pour la fa\u00e7ade"},"content":{"rendered":"<p>Les fixations de haute qualit\u00e9 sont utilis\u00e9es pour fixer les terrasses, les fa\u00e7ades et d'autres structures en bois. Gr\u00e2ce \u00e0 leur r\u00e9sistance \u00e0 la rouille, ces fixations conviennent aussi bien aux applications int\u00e9rieures qu'ext\u00e9rieures. Elles sont recommand\u00e9es pour la fixation de structures en bois br\u00fbl\u00e9.<\/p>\n<p>Les vis conviennent \u00e0 une large gamme de bois, ind\u00e9pendamment de leur duret\u00e9 et de leurs autres propri\u00e9t\u00e9s physiques. Le bois br\u00fbl\u00e9, esth\u00e9tiquement attrayant et distinctif, n\u00e9cessite des m\u00e9canismes de fixation plus minutieux - la conception filet\u00e9e de la vis assure une connexion structurelle stable, ce qui rend le travail sans effort et ne n\u00e9cessite pas de soins suppl\u00e9mentaires. Les deux couleurs de la t\u00eate de l'arbre, noire et classique, sont disponibles, ce qui permet d'assortir la couleur du bois existant et de pr\u00e9server l'aspect esth\u00e9tique de la construction de bardage.<\/p>\n<h2>Ces vis peuvent \u00eatre utilis\u00e9es avec nos bardages<\/h2>\n\t\n  \n    <div class=\"row large-columns-4 medium-columns-3 small-columns-1 row-small slider row-slider slider-nav-reveal\"  data-flickity-options='{&quot;imagesLoaded&quot;: true, &quot;groupCells&quot;: &quot;100%&quot;, &quot;dragThreshold&quot; : 5, &quot;cellAlign&quot;: &quot;left&quot;,&quot;wrapAround&quot;: true,&quot;prevNextButtons&quot;: true,&quot;percentPosition&quot;: true,&quot;pageDots&quot;: false, &quot;rightToLeft&quot;: false, &quot;autoPlay&quot; : false}' >\n\n  \n\t     <div class=\"col\" >\n\t\t\t\t\t\t<div class=\"col-inner\">\n\t\t\t\t\t\t\n<div class=\"badge-container absolute left top z-1\">\n\n<\/div>\n\t\t\t\t\t\t<div class=\"product-small box has-hover box-overlay dark box-text-bottom\">\n\t\t\t\t\t\t\t<div class=\"box-image\" >\n\t\t\t\t\t\t\t\t<div class=\"\" >\n\t\t\t\t\t\t\t\t\t<a href=\"https:\/\/dragonwood.eu\/fr\/produits\/revetement\/dragonwood-anthracite\/\" aria-label=\"Dragonwood Anthracite Egl\u0117\">\n\t\t\t\t\t\t\t\t\t\t<img loading=\"lazy\" decoding=\"async\" width=\"300\" height=\"300\" src=\"https:\/\/dragonwood.eu\/wp-content\/uploads\/2024\/04\/Egle_Anthracite-300x300.jpg\" class=\"attachment-woocommerce_thumbnail size-woocommerce_thumbnail\" alt=\"Dragonwood Anthracite Egl\u0117\" srcset=\"https:\/\/dragonwood.eu\/wp-content\/uploads\/2024\/04\/Egle_Anthracite-300x300.jpg 300w, https:\/\/dragonwood.eu\/wp-content\/uploads\/2024\/04\/Egle_Anthracite-1024x1024.jpg 1024w, https:\/\/dragonwood.eu\/wp-content\/uploads\/2024\/04\/Egle_Anthracite-150x150.jpg 150w, https:\/\/dragonwood.eu\/wp-content\/uploads\/2024\/04\/Egle_Anthracite-768x768.jpg 768w, https:\/\/dragonwood.eu\/wp-content\/uploads\/2024\/04\/Egle_Anthracite-1536x1536.jpg 1536w, https:\/\/dragonwood.eu\/wp-content\/uploads\/2024\/04\/Egle_Anthracite-12x12.jpg 12w, https:\/\/dragonwood.eu\/wp-content\/uploads\/2024\/04\/Egle_Anthracite-600x600.jpg 600w, https:\/\/dragonwood.eu\/wp-content\/uploads\/2024\/04\/Egle_Anthracite-100x100.jpg 100w, https:\/\/dragonwood.eu\/wp-content\/uploads\/2024\/04\/Egle_Anthracite.jpg 2048w\" sizes=\"auto, (max-width: 300px) 100vw, 300px\" \/>\t\t\t\t\t\t\t\t\t<\/a>\n\t\t\t\t\t\t\t\t\t<div class=\"overlay fill\" style=\"background-color: 1\"><\/div>\t\t\t\t\t\t\t\t\t \t\t\t\t\t\t\t\t<\/div>\n\t\t\t\t\t\t\t\t<div class=\"image-tools top right show-on-hover\">\n\t\t\t\t\t\t\t\t\t\t\t\t\t\t\t\t\t<\/div>\n\t\t\t\t\t\t\t\t\t\t\t\t\t\t\t\t\t\t\t\t\t\t\t<\/div>\n\n\t\t\t\t\t\t\t<div class=\"box-text text-center is-large\" >\n\t\t\t\t\t\t\t\t<div class=\"title-wrapper\"><p class=\"name product-title woocommerce-loop-product__title\"><a href=\"https:\/\/dragonwood.eu\/fr\/produits\/revetement\/dragonwood-anthracite\/\" class=\"woocommerce-LoopProduct-link woocommerce-loop-product__link\">Dragonwood Anthracite Egl\u0117<\/a><\/p><\/div><div class=\"price-wrapper\">\n<\/div><div class=\"overlay-tools\"><\/div>\t\t\t\t\t\t\t<\/div>\n\t\t\t\t\t\t<\/div>\n\t\t\t\t\t\t<\/div>\n\t\t\t\t\t<\/div><div class=\"col\" >\n\t\t\t\t\t\t<div class=\"col-inner\">\n\t\t\t\t\t\t\n<div class=\"badge-container absolute left top z-1\">\n\n<\/div>\n\t\t\t\t\t\t<div class=\"product-small box has-hover box-overlay dark box-text-bottom\">\n\t\t\t\t\t\t\t<div class=\"box-image\" >\n\t\t\t\t\t\t\t\t<div class=\"\" >\n\t\t\t\t\t\t\t\t\t<a href=\"https:\/\/dragonwood.eu\/fr\/produits\/revetement\/dragonwood-noir\/\" aria-label=\"Dragonwood Black Egl\u0117\">\n\t\t\t\t\t\t\t\t\t\t<img loading=\"lazy\" decoding=\"async\" width=\"300\" height=\"300\" src=\"https:\/\/dragonwood.eu\/wp-content\/uploads\/2024\/04\/Egle_Black-300x300.jpg\" class=\"attachment-woocommerce_thumbnail size-woocommerce_thumbnail\" alt=\"Dragonwood Black Egl\u0117\" srcset=\"https:\/\/dragonwood.eu\/wp-content\/uploads\/2024\/04\/Egle_Black-300x300.jpg 300w, https:\/\/dragonwood.eu\/wp-content\/uploads\/2024\/04\/Egle_Black-1024x1024.jpg 1024w, https:\/\/dragonwood.eu\/wp-content\/uploads\/2024\/04\/Egle_Black-150x150.jpg 150w, https:\/\/dragonwood.eu\/wp-content\/uploads\/2024\/04\/Egle_Black-768x768.jpg 768w, https:\/\/dragonwood.eu\/wp-content\/uploads\/2024\/04\/Egle_Black-1536x1536.jpg 1536w, https:\/\/dragonwood.eu\/wp-content\/uploads\/2024\/04\/Egle_Black-12x12.jpg 12w, https:\/\/dragonwood.eu\/wp-content\/uploads\/2024\/04\/Egle_Black-600x600.jpg 600w, https:\/\/dragonwood.eu\/wp-content\/uploads\/2024\/04\/Egle_Black-100x100.jpg 100w, https:\/\/dragonwood.eu\/wp-content\/uploads\/2024\/04\/Egle_Black.jpg 2048w\" sizes=\"auto, (max-width: 300px) 100vw, 300px\" \/>\t\t\t\t\t\t\t\t\t<\/a>\n\t\t\t\t\t\t\t\t\t<div class=\"overlay fill\" style=\"background-color: 1\"><\/div>\t\t\t\t\t\t\t\t\t \t\t\t\t\t\t\t\t<\/div>\n\t\t\t\t\t\t\t\t<div class=\"image-tools top right show-on-hover\">\n\t\t\t\t\t\t\t\t\t\t\t\t\t\t\t\t\t<\/div>\n\t\t\t\t\t\t\t\t\t\t\t\t\t\t\t\t\t\t\t\t\t\t\t<\/div>\n\n\t\t\t\t\t\t\t<div class=\"box-text text-center is-large\" >\n\t\t\t\t\t\t\t\t<div class=\"title-wrapper\"><p class=\"name product-title woocommerce-loop-product__title\"><a href=\"https:\/\/dragonwood.eu\/fr\/produits\/revetement\/dragonwood-noir\/\" class=\"woocommerce-LoopProduct-link woocommerce-loop-product__link\">Dragonwood Black Egl\u0117<\/a><\/p><\/div><div class=\"price-wrapper\">\n<\/div><div class=\"overlay-tools\"><\/div>\t\t\t\t\t\t\t<\/div>\n\t\t\t\t\t\t<\/div>\n\t\t\t\t\t\t<\/div>\n\t\t\t\t\t<\/div><div class=\"col\" >\n\t\t\t\t\t\t<div class=\"col-inner\">\n\t\t\t\t\t\t\n<div class=\"badge-container absolute left top z-1\">\n\n<\/div>\n\t\t\t\t\t\t<div class=\"product-small box has-hover box-overlay dark box-text-bottom\">\n\t\t\t\t\t\t\t<div class=\"box-image\" >\n\t\t\t\t\t\t\t\t<div class=\"\" >\n\t\t\t\t\t\t\t\t\t<a href=\"https:\/\/dragonwood.eu\/fr\/produits\/revetement\/dragonwood-chataigne\/\" aria-label=\"Dragonwood Chestnut Egl\u0117\">\n\t\t\t\t\t\t\t\t\t\t<img loading=\"lazy\" decoding=\"async\" width=\"300\" height=\"300\" src=\"https:\/\/dragonwood.eu\/wp-content\/uploads\/2024\/04\/Egle_Chesnut-300x300.jpg\" class=\"attachment-woocommerce_thumbnail size-woocommerce_thumbnail\" alt=\"Dragonwood Chestnut Egl\u0117\" srcset=\"https:\/\/dragonwood.eu\/wp-content\/uploads\/2024\/04\/Egle_Chesnut-300x300.jpg 300w, https:\/\/dragonwood.eu\/wp-content\/uploads\/2024\/04\/Egle_Chesnut-1024x1024.jpg 1024w, https:\/\/dragonwood.eu\/wp-content\/uploads\/2024\/04\/Egle_Chesnut-150x150.jpg 150w, https:\/\/dragonwood.eu\/wp-content\/uploads\/2024\/04\/Egle_Chesnut-768x768.jpg 768w, https:\/\/dragonwood.eu\/wp-content\/uploads\/2024\/04\/Egle_Chesnut-1536x1536.jpg 1536w, https:\/\/dragonwood.eu\/wp-content\/uploads\/2024\/04\/Egle_Chesnut-12x12.jpg 12w, https:\/\/dragonwood.eu\/wp-content\/uploads\/2024\/04\/Egle_Chesnut-600x600.jpg 600w, https:\/\/dragonwood.eu\/wp-content\/uploads\/2024\/04\/Egle_Chesnut-100x100.jpg 100w, https:\/\/dragonwood.eu\/wp-content\/uploads\/2024\/04\/Egle_Chesnut.jpg 2048w\" sizes=\"auto, (max-width: 300px) 100vw, 300px\" \/>\t\t\t\t\t\t\t\t\t<\/a>\n\t\t\t\t\t\t\t\t\t<div class=\"overlay fill\" style=\"background-color: 1\"><\/div>\t\t\t\t\t\t\t\t\t \t\t\t\t\t\t\t\t<\/div>\n\t\t\t\t\t\t\t\t<div class=\"image-tools top right show-on-hover\">\n\t\t\t\t\t\t\t\t\t\t\t\t\t\t\t\t\t<\/div>\n\t\t\t\t\t\t\t\t\t\t\t\t\t\t\t\t\t\t\t\t\t\t\t<\/div>\n\n\t\t\t\t\t\t\t<div class=\"box-text text-center is-large\" >\n\t\t\t\t\t\t\t\t<div class=\"title-wrapper\"><p class=\"name product-title woocommerce-loop-product__title\"><a href=\"https:\/\/dragonwood.eu\/fr\/produits\/revetement\/dragonwood-chataigne\/\" class=\"woocommerce-LoopProduct-link woocommerce-loop-product__link\">Dragonwood Chestnut Egl\u0117<\/a><\/p><\/div><div class=\"price-wrapper\">\n<\/div><div class=\"overlay-tools\"><\/div>\t\t\t\t\t\t\t<\/div>\n\t\t\t\t\t\t<\/div>\n\t\t\t\t\t\t<\/div>\n\t\t\t\t\t<\/div><div class=\"col\" >\n\t\t\t\t\t\t<div class=\"col-inner\">\n\t\t\t\t\t\t\n<div class=\"badge-container absolute left top z-1\">\n\n<\/div>\n\t\t\t\t\t\t<div class=\"product-small box has-hover box-overlay dark box-text-bottom\">\n\t\t\t\t\t\t\t<div class=\"box-image\" >\n\t\t\t\t\t\t\t\t<div class=\"\" >\n\t\t\t\t\t\t\t\t\t<a href=\"https:\/\/dragonwood.eu\/fr\/produits\/revetement\/dragonwood-gris\/\" aria-label=\"Dragonwood Grey Egl\u0117\">\n\t\t\t\t\t\t\t\t\t\t<img loading=\"lazy\" decoding=\"async\" width=\"300\" height=\"300\" src=\"https:\/\/dragonwood.eu\/wp-content\/uploads\/2024\/04\/Egle_Grey-300x300.jpg\" class=\"attachment-woocommerce_thumbnail size-woocommerce_thumbnail\" alt=\"Dragonwood Grey Egl\u0117\" srcset=\"https:\/\/dragonwood.eu\/wp-content\/uploads\/2024\/04\/Egle_Grey-300x300.jpg 300w, https:\/\/dragonwood.eu\/wp-content\/uploads\/2024\/04\/Egle_Grey-1024x1024.jpg 1024w, https:\/\/dragonwood.eu\/wp-content\/uploads\/2024\/04\/Egle_Grey-150x150.jpg 150w, https:\/\/dragonwood.eu\/wp-content\/uploads\/2024\/04\/Egle_Grey-768x768.jpg 768w, https:\/\/dragonwood.eu\/wp-content\/uploads\/2024\/04\/Egle_Grey-1536x1536.jpg 1536w, https:\/\/dragonwood.eu\/wp-content\/uploads\/2024\/04\/Egle_Grey-12x12.jpg 12w, https:\/\/dragonwood.eu\/wp-content\/uploads\/2024\/04\/Egle_Grey-600x600.jpg 600w, https:\/\/dragonwood.eu\/wp-content\/uploads\/2024\/04\/Egle_Grey-100x100.jpg 100w, https:\/\/dragonwood.eu\/wp-content\/uploads\/2024\/04\/Egle_Grey.jpg 2048w\" sizes=\"auto, (max-width: 300px) 100vw, 300px\" \/>\t\t\t\t\t\t\t\t\t<\/a>\n\t\t\t\t\t\t\t\t\t<div class=\"overlay fill\" style=\"background-color: 1\"><\/div>\t\t\t\t\t\t\t\t\t \t\t\t\t\t\t\t\t<\/div>\n\t\t\t\t\t\t\t\t<div class=\"image-tools top right show-on-hover\">\n\t\t\t\t\t\t\t\t\t\t\t\t\t\t\t\t\t<\/div>\n\t\t\t\t\t\t\t\t\t\t\t\t\t\t\t\t\t\t\t\t\t\t\t<\/div>\n\n\t\t\t\t\t\t\t<div class=\"box-text text-center is-large\" >\n\t\t\t\t\t\t\t\t<div class=\"title-wrapper\"><p class=\"name product-title woocommerce-loop-product__title\"><a href=\"https:\/\/dragonwood.eu\/fr\/produits\/revetement\/dragonwood-gris\/\" class=\"woocommerce-LoopProduct-link woocommerce-loop-product__link\">Dragonwood Grey Egl\u0117<\/a><\/p><\/div><div class=\"price-wrapper\">\n<\/div><div class=\"overlay-tools\"><\/div>\t\t\t\t\t\t\t<\/div>\n\t\t\t\t\t\t<\/div>\n\t\t\t\t\t\t<\/div>\n\t\t\t\t\t<\/div><div class=\"col\" >\n\t\t\t\t\t\t<div class=\"col-inner\">\n\t\t\t\t\t\t\n<div class=\"badge-container absolute left top z-1\">\n\n<\/div>\n\t\t\t\t\t\t<div class=\"product-small box has-hover box-overlay dark box-text-bottom\">\n\t\t\t\t\t\t\t<div class=\"box-image\" >\n\t\t\t\t\t\t\t\t<div class=\"\" >\n\t\t\t\t\t\t\t\t\t<a href=\"https:\/\/dragonwood.eu\/fr\/produits\/revetement\/dragonwood-noisette\/\" aria-label=\"Dragonwood Hazelnut Egl\u0117\">\n\t\t\t\t\t\t\t\t\t\t<img loading=\"lazy\" decoding=\"async\" width=\"300\" height=\"300\" src=\"https:\/\/dragonwood.eu\/wp-content\/uploads\/2024\/04\/Egle_Hazelnut-300x300.jpg\" class=\"attachment-woocommerce_thumbnail size-woocommerce_thumbnail\" alt=\"Dragonwood Hazelnut Egl\u0117\" srcset=\"https:\/\/dragonwood.eu\/wp-content\/uploads\/2024\/04\/Egle_Hazelnut-300x300.jpg 300w, https:\/\/dragonwood.eu\/wp-content\/uploads\/2024\/04\/Egle_Hazelnut-1024x1024.jpg 1024w, https:\/\/dragonwood.eu\/wp-content\/uploads\/2024\/04\/Egle_Hazelnut-150x150.jpg 150w, https:\/\/dragonwood.eu\/wp-content\/uploads\/2024\/04\/Egle_Hazelnut-768x768.jpg 768w, https:\/\/dragonwood.eu\/wp-content\/uploads\/2024\/04\/Egle_Hazelnut-1536x1536.jpg 1536w, https:\/\/dragonwood.eu\/wp-content\/uploads\/2024\/04\/Egle_Hazelnut-12x12.jpg 12w, https:\/\/dragonwood.eu\/wp-content\/uploads\/2024\/04\/Egle_Hazelnut-600x600.jpg 600w, https:\/\/dragonwood.eu\/wp-content\/uploads\/2024\/04\/Egle_Hazelnut-100x100.jpg 100w, https:\/\/dragonwood.eu\/wp-content\/uploads\/2024\/04\/Egle_Hazelnut.jpg 2048w\" sizes=\"auto, (max-width: 300px) 100vw, 300px\" \/>\t\t\t\t\t\t\t\t\t<\/a>\n\t\t\t\t\t\t\t\t\t<div class=\"overlay fill\" style=\"background-color: 1\"><\/div>\t\t\t\t\t\t\t\t\t \t\t\t\t\t\t\t\t<\/div>\n\t\t\t\t\t\t\t\t<div class=\"image-tools top right show-on-hover\">\n\t\t\t\t\t\t\t\t\t\t\t\t\t\t\t\t\t<\/div>\n\t\t\t\t\t\t\t\t\t\t\t\t\t\t\t\t\t\t\t\t\t\t\t<\/div>\n\n\t\t\t\t\t\t\t<div class=\"box-text text-center is-large\" >\n\t\t\t\t\t\t\t\t<div class=\"title-wrapper\"><p class=\"name product-title woocommerce-loop-product__title\"><a href=\"https:\/\/dragonwood.eu\/fr\/produits\/revetement\/dragonwood-noisette\/\" class=\"woocommerce-LoopProduct-link woocommerce-loop-product__link\">Dragonwood Hazelnut Egl\u0117<\/a><\/p><\/div><div class=\"price-wrapper\">\n<\/div><div class=\"overlay-tools\"><\/div>\t\t\t\t\t\t\t<\/div>\n\t\t\t\t\t\t<\/div>\n\t\t\t\t\t\t<\/div>\n\t\t\t\t\t<\/div><div class=\"col\" >\n\t\t\t\t\t\t<div class=\"col-inner\">\n\t\t\t\t\t\t\n<div class=\"badge-container absolute left top z-1\">\n\n<\/div>\n\t\t\t\t\t\t<div class=\"product-small box has-hover box-overlay dark box-text-bottom\">\n\t\t\t\t\t\t\t<div class=\"box-image\" >\n\t\t\t\t\t\t\t\t<div class=\"\" >\n\t\t\t\t\t\t\t\t\t<a href=\"https:\/\/dragonwood.eu\/fr\/produits\/revetement\/dragonwood-acajou\/\" aria-label=\"Dragonwood Mahagoni Egl\u0117\">\n\t\t\t\t\t\t\t\t\t\t<img loading=\"lazy\" decoding=\"async\" width=\"300\" height=\"300\" src=\"https:\/\/dragonwood.eu\/wp-content\/uploads\/2024\/04\/Egle_Mahogany-300x300.jpg\" class=\"attachment-woocommerce_thumbnail size-woocommerce_thumbnail\" alt=\"Dragonwood Mahagoni Egl\u0117\" srcset=\"https:\/\/dragonwood.eu\/wp-content\/uploads\/2024\/04\/Egle_Mahogany-300x300.jpg 300w, https:\/\/dragonwood.eu\/wp-content\/uploads\/2024\/04\/Egle_Mahogany-1024x1024.jpg 1024w, https:\/\/dragonwood.eu\/wp-content\/uploads\/2024\/04\/Egle_Mahogany-150x150.jpg 150w, https:\/\/dragonwood.eu\/wp-content\/uploads\/2024\/04\/Egle_Mahogany-768x768.jpg 768w, https:\/\/dragonwood.eu\/wp-content\/uploads\/2024\/04\/Egle_Mahogany-1536x1536.jpg 1536w, https:\/\/dragonwood.eu\/wp-content\/uploads\/2024\/04\/Egle_Mahogany-12x12.jpg 12w, https:\/\/dragonwood.eu\/wp-content\/uploads\/2024\/04\/Egle_Mahogany-600x600.jpg 600w, https:\/\/dragonwood.eu\/wp-content\/uploads\/2024\/04\/Egle_Mahogany-100x100.jpg 100w, https:\/\/dragonwood.eu\/wp-content\/uploads\/2024\/04\/Egle_Mahogany.jpg 2048w\" sizes=\"auto, (max-width: 300px) 100vw, 300px\" \/>\t\t\t\t\t\t\t\t\t<\/a>\n\t\t\t\t\t\t\t\t\t<div class=\"overlay fill\" style=\"background-color: 1\"><\/div>\t\t\t\t\t\t\t\t\t \t\t\t\t\t\t\t\t<\/div>\n\t\t\t\t\t\t\t\t<div class=\"image-tools top right show-on-hover\">\n\t\t\t\t\t\t\t\t\t\t\t\t\t\t\t\t\t<\/div>\n\t\t\t\t\t\t\t\t\t\t\t\t\t\t\t\t\t\t\t\t\t\t\t<\/div>\n\n\t\t\t\t\t\t\t<div class=\"box-text text-center is-large\" >\n\t\t\t\t\t\t\t\t<div class=\"title-wrapper\"><p class=\"name product-title woocommerce-loop-product__title\"><a href=\"https:\/\/dragonwood.eu\/fr\/produits\/revetement\/dragonwood-acajou\/\" class=\"woocommerce-LoopProduct-link woocommerce-loop-product__link\">Dragonwood Mahagoni Egl\u0117<\/a><\/p><\/div><div class=\"price-wrapper\">\n<\/div><div class=\"overlay-tools\"><\/div>\t\t\t\t\t\t\t<\/div>\n\t\t\t\t\t\t<\/div>\n\t\t\t\t\t\t<\/div>\n\t\t\t\t\t<\/div><div class=\"col\" >\n\t\t\t\t\t\t<div class=\"col-inner\">\n\t\t\t\t\t\t\n<div class=\"badge-container absolute left top z-1\">\n\n<\/div>\n\t\t\t\t\t\t<div class=\"product-small box has-hover box-overlay dark box-text-bottom\">\n\t\t\t\t\t\t\t<div class=\"box-image\" >\n\t\t\t\t\t\t\t\t<div class=\"\" >\n\t\t\t\t\t\t\t\t\t<a href=\"https:\/\/dragonwood.eu\/fr\/produits\/revetement\/dragonwood-naturel\/\" aria-label=\"Dragonwood Natural Egl\u0117\">\n\t\t\t\t\t\t\t\t\t\t<img loading=\"lazy\" decoding=\"async\" width=\"300\" height=\"300\" src=\"https:\/\/dragonwood.eu\/wp-content\/uploads\/2024\/04\/Egle_Natural-300x300.jpg\" class=\"attachment-woocommerce_thumbnail size-woocommerce_thumbnail\" alt=\"Dragonwood Natural Egl\u0117\" srcset=\"https:\/\/dragonwood.eu\/wp-content\/uploads\/2024\/04\/Egle_Natural-300x300.jpg 300w, https:\/\/dragonwood.eu\/wp-content\/uploads\/2024\/04\/Egle_Natural-1024x1024.jpg 1024w, https:\/\/dragonwood.eu\/wp-content\/uploads\/2024\/04\/Egle_Natural-150x150.jpg 150w, https:\/\/dragonwood.eu\/wp-content\/uploads\/2024\/04\/Egle_Natural-768x768.jpg 768w, https:\/\/dragonwood.eu\/wp-content\/uploads\/2024\/04\/Egle_Natural-1536x1536.jpg 1536w, https:\/\/dragonwood.eu\/wp-content\/uploads\/2024\/04\/Egle_Natural-12x12.jpg 12w, https:\/\/dragonwood.eu\/wp-content\/uploads\/2024\/04\/Egle_Natural-600x600.jpg 600w, https:\/\/dragonwood.eu\/wp-content\/uploads\/2024\/04\/Egle_Natural-100x100.jpg 100w, https:\/\/dragonwood.eu\/wp-content\/uploads\/2024\/04\/Egle_Natural.jpg 2048w\" sizes=\"auto, (max-width: 300px) 100vw, 300px\" \/>\t\t\t\t\t\t\t\t\t<\/a>\n\t\t\t\t\t\t\t\t\t<div class=\"overlay fill\" style=\"background-color: 1\"><\/div>\t\t\t\t\t\t\t\t\t \t\t\t\t\t\t\t\t<\/div>\n\t\t\t\t\t\t\t\t<div class=\"image-tools top right show-on-hover\">\n\t\t\t\t\t\t\t\t\t\t\t\t\t\t\t\t\t<\/div>\n\t\t\t\t\t\t\t\t\t\t\t\t\t\t\t\t\t\t\t\t\t\t\t<\/div>\n\n\t\t\t\t\t\t\t<div class=\"box-text text-center is-large\" >\n\t\t\t\t\t\t\t\t<div class=\"title-wrapper\"><p class=\"name product-title woocommerce-loop-product__title\"><a href=\"https:\/\/dragonwood.eu\/fr\/produits\/revetement\/dragonwood-naturel\/\" class=\"woocommerce-LoopProduct-link woocommerce-loop-product__link\">Dragonwood Natural Egl\u0117<\/a><\/p><\/div><div class=\"price-wrapper\">\n<\/div><div class=\"overlay-tools\"><\/div>\t\t\t\t\t\t\t<\/div>\n\t\t\t\t\t\t<\/div>\n\t\t\t\t\t\t<\/div>\n\t\t\t\t\t<\/div><div class=\"col\" >\n\t\t\t\t\t\t<div class=\"col-inner\">\n\t\t\t\t\t\t\n<div class=\"badge-container absolute left top z-1\">\n\n<\/div>\n\t\t\t\t\t\t<div class=\"product-small box has-hover box-overlay dark box-text-bottom\">\n\t\t\t\t\t\t\t<div class=\"box-image\" >\n\t\t\t\t\t\t\t\t<div class=\"\" >\n\t\t\t\t\t\t\t\t\t<a href=\"https:\/\/dragonwood.eu\/fr\/produits\/revetement\/dragonwood-gris-pierre\/\" aria-label=\"Dragonwood Stone Grey Egl\u0117\">\n\t\t\t\t\t\t\t\t\t\t<img loading=\"lazy\" decoding=\"async\" width=\"300\" height=\"300\" src=\"https:\/\/dragonwood.eu\/wp-content\/uploads\/2024\/04\/Egle_StoneGrey-300x300.jpg\" class=\"attachment-woocommerce_thumbnail size-woocommerce_thumbnail\" alt=\"Dragonwood Stone Grey Egl\u0117\" srcset=\"https:\/\/dragonwood.eu\/wp-content\/uploads\/2024\/04\/Egle_StoneGrey-300x300.jpg 300w, https:\/\/dragonwood.eu\/wp-content\/uploads\/2024\/04\/Egle_StoneGrey-1024x1024.jpg 1024w, https:\/\/dragonwood.eu\/wp-content\/uploads\/2024\/04\/Egle_StoneGrey-150x150.jpg 150w, https:\/\/dragonwood.eu\/wp-content\/uploads\/2024\/04\/Egle_StoneGrey-768x768.jpg 768w, https:\/\/dragonwood.eu\/wp-content\/uploads\/2024\/04\/Egle_StoneGrey-1536x1536.jpg 1536w, https:\/\/dragonwood.eu\/wp-content\/uploads\/2024\/04\/Egle_StoneGrey-12x12.jpg 12w, https:\/\/dragonwood.eu\/wp-content\/uploads\/2024\/04\/Egle_StoneGrey-600x600.jpg 600w, https:\/\/dragonwood.eu\/wp-content\/uploads\/2024\/04\/Egle_StoneGrey-100x100.jpg 100w, https:\/\/dragonwood.eu\/wp-content\/uploads\/2024\/04\/Egle_StoneGrey.jpg 2048w\" sizes=\"auto, (max-width: 300px) 100vw, 300px\" \/>\t\t\t\t\t\t\t\t\t<\/a>\n\t\t\t\t\t\t\t\t\t<div class=\"overlay fill\" style=\"background-color: 1\"><\/div>\t\t\t\t\t\t\t\t\t \t\t\t\t\t\t\t\t<\/div>\n\t\t\t\t\t\t\t\t<div class=\"image-tools top right show-on-hover\">\n\t\t\t\t\t\t\t\t\t\t\t\t\t\t\t\t\t<\/div>\n\t\t\t\t\t\t\t\t\t\t\t\t\t\t\t\t\t\t\t\t\t\t\t<\/div>\n\n\t\t\t\t\t\t\t<div class=\"box-text text-center is-large\" >\n\t\t\t\t\t\t\t\t<div class=\"title-wrapper\"><p class=\"name product-title woocommerce-loop-product__title\"><a href=\"https:\/\/dragonwood.eu\/fr\/produits\/revetement\/dragonwood-gris-pierre\/\" class=\"woocommerce-LoopProduct-link woocommerce-loop-product__link\">Dragonwood Stone Grey Egl\u0117<\/a><\/p><\/div><div class=\"price-wrapper\">\n<\/div><div class=\"overlay-tools\"><\/div>\t\t\t\t\t\t\t<\/div>\n\t\t\t\t\t\t<\/div>\n\t\t\t\t\t\t<\/div>\n\t\t\t\t\t<\/div><\/div>","protected":false},"excerpt":{"rendered":"<p>Fixations de haute qualit\u00e9 pour terrasses, fa\u00e7ades et autres structures en bois. Les vis sont r\u00e9sistantes \u00e0 la rouille, ce qui permet de les utiliser \u00e0 l'int\u00e9rieur et \u00e0 l'ext\u00e9rieur. Elles conviennent \u00e0 une large gamme de bois, quelle que soit leur duret\u00e9. Le bois br\u00fbl\u00e9 exige des m\u00e9canismes de fixation plus minutieux, de sorte que la conception filet\u00e9e de la vis assure une connexion stable. La t\u00eate de la vis est disponible en deux couleurs, noir et classique, pour s'adapter \u00e0 la couleur du bois.<\/p>","protected":false},"featured_media":463,"template":"","meta":[],"product_brand":[],"product_cat":[27],"product_tag":[],"class_list":{"0":"post-462","1":"product","2":"type-product","3":"status-publish","4":"has-post-thumbnail","6":"product_cat-varztai","8":"first","9":"instock","10":"taxable","11":"shipping-taxable","12":"purchasable","13":"product-type-variable"},"_links":{"self":[{"href":"https:\/\/dragonwood.eu\/fr\/wp-json\/wp\/v2\/product\/462","targetHints":{"allow":["GET"]}}],"collection":[{"href":"https:\/\/dragonwood.eu\/fr\/wp-json\/wp\/v2\/product"}],"about":[{"href":"https:\/\/dragonwood.eu\/fr\/wp-json\/wp\/v2\/types\/product"}],"wp:featuredmedia":[{"embeddable":true,"href":"https:\/\/dragonwood.eu\/fr\/wp-json\/wp\/v2\/media\/463"}],"wp:attachment":[{"href":"https:\/\/dragonwood.eu\/fr\/wp-json\/wp\/v2\/media?parent=462"}],"wp:term":[{"taxonomy":"product_brand","embeddable":true,"href":"https:\/\/dragonwood.eu\/fr\/wp-json\/wp\/v2\/product_brand?post=462"},{"taxonomy":"product_cat","embeddable":true,"href":"https:\/\/dragonwood.eu\/fr\/wp-json\/wp\/v2\/product_cat?post=462"},{"taxonomy":"product_tag","embeddable":true,"href":"https:\/\/dragonwood.eu\/fr\/wp-json\/wp\/v2\/product_tag?post=462"}],"curies":[{"name":"wp","href":"https:\/\/api.w.org\/{rel}","templated":true}]}}