{"id":15,"date":"2024-04-18T17:17:18","date_gmt":"2024-04-18T17:17:18","guid":{"rendered":"https:\/\/dragonwood.eu\/?page_id=15"},"modified":"2025-02-17T17:51:32","modified_gmt":"2025-02-17T14:51:32","slug":"apie-mus","status":"publish","type":"page","link":"https:\/\/dragonwood.eu\/nb\/om-oss\/","title":{"rendered":"Om oss"},"content":{"rendered":"<section class=\"section dark\" id=\"section_185249233\">\n\t\t<div class=\"section-bg fill\" >\n\t\t\t<img loading=\"lazy\" decoding=\"async\" width=\"2560\" height=\"1920\" src=\"https:\/\/dragonwood.eu\/wp-content\/uploads\/2024\/04\/IMG_7334_4HEIC-scaled-1.webp\" class=\"bg attachment-original size-original\" alt=\"\" \/>\t\t\t\t\t\t<div class=\"section-bg-overlay absolute fill\"><\/div>\n\t\t\t\n\n\t\t<\/div>\n\n\t\t\n\n\t\t<div class=\"section-content relative\">\n\t\t\t\n<div class=\"row\"  id=\"row-557369882\">\n\n\t<div id=\"col-1246660762\" class=\"col medium-8 small-12 large-6\"  >\n\t\t\t\t<div class=\"col-inner text-left\"  >\n\t\t\t\n\t\t\t\n<h1 class=\"thin-font\"><span class=\"ez-toc-section\" id=\"MES_ESAME_DRAGONWOOD\"><\/span><span style=\"font-size: 120%;\">VI ER <strong>DRAGONWOOD<\/strong><\/span><span class=\"ez-toc-section-end\"><\/span><\/h1>\n<p>Vi inviterer deg til \u00e5 bli kjent med selskapet v\u00e5rt.<\/p>\n\t\t<\/div>\n\t\t\t\t\t<\/div>\n\n\t\n<\/div>\n\t\t<\/div>\n\n\t\t\n<style>\n#section_185249233 {\n  padding-top: 30px;\n  padding-bottom: 30px;\n  min-height: 500px;\n}\n#section_185249233 .section-bg-overlay {\n  background-color: rgba(0,0,0,.5);\n}\n#section_185249233 .section-bg img {\n  object-position: 0% 55%;\n}\n<\/style>\n\t<\/section>\n\t\n\n<span class=\"scroll-to\" data-label=\"Scroll to: #introduction\" data-bullet=\"false\" data-link=\"#introduction\" data-title=\"introduction\" ><a name=\"introduction\"><\/a><\/span>\n\n\t<section class=\"section\" id=\"section_1887214318\">\n\t\t<div class=\"section-bg fill\" >\n\t\t\t\t\t\t\t\t\t\n\t\t\t\n\n\t\t<\/div>\n\n\t\t\n\n\t\t<div class=\"section-content relative\">\n\t\t\t\n<div class=\"row\"  id=\"row-1076696854\">\n\n\t<div id=\"col-1810253247\" class=\"col small-12 large-12\"  >\n\t\t\t\t<div class=\"col-inner\"  >\n\t\t\t\n\t\t\t\n<div class=\"is-divider divider clearfix\" style=\"max-width:50px;height:2px;background-color:#1a4d2e;\"><\/div>\n<h2><span class=\"ez-toc-section\" id=\"KODEL_MES\"><\/span><span style=\"font-size: 150%;\">HVORFOR OSS?<\/span><span class=\"ez-toc-section-end\"><\/span><\/h2>\n\t\t<\/div>\n\t\t\t\t\t<\/div>\n\n\t\n<\/div>\n<div class=\"row align-right\"  id=\"row-1360273577\">\n\n\t<div id=\"col-216792524\" class=\"col medium-8 small-12 large-8\"  >\n\t\t\t\t<div class=\"col-inner\"  >\n\t\t\t\n\t\t\t\n<p>Teamet v\u00e5rt har i lang tid opparbeidet seg erfaring fra eksperter p\u00e5 sitt felt. Og bare for \u00e5\u00a0<strong>forbedre\u00a0<\/strong>eksisterende\u00a0<strong>trearbeidsprosesser,<\/strong>\u00a0<strong>gj\u00f8r arbeidsflyten raskere<\/strong>\u00a0og viktigst av alt -\u00a0\u00a0<strong>forbedre produktkvaliteten<\/strong><b>.<\/b><\/p>\n<p>Klientas\u00a0(tiksliau b\u016btent\u00a0<b>Du er<\/b>)<b>\u00a0-<\/b> er den personen vi vil gi v\u00e5r fulle oppmerksomhet\u00a0<strong>fra ordre <\/strong><strong>klargj\u00f8ring f\u00f8r varene leveres hjem til deg<\/strong><span style=\"font-size: 14.4px;\">. <\/span>Vil du bli kjent med oss? Ta kontakt med oss, s\u00e5 hjelper ekspertene v\u00e5re deg med alle dine sp\u00f8rsm\u00e5l om vedfyring.<\/p>\n\t\t<\/div>\n\t\t\t\t\t<\/div>\n\n\t\n<\/div>\n\t<div id=\"gap-1430489203\" class=\"gap-element clearfix\" style=\"display:block; height:auto;\">\n\t\t\n<style>\n#gap-1430489203 {\n  padding-top: 330px;\n}\n@media (min-width:550px) {\n  #gap-1430489203 {\n    padding-top: 400px;\n  }\n}\n<\/style>\n\t<\/div>\n\t\n\t\t<\/div>\n\n\t\t\n<style>\n#section_1887214318 {\n  padding-top: 30px;\n  padding-bottom: 30px;\n}\n<\/style>\n\t<\/section>\n\t\n\n\t<section class=\"section\" id=\"section_469361038\">\n\t\t<div class=\"section-bg fill\" >\n\t\t\t\t\t\t\t\t\t\n\t\t\t\n\n\t\t<\/div>\n\n\t\t\n\n\t\t<div class=\"section-content relative\">\n\t\t\t\n<div class=\"row\"  id=\"row-1855622437\">\n\n\t<div id=\"col-135485549\" class=\"col small-12 large-12\"  >\n\t\t\t\t<div class=\"col-inner\"  >\n\t\t\t\n\t\t\t\n<div class=\"row\"  id=\"row-150541931\">\n\n\t<div id=\"col-1723554612\" class=\"col medium-6 small-12 large-6\"  >\n\t\t\t\t<div class=\"col-inner\"  >\n\t\t\t\n\t\t\t\n\n  <div class=\"banner has-hover\" id=\"banner-1031515314\">\n          <div class=\"banner-inner fill\">\n        <div class=\"banner-bg fill\" >\n            <img loading=\"lazy\" decoding=\"async\" width=\"1020\" height=\"765\" src=\"https:\/\/dragonwood.eu\/wp-content\/uploads\/2024\/04\/IMG_7616-scaled-1-1024x768.webp\" class=\"bg attachment-large size-large\" alt=\"\" \/>                                    \n                    <\/div>\n\t\t\n        <div class=\"banner-layers container\">\n            <div class=\"fill banner-link\"><\/div>            \n   <div id=\"text-box-817405804\" class=\"text-box banner-layer x50 md-x50 lg-x50 y50 md-y50 lg-y50 res-text\">\n                                <div class=\"text-box-content text dark\">\n              \n              <div class=\"text-inner text-center\">\n                  \n              <\/div>\n           <\/div>\n                            \n<style>\n#text-box-817405804 {\n  width: 60%;\n}\n#text-box-817405804 .text-box-content {\n  font-size: 100%;\n}\n@media (min-width:550px) {\n  #text-box-817405804 {\n    width: 60%;\n  }\n}\n<\/style>\n    <\/div>\n \n        <\/div>\n      <\/div>\n\n            \n<style>\n#banner-1031515314 {\n  padding-top: 360px;\n  background-color: rgb(250, 250, 250);\n}\n<\/style>\n  <\/div>\n\n\n\t\t<\/div>\n\t\t\t\t\t<\/div>\n\n\t\n\n\t<div id=\"col-1551777641\" class=\"col medium-6 small-12 large-6\"  >\n\t\t\t\t<div class=\"col-inner\"  >\n\t\t\t\n\t\t\t\n\n  <div class=\"banner has-hover\" id=\"banner-232727896\">\n          <div class=\"banner-inner fill\">\n        <div class=\"banner-bg fill\" >\n            <img loading=\"lazy\" decoding=\"async\" width=\"1020\" height=\"595\" src=\"https:\/\/dragonwood.eu\/wp-content\/uploads\/2024\/04\/Fasadas12-e1713785539174-1024x597.jpg\" class=\"bg attachment-large size-large\" alt=\"\" \/>                                    \n                    <\/div>\n\t\t\n        <div class=\"banner-layers container\">\n            <div class=\"fill banner-link\"><\/div>            \n   <div id=\"text-box-549382393\" class=\"text-box banner-layer x50 md-x50 lg-x50 y50 md-y50 lg-y50 res-text\">\n                                <div class=\"text-box-content text dark\">\n              \n              <div class=\"text-inner text-center\">\n                  \n              <\/div>\n           <\/div>\n                            \n<style>\n#text-box-549382393 {\n  width: 60%;\n}\n#text-box-549382393 .text-box-content {\n  font-size: 100%;\n}\n@media (min-width:550px) {\n  #text-box-549382393 {\n    width: 60%;\n  }\n}\n<\/style>\n    <\/div>\n \n        <\/div>\n      <\/div>\n\n            \n<style>\n#banner-232727896 {\n  padding-top: 500px;\n  background-color: rgb(250, 250, 250);\n}\n#banner-232727896 .banner-bg img {\n  object-position: 0% 96%;\n}\n<\/style>\n  <\/div>\n\n\n\t\t<\/div>\n\t\t\t\t\t<\/div>\n\n\t\n<\/div>\n\t\t<\/div>\n\t\t\t\t\n<style>\n#col-135485549 > .col-inner {\n  margin: -390px 0px 0px 0px;\n}\n<\/style>\n\t<\/div>\n\n\t\n<\/div>\n\t\t<\/div>\n\n\t\t\n<style>\n#section_469361038 {\n  padding-top: 30px;\n  padding-bottom: 30px;\n  background-color: #fb8f40;\n}\n<\/style>\n\t<\/section>\n\t\n<span class=\"scroll-to\" data-label=\"Scroll to: #experiences\" data-bullet=\"false\" data-link=\"#experiences\" data-title=\"experiences\" ><a name=\"experiences\"><\/a><\/span>\n\n\t<section class=\"section dark\" id=\"section_730111687\">\n\t\t<div class=\"section-bg fill\" >\n\t\t\t\t\t\t\t\t\t\n\t\t\t\n\n\t\t<\/div>\n\n\t\t\n\n\t\t<div class=\"section-content relative\">\n\t\t\t\n<div class=\"row row-large\"  id=\"row-662699062\">\n\n\t<div id=\"col-1981459178\" class=\"col small-12 large-12\"  >\n\t\t\t\t<div class=\"col-inner\"  >\n\t\t\t\n\t\t\t\n<div class=\"container section-title-container\" style=\"margin-top:5px;margin-bottom:5px;\"><h3 class=\"section-title section-title-normal\"><span class=\"ez-toc-section\" id=\"01\"><\/span><b><\/b><span class=\"section-title-main\" style=\"font-size:80%;color:rgb(245, 239, 230);\">01<\/span><b><\/b><span class=\"ez-toc-section-end\"><\/span><\/h3><\/div>\n\t\t<\/div>\n\t\t\t\t\n<style>\n#col-1981459178 > .col-inner {\n  margin: 0px 0px -20px 0px;\n}\n<\/style>\n\t<\/div>\n\n\t\n\n\t<div id=\"col-217726025\" class=\"col medium-12 small-12 large-6\"  >\n\t\t\t\t<div class=\"col-inner\"  >\n\t\t\t\n\t\t\t\n<h3><span class=\"ez-toc-section\" id=\"Patenkinti_klientai\"><\/span><span style=\"font-size: 180%;\">Patenkinti klientai<\/span><span class=\"ez-toc-section-end\"><\/span><\/h3>\n\t\t<\/div>\n\t\t\t\t\t<\/div>\n\n\t\n\n\t<div id=\"col-954537329\" class=\"col medium-12 small-12 large-6\"  >\n\t\t\t\t<div class=\"col-inner\"  >\n\t\t\t\n\t\t\t\n\t<div id=\"text-669223167\" class=\"text\">\n\t\t\n<p>V\u00e5rt hovedm\u00e5l er \u00e5 m\u00f8te kundenes behov ved \u00e5 levere de h\u00f8yeste standarder b\u00e5de n\u00e5r det gjelder kommunikasjon og produktkvalitet.<br \/>\n\t\t\n<style>\n#text-669223167 {\n  color: rgb(255, 255, 255);\n}\n#text-669223167 > * {\n  color: rgb(255, 255, 255);\n}\n<\/style>\n\t<\/div>\n\t\n\t\t<\/div>\n\t\t\t\t\t<\/div>\n\n\t\n<\/div>\n<div class=\"row row-large\"  id=\"row-2002167845\">\n\n\t<div id=\"col-427256898\" class=\"col small-12 large-12\"  >\n\t\t\t\t<div class=\"col-inner\"  >\n\t\t\t\n\t\t\t\n<div class=\"container section-title-container\" style=\"margin-top:5px;margin-bottom:5px;\"><h3 class=\"section-title section-title-normal\"><span class=\"ez-toc-section\" id=\"02\"><\/span><b><\/b><span class=\"section-title-main\" style=\"font-size:80%;color:rgb(245, 239, 230);\">02<\/span><b><\/b><span class=\"ez-toc-section-end\"><\/span><\/h3><\/div>\n\t\t<\/div>\n\t\t\t\t\n<style>\n#col-427256898 > .col-inner {\n  padding: 60px 0px 0px 0px;\n  margin: 0px 0px -20px 0px;\n}\n<\/style>\n\t<\/div>\n\n\t\n\n\t<div id=\"col-1440097734\" class=\"col medium-12 small-12 large-6\"  >\n\t\t\t\t<div class=\"col-inner\"  >\n\t\t\t\n\t\t\t\n<h3><span class=\"ez-toc-section\" id=\"Lojalumas\"><\/span><span style=\"font-size: 180%;\">Lojalitet<\/span><span class=\"ez-toc-section-end\"><\/span><\/h3>\n\t\t<\/div>\n\t\t\t\t\t<\/div>\n\n\t\n\n\t<div id=\"col-1034045512\" class=\"col medium-12 small-12 large-6\"  >\n\t\t\t\t<div class=\"col-inner\"  >\n\t\t\t\n\t\t\t\n\t<div id=\"text-3665064277\" class=\"text\">\n\t\t\n<p>Lojalitet til kundene v\u00e5re og oppmerksomhet p\u00e5 selv de minste detaljene hjelper oss \u00e5 vokse og bli bedre.<br \/>\n\t\t\n<style>\n#text-3665064277 {\n  color: rgb(255, 255, 255);\n}\n#text-3665064277 > * {\n  color: rgb(255, 255, 255);\n}\n<\/style>\n\t<\/div>\n\t\n\t\t<\/div>\n\t\t\t\t\t<\/div>\n\n\t\n<\/div>\n<div class=\"row row-large\"  id=\"row-1405802230\">\n\n\t<div id=\"col-280402945\" class=\"col small-12 large-12\"  >\n\t\t\t\t<div class=\"col-inner\"  >\n\t\t\t\n\t\t\t\n<div class=\"container section-title-container\" style=\"margin-top:5px;margin-bottom:5px;\"><h3 class=\"section-title section-title-normal\"><span class=\"ez-toc-section\" id=\"03\"><\/span><b><\/b><span class=\"section-title-main\" style=\"font-size:80%;color:rgb(245, 239, 230);\">03<\/span><b><\/b><span class=\"ez-toc-section-end\"><\/span><\/h3><\/div>\n\t\t<\/div>\n\t\t\t\t\n<style>\n#col-280402945 > .col-inner {\n  padding: 60px 0px 0px 0px;\n  margin: 0px 0px -20px 0px;\n}\n<\/style>\n\t<\/div>\n\n\t\n\n\t<div id=\"col-2115508579\" class=\"col medium-12 small-12 large-6\"  >\n\t\t\t\t<div class=\"col-inner\"  >\n\t\t\t\n\t\t\t\n<h3><span class=\"ez-toc-section\" id=\"Nuolatinis_tobulejimas\"><\/span><span style=\"font-size: 180%;\">Kontinuerlig forbedring<br \/>\n<\/span><span class=\"ez-toc-section-end\"><\/span><\/h3>\n\t\t<\/div>\n\t\t\t\t\t<\/div>\n\n\t\n\n\t<div id=\"col-1239018588\" class=\"col medium-12 small-12 large-6\"  >\n\t\t\t\t<div class=\"col-inner\"  >\n\t\t\t\n\t\t\t\n\t<div id=\"text-733557097\" class=\"text\">\n\t\t\n<p>Kontinuerlig forbedring av arbeidsinnsatsen, eliminering av flaskehalser og forbedring av systemer gj\u00f8r det enklere for oss \u00e5 n\u00e5 selskapets m\u00e5l, og derfor arbeider vi for \u00e5 optimalisere alle forretningsprosesser i selskapet.<br \/>\n\t\t\n<style>\n#text-733557097 {\n  color: rgb(255, 255, 255);\n}\n#text-733557097 > * {\n  color: rgb(255, 255, 255);\n}\n<\/style>\n\t<\/div>\n\t\n\t\t<\/div>\n\t\t\t\t\t<\/div>\n\n\t\n<\/div>\n\t<div id=\"gap-699847581\" class=\"gap-element clearfix\" style=\"display:block; height:auto;\">\n\t\t\n<style>\n#gap-699847581 {\n  padding-top: 80px;\n}\n<\/style>\n\t<\/div>\n\t\n\t\t<\/div>\n\n\t\t\n<style>\n#section_730111687 {\n  padding-top: 80px;\n  padding-bottom: 80px;\n  background-color: #fc8f41;\n}\n<\/style>\n\t<\/section>\n\t\n<span class=\"scroll-to\" data-label=\"Scroll to: #services\" data-bullet=\"false\" data-link=\"#services\" data-title=\"services\" ><a name=\"services\"><\/a><\/span>\n\n\t<section class=\"section\" id=\"section_1111727309\">\n\t\t<div class=\"section-bg fill\" >\n\t\t\t\t\t\t\t\t\t\n\t\t\t\n\n\t\t<\/div>\n\n\t\t\n\n\t\t<div class=\"section-content relative\">\n\t\t\t\n<div class=\"row row-collapse row-full-width\"  id=\"row-824392430\">\n\n\t<div id=\"col-1111655500\" class=\"col medium-6 small-12 large-6\"  >\n\t\t\t\t<div class=\"col-inner\" style=\"background-color:rgb(245, 239, 230);\" >\n\t\t\t\n\t\t\t\n\t<div id=\"gap-1769749850\" class=\"gap-element clearfix\" style=\"display:block; height:auto;\">\n\t\t\n<style>\n#gap-1769749850 {\n  padding-top: 400px;\n}\n<\/style>\n\t<\/div>\n\t\n\t\t<\/div>\n\t\t\t\t\t<\/div>\n\n\t\n\n\t<div id=\"col-1802746400\" class=\"col medium-6 small-12 large-6\"  >\n\t\t\t\t<div class=\"col-inner\"  >\n\t\t\t\n\t\t\t\n\t\t<\/div>\n\t\t\t\t\t<\/div>\n\n\t\n<\/div>\n<div class=\"row\"  id=\"row-1523667358\">\n\n\t<div id=\"col-261144149\" class=\"col small-12 large-12\"  >\n\t\t\t\t<div class=\"col-inner\"  >\n\t\t\t\n\t\t\t\n<div class=\"row\"  id=\"row-265474697\">\n\n\t<div id=\"col-2079986341\" class=\"col small-12 large-12\"  >\n\t\t\t\t<div class=\"col-inner\"  >\n\t\t\t\n\t\t\t\n<div class=\"is-divider divider clearfix\" style=\"max-width:50px;height:2px;background-color:rgb(79, 111, 82);\"><\/div>\n<h4><span class=\"ez-toc-section\" id=\"Musu_sprendimai\"><\/span><span style=\"font-size: 150%;\">V\u00e5re l\u00f8sninger<\/span><span class=\"ez-toc-section-end\"><\/span><\/h4>\n\t\t<\/div>\n\t\t\t\t\t<\/div>\n\n\t\n<\/div>\n<div class=\"row\"  id=\"row-604108391\">\n\n\t<div id=\"col-1415506141\" class=\"col medium-3 small-12 large-3\"  >\n\t\t\t\t<div class=\"col-inner\"  >\n\t\t\t\n\t\t\t\n\t<div class=\"box has-hover   has-hover box-shade dark box-text-bottom\" >\n\n\t\t<div class=\"box-image\" >\n\t\t\t<a href=\"\/nb\/fasade\/\" >\t\t\t<div class=\"image-cover\" style=\"padding-top:400px;\">\n\t\t\t\t<img loading=\"lazy\" decoding=\"async\" width=\"564\" height=\"752\" src=\"https:\/\/dragonwood.eu\/wp-content\/uploads\/2024\/04\/Fasadas.jpg\" class=\"attachment- size-\" alt=\"\" srcset=\"https:\/\/dragonwood.eu\/wp-content\/uploads\/2024\/04\/Fasadas.jpg 564w, https:\/\/dragonwood.eu\/wp-content\/uploads\/2024\/04\/Fasadas-225x300.jpg 225w, https:\/\/dragonwood.eu\/wp-content\/uploads\/2024\/04\/Fasadas-9x12.jpg 9w\" sizes=\"auto, (max-width: 564px) 100vw, 564px\" \/>\t\t\t\t<div class=\"overlay\" style=\"background-color:rgba(16, 16, 16, 0.145)\"><\/div>\t\t\t\t<div class=\"shade\"><\/div>\t\t\t<\/div>\n\t\t\t<\/a>\t\t<\/div>\n\n\t\t<div class=\"box-text text-center\" style=\"padding:10px 10px 40px 10px;\">\n\t\t\t<div class=\"box-text-inner\">\n\t\t\t\t\n<div class=\"row row-collapse\"  id=\"row-249741170\">\n\n\t<div id=\"col-1974267424\" class=\"col medium-6 small-6 large-6\"  >\n\t\t\t\t<div class=\"col-inner\"  >\n\t\t\t\n\t\t\t\n\t<div id=\"gap-695860290\" class=\"gap-element clearfix\" style=\"display:block; height:auto;\">\n\t\t\n<style>\n#gap-695860290 {\n  padding-top: 50px;\n}\n<\/style>\n\t<\/div>\n\t\n\t\t<\/div>\n\t\t\t\t\t<\/div>\n\n\t\n\n\t<div id=\"col-1645966823\" class=\"col medium-6 small-6 large-6\"  >\n\t\t\t\t<div class=\"col-inner\"  >\n\t\t\t\n\t<div class=\"is-border\"\n\t\tstyle=\"border-color:rgb(255, 255, 255);border-width:0px 0px 0px 2px;\">\n\t<\/div>\n\t\t\t\n\t<div id=\"gap-255273180\" class=\"gap-element clearfix\" style=\"display:block; height:auto;\">\n\t\t\n<style>\n#gap-255273180 {\n  padding-top: 50px;\n}\n<\/style>\n\t<\/div>\n\t\n\t\t<\/div>\n\t\t\t\t\t<\/div>\n\n\t\n<\/div>\n\t<div id=\"gap-1937952781\" class=\"gap-element clearfix\" style=\"display:block; height:auto;\">\n\t\t\n<style>\n#gap-1937952781 {\n  padding-top: 30px;\n}\n<\/style>\n\t<\/div>\n\t\n<h3><span class=\"ez-toc-section\" id=\"Fasadui\"><\/span>For Fasadui<span class=\"ez-toc-section-end\"><\/span><\/h3>\n\t\t\t<\/div>\n\t\t<\/div>\n\t<\/div>\n\t\n\t\t<\/div>\n\t\t\t\t\t<\/div>\n\n\t\n\n\t<div id=\"col-1511654970\" class=\"col medium-3 small-12 large-3\"  >\n\t\t\t\t<div class=\"col-inner\"  >\n\t\t\t\n\t\t\t\n\t<div class=\"box has-hover   has-hover box-shade dark box-text-bottom\" >\n\n\t\t<div class=\"box-image\" >\n\t\t\t<a href=\"\/nb\/interior\/\" >\t\t\t<div class=\"image-cover\" style=\"padding-top:400px;\">\n\t\t\t\t<img loading=\"lazy\" decoding=\"async\" width=\"1080\" height=\"1613\" src=\"https:\/\/dragonwood.eu\/wp-content\/uploads\/2024\/04\/interjerui.jpg\" class=\"attachment- size-\" alt=\"\" srcset=\"https:\/\/dragonwood.eu\/wp-content\/uploads\/2024\/04\/interjerui.jpg 1080w, https:\/\/dragonwood.eu\/wp-content\/uploads\/2024\/04\/interjerui-600x896.jpg 600w, https:\/\/dragonwood.eu\/wp-content\/uploads\/2024\/04\/interjerui-201x300.jpg 201w, https:\/\/dragonwood.eu\/wp-content\/uploads\/2024\/04\/interjerui-686x1024.jpg 686w, https:\/\/dragonwood.eu\/wp-content\/uploads\/2024\/04\/interjerui-768x1147.jpg 768w, https:\/\/dragonwood.eu\/wp-content\/uploads\/2024\/04\/interjerui-1028x1536.jpg 1028w, https:\/\/dragonwood.eu\/wp-content\/uploads\/2024\/04\/interjerui-8x12.jpg 8w\" sizes=\"auto, (max-width: 1080px) 100vw, 1080px\" \/>\t\t\t\t<div class=\"overlay\" style=\"background-color:rgba(16, 16, 16, 0.378)\"><\/div>\t\t\t\t<div class=\"shade\"><\/div>\t\t\t<\/div>\n\t\t\t<\/a>\t\t<\/div>\n\n\t\t<div class=\"box-text text-center\" style=\"padding:10px 10px 40px 10px;\">\n\t\t\t<div class=\"box-text-inner\">\n\t\t\t\t\n<div class=\"row row-collapse\"  id=\"row-1854973942\">\n\n\t<div id=\"col-67542237\" class=\"col medium-6 small-6 large-6\"  >\n\t\t\t\t<div class=\"col-inner\"  >\n\t\t\t\n\t\t\t\n\t<div id=\"gap-1478806253\" class=\"gap-element clearfix\" style=\"display:block; height:auto;\">\n\t\t\n<style>\n#gap-1478806253 {\n  padding-top: 50px;\n}\n<\/style>\n\t<\/div>\n\t\n\t\t<\/div>\n\t\t\t\t\t<\/div>\n\n\t\n\n\t<div id=\"col-1277834367\" class=\"col medium-6 small-6 large-6\"  >\n\t\t\t\t<div class=\"col-inner\"  >\n\t\t\t\n\t<div class=\"is-border\"\n\t\tstyle=\"border-color:rgb(255, 255, 255);border-width:0px 0px 0px 2px;\">\n\t<\/div>\n\t\t\t\n\t<div id=\"gap-87016264\" class=\"gap-element clearfix\" style=\"display:block; height:auto;\">\n\t\t\n<style>\n#gap-87016264 {\n  padding-top: 50px;\n}\n<\/style>\n\t<\/div>\n\t\n\t\t<\/div>\n\t\t\t\t\t<\/div>\n\n\t\n<\/div>\n\t<div id=\"gap-1206608490\" class=\"gap-element clearfix\" style=\"display:block; height:auto;\">\n\t\t\n<style>\n#gap-1206608490 {\n  padding-top: 30px;\n}\n<\/style>\n\t<\/div>\n\t\n<h3><span class=\"ez-toc-section\" id=\"Interjerui\"><\/span>For interi\u00f8r<span class=\"ez-toc-section-end\"><\/span><\/h3>\n\t\t\t<\/div>\n\t\t<\/div>\n\t<\/div>\n\t\n\t\t<\/div>\n\t\t\t\t\t<\/div>\n\n\t\n\n\t<div id=\"col-2125627848\" class=\"col medium-3 small-12 large-3\"  >\n\t\t\t\t<div class=\"col-inner\"  >\n\t\t\t\n\t\t\t\n\t<div class=\"box has-hover   has-hover box-shade dark box-text-bottom\" >\n\n\t\t<div class=\"box-image\" >\n\t\t\t<a href=\"\/nb\/terrasse\/\" >\t\t\t<div class=\"image-cover\" style=\"padding-top:400px;\">\n\t\t\t\t<img loading=\"lazy\" decoding=\"async\" width=\"1920\" height=\"2560\" src=\"https:\/\/dragonwood.eu\/wp-content\/uploads\/2024\/04\/IMG_7290-scaled-1.webp\" class=\"attachment- size-\" alt=\"\" srcset=\"https:\/\/dragonwood.eu\/wp-content\/uploads\/2024\/04\/IMG_7290-scaled-1.webp 1920w, https:\/\/dragonwood.eu\/wp-content\/uploads\/2024\/04\/IMG_7290-scaled-1-600x800.webp 600w, https:\/\/dragonwood.eu\/wp-content\/uploads\/2024\/04\/IMG_7290-scaled-1-225x300.webp 225w, https:\/\/dragonwood.eu\/wp-content\/uploads\/2024\/04\/IMG_7290-scaled-1-768x1024.webp 768w, https:\/\/dragonwood.eu\/wp-content\/uploads\/2024\/04\/IMG_7290-scaled-1-1152x1536.webp 1152w, https:\/\/dragonwood.eu\/wp-content\/uploads\/2024\/04\/IMG_7290-scaled-1-1536x2048.webp 1536w, https:\/\/dragonwood.eu\/wp-content\/uploads\/2024\/04\/IMG_7290-scaled-1-9x12.webp 9w\" sizes=\"auto, (max-width: 1920px) 100vw, 1920px\" \/>\t\t\t\t<div class=\"overlay\" style=\"background-color:rgba(16, 16, 16, 0.233)\"><\/div>\t\t\t\t<div class=\"shade\"><\/div>\t\t\t<\/div>\n\t\t\t<\/a>\t\t<\/div>\n\n\t\t<div class=\"box-text text-center\" style=\"padding:10px 10px 40px 10px;\">\n\t\t\t<div class=\"box-text-inner\">\n\t\t\t\t\n<div class=\"row row-collapse\"  id=\"row-1038000887\">\n\n\t<div id=\"col-388361066\" class=\"col medium-6 small-6 large-6\"  >\n\t\t\t\t<div class=\"col-inner\"  >\n\t\t\t\n\t\t\t\n\t<div id=\"gap-1150353843\" class=\"gap-element clearfix\" style=\"display:block; height:auto;\">\n\t\t\n<style>\n#gap-1150353843 {\n  padding-top: 50px;\n}\n<\/style>\n\t<\/div>\n\t\n\t\t<\/div>\n\t\t\t\t\t<\/div>\n\n\t\n\n\t<div id=\"col-1229388713\" class=\"col medium-6 small-6 large-6\"  >\n\t\t\t\t<div class=\"col-inner\"  >\n\t\t\t\n\t<div class=\"is-border\"\n\t\tstyle=\"border-color:rgb(255, 255, 255);border-width:0px 0px 0px 2px;\">\n\t<\/div>\n\t\t\t\n\t<div id=\"gap-1756711526\" class=\"gap-element clearfix\" style=\"display:block; height:auto;\">\n\t\t\n<style>\n#gap-1756711526 {\n  padding-top: 50px;\n}\n<\/style>\n\t<\/div>\n\t\n\t\t<\/div>\n\t\t\t\t\t<\/div>\n\n\t\n<\/div>\n\t<div id=\"gap-756388250\" class=\"gap-element clearfix\" style=\"display:block; height:auto;\">\n\t\t\n<style>\n#gap-756388250 {\n  padding-top: 30px;\n}\n<\/style>\n\t<\/div>\n\t\n<h3><span class=\"ez-toc-section\" id=\"Terasai\"><\/span>Terrasser<span class=\"ez-toc-section-end\"><\/span><\/h3>\n\t\t\t<\/div>\n\t\t<\/div>\n\t<\/div>\n\t\n\t\t<\/div>\n\t\t\t\t\t<\/div>\n\n\t\n\n\t<div id=\"col-1224692407\" class=\"col medium-3 small-12 large-3\"  >\n\t\t\t\t<div class=\"col-inner\"  >\n\t\t\t\n\t\t\t\n\t<div class=\"box has-hover   has-hover box-shade dark box-text-bottom\" >\n\n\t\t<div class=\"box-image\" >\n\t\t\t<a href=\"\/nb\/gjerde\/\" >\t\t\t<div class=\"image-cover\" style=\"padding-top:400px;\">\n\t\t\t\t<img loading=\"lazy\" decoding=\"async\" width=\"1280\" height=\"960\" src=\"https:\/\/dragonwood.eu\/wp-content\/uploads\/2024\/04\/Tvora.jpg\" class=\"attachment- size-\" alt=\"\" srcset=\"https:\/\/dragonwood.eu\/wp-content\/uploads\/2024\/04\/Tvora.jpg 1280w, https:\/\/dragonwood.eu\/wp-content\/uploads\/2024\/04\/Tvora-600x450.jpg 600w, https:\/\/dragonwood.eu\/wp-content\/uploads\/2024\/04\/Tvora-300x225.jpg 300w, https:\/\/dragonwood.eu\/wp-content\/uploads\/2024\/04\/Tvora-1024x768.jpg 1024w, https:\/\/dragonwood.eu\/wp-content\/uploads\/2024\/04\/Tvora-768x576.jpg 768w, https:\/\/dragonwood.eu\/wp-content\/uploads\/2024\/04\/Tvora-16x12.jpg 16w\" sizes=\"auto, (max-width: 1280px) 100vw, 1280px\" \/>\t\t\t\t<div class=\"overlay\" style=\"background-color:rgba(16, 16, 16, 0.233)\"><\/div>\t\t\t\t<div class=\"shade\"><\/div>\t\t\t<\/div>\n\t\t\t<\/a>\t\t<\/div>\n\n\t\t<div class=\"box-text text-center\" style=\"padding:10px 10px 40px 10px;\">\n\t\t\t<div class=\"box-text-inner\">\n\t\t\t\t\n<div class=\"row row-collapse\"  id=\"row-99547298\">\n\n\t<div id=\"col-1384874585\" class=\"col medium-6 small-6 large-6\"  >\n\t\t\t\t<div class=\"col-inner\"  >\n\t\t\t\n\t\t\t\n\t<div id=\"gap-2064550609\" class=\"gap-element clearfix\" style=\"display:block; height:auto;\">\n\t\t\n<style>\n#gap-2064550609 {\n  padding-top: 50px;\n}\n<\/style>\n\t<\/div>\n\t\n\t\t<\/div>\n\t\t\t\t\t<\/div>\n\n\t\n\n\t<div id=\"col-304977997\" class=\"col medium-6 small-6 large-6\"  >\n\t\t\t\t<div class=\"col-inner\"  >\n\t\t\t\n\t<div class=\"is-border\"\n\t\tstyle=\"border-color:rgb(255, 255, 255);border-width:0px 0px 0px 2px;\">\n\t<\/div>\n\t\t\t\n\t<div id=\"gap-1570636264\" class=\"gap-element clearfix\" style=\"display:block; height:auto;\">\n\t\t\n<style>\n#gap-1570636264 {\n  padding-top: 50px;\n}\n<\/style>\n\t<\/div>\n\t\n\t\t<\/div>\n\t\t\t\t\t<\/div>\n\n\t\n<\/div>\n\t<div id=\"gap-1991421123\" class=\"gap-element clearfix\" style=\"display:block; height:auto;\">\n\t\t\n<style>\n#gap-1991421123 {\n  padding-top: 30px;\n}\n<\/style>\n\t<\/div>\n\t\n<h3><span class=\"ez-toc-section\" id=\"Tvorai\"><\/span>Gjerder<span class=\"ez-toc-section-end\"><\/span><\/h3>\n\t\t\t<\/div>\n\t\t<\/div>\n\t<\/div>\n\t\n\t\t<\/div>\n\t\t\t\t\t<\/div>\n\n\t\n<\/div>\n\t\t<\/div>\n\t\t\t\t\n<style>\n#col-261144149 > .col-inner {\n  margin: -250px 0px 0px 0px;\n}\n<\/style>\n\t<\/div>\n\n\t\n<\/div>\n\t<div id=\"gap-816886524\" class=\"gap-element clearfix\" style=\"display:block; height:auto;\">\n\t\t\n<style>\n#gap-816886524 {\n  padding-top: 100px;\n}\n<\/style>\n\t<\/div>\n\t\n\t\t<\/div>\n\n\t\t\n<style>\n#section_1111727309 {\n  padding-top: 0px;\n  padding-bottom: 0px;\n}\n<\/style>\n\t<\/section>","protected":false},"excerpt":{"rendered":"","protected":false},"author":1,"featured_media":0,"parent":0,"menu_order":0,"comment_status":"closed","ping_status":"closed","template":"page-blank.php","meta":{"footnotes":""},"class_list":["post-15","page","type-page","status-publish","hentry"],"_links":{"self":[{"href":"https:\/\/dragonwood.eu\/nb\/wp-json\/wp\/v2\/pages\/15","targetHints":{"allow":["GET"]}}],"collection":[{"href":"https:\/\/dragonwood.eu\/nb\/wp-json\/wp\/v2\/pages"}],"about":[{"href":"https:\/\/dragonwood.eu\/nb\/wp-json\/wp\/v2\/types\/page"}],"author":[{"embeddable":true,"href":"https:\/\/dragonwood.eu\/nb\/wp-json\/wp\/v2\/users\/1"}],"replies":[{"embeddable":true,"href":"https:\/\/dragonwood.eu\/nb\/wp-json\/wp\/v2\/comments?post=15"}],"version-history":[{"count":29,"href":"https:\/\/dragonwood.eu\/nb\/wp-json\/wp\/v2\/pages\/15\/revisions"}],"predecessor-version":[{"id":772,"href":"https:\/\/dragonwood.eu\/nb\/wp-json\/wp\/v2\/pages\/15\/revisions\/772"}],"wp:attachment":[{"href":"https:\/\/dragonwood.eu\/nb\/wp-json\/wp\/v2\/media?parent=15"}],"curies":[{"name":"wp","href":"https:\/\/api.w.org\/{rel}","templated":true}]}}