{"id":23,"date":"2024-04-18T17:17:48","date_gmt":"2024-04-18T17:17:48","guid":{"rendered":"https:\/\/dragonwood.eu\/?page_id=23"},"modified":"2025-01-28T01:07:00","modified_gmt":"2025-01-27T22:07:00","slug":"tvora","status":"publish","type":"page","link":"https:\/\/dragonwood.eu\/nb\/gjerde\/","title":{"rendered":"Brent trevirke til gjerder"},"content":{"rendered":"<section class=\"section dark\" id=\"section_1544075102\">\n\t\t<div class=\"section-bg fill\" >\n\t\t\t<img loading=\"lazy\" decoding=\"async\" width=\"2560\" height=\"1920\" src=\"https:\/\/dragonwood.eu\/wp-content\/uploads\/2024\/04\/IMG_7334_4HEIC-scaled-1.webp\" class=\"bg attachment-original size-original\" alt=\"\" \/>\t\t\t\t\t\t<div class=\"section-bg-overlay absolute fill\"><\/div>\n\t\t\t\n\n\t\t<\/div>\n\n\t\t\n\n\t\t<div class=\"section-content relative\">\n\t\t\t\n<div class=\"row\"  id=\"row-468679971\">\n\n\t<div id=\"col-1248881538\" class=\"col medium-8 small-12 large-6\"  >\n\t\t\t\t<div class=\"col-inner text-left\"  >\n\t\t\t\n\t\t\t\n<h1 class=\"uppercase thin-font\"><span style=\"font-size: 120%;\">Brent treverk<strong> TIL GJERDE<\/strong><\/span><\/h1>\n<p>Gjerder hjelper oss med \u00e5 beskytte privatlivet v\u00e5rt mot nysgjerrige blikk. Men som alle deler av huset v\u00e5rt, vil vi at det skal se perfekt ut.<\/p>\n<p>For \u00e5 f\u00e5 et eksepsjonelt tregjerde kan vi tilby deg treverk og trebeskyttelse av h\u00f8y kvalitet fra det 21. \u00e5rhundre og de mest passende fargene for ditt eksteri\u00f8r.<\/p>\n\t\t<\/div>\n\t\t\t\t\t<\/div>\n\n\t\n<\/div>\n\t\t<\/div>\n\n\t\t\n<style>\n#section_1544075102 {\n  padding-top: 100px;\n  padding-bottom: 100px;\n  min-height: 500px;\n}\n#section_1544075102 .section-bg-overlay {\n  background-color: rgba(0,0,0,.5);\n}\n#section_1544075102 .section-bg img {\n  object-position: 0% 55%;\n}\n@media (min-width:550px) {\n  #section_1544075102 {\n    padding-top: 30px;\n    padding-bottom: 30px;\n  }\n}\n<\/style>\n\t<\/section>\n\t\n\n\t<section class=\"section\" id=\"section_1014537476\">\n\t\t<div class=\"section-bg fill\" >\n\t\t\t\t\t\t\t\t\t\n\t\t\t\n\n\t\t<\/div>\n\n\t\t\n\n\t\t<div class=\"section-content relative\">\n\t\t\t\n<div class=\"row\"  id=\"row-70902028\">\n\n\t<div id=\"col-1158422384\" class=\"col small-12 large-12\"  >\n\t\t\t\t<div class=\"col-inner\"  >\n\t\t\t\n\t\t\t\n<h2 class=\"uppercase\" style=\"text-align: center;\"><span style=\"font-size: 100%;\">Shou Sugi Ban-gjerder - lang levetid og holdbarhet<\/span><\/h2>\n\t\t<\/div>\n\t\t\t\t\t<\/div>\n\n\t\n\n\t<div id=\"col-211543164\" class=\"col medium-6 small-12 large-6\"  >\n\t\t\t\t<div class=\"col-inner\"  >\n\t\t\t\n\t\t\t\n<div class=\"is-divider divider clearfix\" style=\"background-color:#1a4d2e;\"><\/div>\n<p>Gjerder, i likhet med utend\u00f8rsterrasser, har en betydelig innvirkning p\u00e5 milj\u00f8et. Ved \u00e5 velge v\u00e5re produkter som er laget med Shou Sugi Ban-teknologi, sikrer du at produktet ditt vil vare mye lenger enn noe annet produkt.<\/p>\n<a href=\"\/nb\/teknologi\/\" class=\"button secondary\"  style=\"border-radius:5px;\">\n\t\t<span>Teknologi som brukes<\/span>\n\t<i class=\"icon-angle-right\" aria-hidden=\"true\" ><\/i><\/a>\n\n\t\t<\/div>\n\t\t\t\t\t<\/div>\n\n\t\n\n\t<div id=\"col-1515845321\" class=\"col medium-6 small-12 large-6\"  >\n\t\t\t\t<div class=\"col-inner\"  >\n\t\t\t\n\t\t\t\n\n  <div class=\"banner has-hover\" id=\"banner-74361084\">\n          <div class=\"banner-inner fill\">\n        <div class=\"banner-bg fill\" >\n            <img loading=\"lazy\" decoding=\"async\" width=\"1020\" height=\"765\" src=\"https:\/\/dragonwood.eu\/wp-content\/uploads\/2024\/04\/Tvora-1024x768.jpg\" class=\"bg attachment-large size-large\" alt=\"\" \/>                                    \n                    <\/div>\n\t\t\n        <div class=\"banner-layers container\">\n            <div class=\"fill banner-link\"><\/div>            \n        <\/div>\n      <\/div>\n\n            \n<style>\n#banner-74361084 {\n  padding-top: 400px;\n}\n<\/style>\n  <\/div>\n\n\n\t\t<\/div>\n\t\t\t\t\t<\/div>\n\n\t\n<\/div>\n\t\t<\/div>\n\n\t\t\n<style>\n#section_1014537476 {\n  padding-top: 30px;\n  padding-bottom: 30px;\n}\n<\/style>\n\t<\/section>\n\t\n\n\t<section class=\"section\" id=\"section_1773443162\">\n\t\t<div class=\"section-bg fill\" >\n\t\t\t\t\t\t\t\t\t\n\t\t\t\n\n\t\t<\/div>\n\n\t\t\n\n\t\t<div class=\"section-content relative\">\n\t\t\t\n<div class=\"row\"  id=\"row-120081312\">\n\n\t<div id=\"col-1298305789\" class=\"col small-12 large-12\"  >\n\t\t\t\t<div class=\"col-inner\"  >\n\t\t\t\n\t\t\t\n<h2 class=\"elementor-heading-title elementor-size-default uppercase\">DRAGONWOOD TREUTVALG<\/h2>\n\t\t<\/div>\n\t\t\t\t\t<\/div>\n\n\t\n\n\t<div id=\"col-630411422\" class=\"col small-12 large-12\"  >\n\t\t\t\t<div class=\"col-inner\"  >\n\t\t\t\n\t\t\t\n\t\n  \n    <div class=\"row large-columns-4 medium-columns-3 small-columns-2 row-large slider row-slider slider-nav-reveal slider-nav-push\"  data-flickity-options='{&quot;imagesLoaded&quot;: true, &quot;groupCells&quot;: &quot;100%&quot;, &quot;dragThreshold&quot; : 5, &quot;cellAlign&quot;: &quot;left&quot;,&quot;wrapAround&quot;: true,&quot;prevNextButtons&quot;: true,&quot;percentPosition&quot;: true,&quot;pageDots&quot;: false, &quot;rightToLeft&quot;: false, &quot;autoPlay&quot; : false}' >\n\n  \n\t     <div class=\"product-small col has-hover product type-product post-257 status-publish first instock product_cat-dailylentes has-post-thumbnail taxable shipping-taxable product-type-simple\">\n\t<div class=\"col-inner\">\n\t\n<div class=\"badge-container absolute left top z-1\">\n\n<\/div>\n\t<div class=\"product-small box\">\n\t\t<div class=\"box-image\">\n\t\t\t<div class=\"image-fade_in_back\">\n\t\t\t\t<a href=\"https:\/\/dragonwood.eu\/nb\/produkter\/kledning\/dragonwood-antrasitt\/\" aria-label=\"Dragonwood Anthracite Egl\u0117\">\n\t\t\t\t\t<img loading=\"lazy\" decoding=\"async\" width=\"300\" height=\"300\" src=\"https:\/\/dragonwood.eu\/wp-content\/uploads\/2024\/04\/Egle_Anthracite-300x300.jpg\" class=\"attachment-woocommerce_thumbnail size-woocommerce_thumbnail\" alt=\"Dragonwood Anthracite Egl\u0117\" srcset=\"https:\/\/dragonwood.eu\/wp-content\/uploads\/2024\/04\/Egle_Anthracite-300x300.jpg 300w, https:\/\/dragonwood.eu\/wp-content\/uploads\/2024\/04\/Egle_Anthracite-1024x1024.jpg 1024w, https:\/\/dragonwood.eu\/wp-content\/uploads\/2024\/04\/Egle_Anthracite-150x150.jpg 150w, https:\/\/dragonwood.eu\/wp-content\/uploads\/2024\/04\/Egle_Anthracite-768x768.jpg 768w, https:\/\/dragonwood.eu\/wp-content\/uploads\/2024\/04\/Egle_Anthracite-1536x1536.jpg 1536w, https:\/\/dragonwood.eu\/wp-content\/uploads\/2024\/04\/Egle_Anthracite-12x12.jpg 12w, https:\/\/dragonwood.eu\/wp-content\/uploads\/2024\/04\/Egle_Anthracite-600x600.jpg 600w, https:\/\/dragonwood.eu\/wp-content\/uploads\/2024\/04\/Egle_Anthracite-100x100.jpg 100w, https:\/\/dragonwood.eu\/wp-content\/uploads\/2024\/04\/Egle_Anthracite.jpg 2048w\" sizes=\"auto, (max-width: 300px) 100vw, 300px\" \/>\t\t\t\t<\/a>\n\t\t\t<\/div>\n\t\t\t<div class=\"image-tools is-small top right show-on-hover\">\n\t\t\t\t\t\t\t<\/div>\n\t\t\t<div class=\"image-tools is-small hide-for-small bottom left show-on-hover\">\n\t\t\t\t\t\t\t<\/div>\n\t\t\t<div class=\"image-tools grid-tools text-center hide-for-small bottom hover-slide-in show-on-hover\">\n\t\t\t\t\t\t\t<\/div>\n\t\t\t\t\t<\/div>\n\n\t\t<div class=\"box-text box-text-products\">\n\t\t\t<div class=\"title-wrapper\"><p class=\"name product-title woocommerce-loop-product__title\"><a href=\"https:\/\/dragonwood.eu\/nb\/produkter\/kledning\/dragonwood-antrasitt\/\" class=\"woocommerce-LoopProduct-link woocommerce-loop-product__link\">Dragonwood Anthracite Egl\u0117<\/a><\/p><\/div><div class=\"price-wrapper\"><\/div>\t\t<\/div>\n\t<\/div>\n\t\t<\/div>\n<\/div><div class=\"product-small col has-hover product type-product post-274 status-publish instock product_cat-dailylentes has-post-thumbnail taxable shipping-taxable product-type-simple\">\n\t<div class=\"col-inner\">\n\t\n<div class=\"badge-container absolute left top z-1\">\n\n<\/div>\n\t<div class=\"product-small box\">\n\t\t<div class=\"box-image\">\n\t\t\t<div class=\"image-fade_in_back\">\n\t\t\t\t<a href=\"https:\/\/dragonwood.eu\/nb\/produkter\/kledning\/dragonwood-svart\/\" aria-label=\"Dragonwood Black Egl\u0117\">\n\t\t\t\t\t<img loading=\"lazy\" decoding=\"async\" width=\"300\" height=\"300\" src=\"https:\/\/dragonwood.eu\/wp-content\/uploads\/2024\/04\/Egle_Black-300x300.jpg\" class=\"attachment-woocommerce_thumbnail size-woocommerce_thumbnail\" alt=\"Dragonwood Black Egl\u0117\" srcset=\"https:\/\/dragonwood.eu\/wp-content\/uploads\/2024\/04\/Egle_Black-300x300.jpg 300w, https:\/\/dragonwood.eu\/wp-content\/uploads\/2024\/04\/Egle_Black-1024x1024.jpg 1024w, https:\/\/dragonwood.eu\/wp-content\/uploads\/2024\/04\/Egle_Black-150x150.jpg 150w, https:\/\/dragonwood.eu\/wp-content\/uploads\/2024\/04\/Egle_Black-768x768.jpg 768w, https:\/\/dragonwood.eu\/wp-content\/uploads\/2024\/04\/Egle_Black-1536x1536.jpg 1536w, https:\/\/dragonwood.eu\/wp-content\/uploads\/2024\/04\/Egle_Black-12x12.jpg 12w, https:\/\/dragonwood.eu\/wp-content\/uploads\/2024\/04\/Egle_Black-600x600.jpg 600w, https:\/\/dragonwood.eu\/wp-content\/uploads\/2024\/04\/Egle_Black-100x100.jpg 100w, https:\/\/dragonwood.eu\/wp-content\/uploads\/2024\/04\/Egle_Black.jpg 2048w\" sizes=\"auto, (max-width: 300px) 100vw, 300px\" \/>\t\t\t\t<\/a>\n\t\t\t<\/div>\n\t\t\t<div class=\"image-tools is-small top right show-on-hover\">\n\t\t\t\t\t\t\t<\/div>\n\t\t\t<div class=\"image-tools is-small hide-for-small bottom left show-on-hover\">\n\t\t\t\t\t\t\t<\/div>\n\t\t\t<div class=\"image-tools grid-tools text-center hide-for-small bottom hover-slide-in show-on-hover\">\n\t\t\t\t\t\t\t<\/div>\n\t\t\t\t\t<\/div>\n\n\t\t<div class=\"box-text box-text-products\">\n\t\t\t<div class=\"title-wrapper\"><p class=\"name product-title woocommerce-loop-product__title\"><a href=\"https:\/\/dragonwood.eu\/nb\/produkter\/kledning\/dragonwood-svart\/\" class=\"woocommerce-LoopProduct-link woocommerce-loop-product__link\">Dragonwood Black Egl\u0117<\/a><\/p><\/div><div class=\"price-wrapper\"><\/div>\t\t<\/div>\n\t<\/div>\n\t\t<\/div>\n<\/div><div class=\"product-small col has-hover product type-product post-275 status-publish last instock product_cat-dailylentes has-post-thumbnail taxable shipping-taxable product-type-simple\">\n\t<div class=\"col-inner\">\n\t\n<div class=\"badge-container absolute left top z-1\">\n\n<\/div>\n\t<div class=\"product-small box\">\n\t\t<div class=\"box-image\">\n\t\t\t<div class=\"image-fade_in_back\">\n\t\t\t\t<a href=\"https:\/\/dragonwood.eu\/nb\/produkter\/kledning\/dragonwood-kastanje\/\" aria-label=\"Dragonwood Chestnut Egl\u0117\">\n\t\t\t\t\t<img loading=\"lazy\" decoding=\"async\" width=\"300\" height=\"300\" src=\"https:\/\/dragonwood.eu\/wp-content\/uploads\/2024\/04\/Egle_Chesnut-300x300.jpg\" class=\"attachment-woocommerce_thumbnail size-woocommerce_thumbnail\" alt=\"Dragonwood Chestnut Egl\u0117\" srcset=\"https:\/\/dragonwood.eu\/wp-content\/uploads\/2024\/04\/Egle_Chesnut-300x300.jpg 300w, https:\/\/dragonwood.eu\/wp-content\/uploads\/2024\/04\/Egle_Chesnut-1024x1024.jpg 1024w, https:\/\/dragonwood.eu\/wp-content\/uploads\/2024\/04\/Egle_Chesnut-150x150.jpg 150w, https:\/\/dragonwood.eu\/wp-content\/uploads\/2024\/04\/Egle_Chesnut-768x768.jpg 768w, https:\/\/dragonwood.eu\/wp-content\/uploads\/2024\/04\/Egle_Chesnut-1536x1536.jpg 1536w, https:\/\/dragonwood.eu\/wp-content\/uploads\/2024\/04\/Egle_Chesnut-12x12.jpg 12w, https:\/\/dragonwood.eu\/wp-content\/uploads\/2024\/04\/Egle_Chesnut-600x600.jpg 600w, https:\/\/dragonwood.eu\/wp-content\/uploads\/2024\/04\/Egle_Chesnut-100x100.jpg 100w, https:\/\/dragonwood.eu\/wp-content\/uploads\/2024\/04\/Egle_Chesnut.jpg 2048w\" sizes=\"auto, (max-width: 300px) 100vw, 300px\" \/>\t\t\t\t<\/a>\n\t\t\t<\/div>\n\t\t\t<div class=\"image-tools is-small top right show-on-hover\">\n\t\t\t\t\t\t\t<\/div>\n\t\t\t<div class=\"image-tools is-small hide-for-small bottom left show-on-hover\">\n\t\t\t\t\t\t\t<\/div>\n\t\t\t<div class=\"image-tools grid-tools text-center hide-for-small bottom hover-slide-in show-on-hover\">\n\t\t\t\t\t\t\t<\/div>\n\t\t\t\t\t<\/div>\n\n\t\t<div class=\"box-text box-text-products\">\n\t\t\t<div class=\"title-wrapper\"><p class=\"name product-title woocommerce-loop-product__title\"><a href=\"https:\/\/dragonwood.eu\/nb\/produkter\/kledning\/dragonwood-kastanje\/\" class=\"woocommerce-LoopProduct-link woocommerce-loop-product__link\">Dragonwood Chestnut Egl\u0117<\/a><\/p><\/div><div class=\"price-wrapper\"><\/div>\t\t<\/div>\n\t<\/div>\n\t\t<\/div>\n<\/div><div class=\"product-small col has-hover product type-product post-276 status-publish first instock product_cat-dailylentes has-post-thumbnail taxable shipping-taxable product-type-simple\">\n\t<div class=\"col-inner\">\n\t\n<div class=\"badge-container absolute left top z-1\">\n\n<\/div>\n\t<div class=\"product-small box\">\n\t\t<div class=\"box-image\">\n\t\t\t<div class=\"image-fade_in_back\">\n\t\t\t\t<a href=\"https:\/\/dragonwood.eu\/nb\/produkter\/kledning\/dragonwood-gra\/\" aria-label=\"Dragonwood Grey Egl\u0117\">\n\t\t\t\t\t<img loading=\"lazy\" decoding=\"async\" width=\"300\" height=\"300\" src=\"https:\/\/dragonwood.eu\/wp-content\/uploads\/2024\/04\/Egle_Grey-300x300.jpg\" class=\"attachment-woocommerce_thumbnail size-woocommerce_thumbnail\" alt=\"Dragonwood Grey Egl\u0117\" srcset=\"https:\/\/dragonwood.eu\/wp-content\/uploads\/2024\/04\/Egle_Grey-300x300.jpg 300w, https:\/\/dragonwood.eu\/wp-content\/uploads\/2024\/04\/Egle_Grey-1024x1024.jpg 1024w, https:\/\/dragonwood.eu\/wp-content\/uploads\/2024\/04\/Egle_Grey-150x150.jpg 150w, https:\/\/dragonwood.eu\/wp-content\/uploads\/2024\/04\/Egle_Grey-768x768.jpg 768w, https:\/\/dragonwood.eu\/wp-content\/uploads\/2024\/04\/Egle_Grey-1536x1536.jpg 1536w, https:\/\/dragonwood.eu\/wp-content\/uploads\/2024\/04\/Egle_Grey-12x12.jpg 12w, https:\/\/dragonwood.eu\/wp-content\/uploads\/2024\/04\/Egle_Grey-600x600.jpg 600w, https:\/\/dragonwood.eu\/wp-content\/uploads\/2024\/04\/Egle_Grey-100x100.jpg 100w, https:\/\/dragonwood.eu\/wp-content\/uploads\/2024\/04\/Egle_Grey.jpg 2048w\" sizes=\"auto, (max-width: 300px) 100vw, 300px\" \/>\t\t\t\t<\/a>\n\t\t\t<\/div>\n\t\t\t<div class=\"image-tools is-small top right show-on-hover\">\n\t\t\t\t\t\t\t<\/div>\n\t\t\t<div class=\"image-tools is-small hide-for-small bottom left show-on-hover\">\n\t\t\t\t\t\t\t<\/div>\n\t\t\t<div class=\"image-tools grid-tools text-center hide-for-small bottom hover-slide-in show-on-hover\">\n\t\t\t\t\t\t\t<\/div>\n\t\t\t\t\t<\/div>\n\n\t\t<div class=\"box-text box-text-products\">\n\t\t\t<div class=\"title-wrapper\"><p class=\"name product-title woocommerce-loop-product__title\"><a href=\"https:\/\/dragonwood.eu\/nb\/produkter\/kledning\/dragonwood-gra\/\" class=\"woocommerce-LoopProduct-link woocommerce-loop-product__link\">Dragonwood Grey Egl\u0117<\/a><\/p><\/div><div class=\"price-wrapper\"><\/div>\t\t<\/div>\n\t<\/div>\n\t\t<\/div>\n<\/div><div class=\"product-small col has-hover product type-product post-277 status-publish instock product_cat-dailylentes has-post-thumbnail taxable shipping-taxable product-type-simple\">\n\t<div class=\"col-inner\">\n\t\n<div class=\"badge-container absolute left top z-1\">\n\n<\/div>\n\t<div class=\"product-small box\">\n\t\t<div class=\"box-image\">\n\t\t\t<div class=\"image-fade_in_back\">\n\t\t\t\t<a href=\"https:\/\/dragonwood.eu\/nb\/produkter\/kledning\/dragonwood-hasselnott\/\" aria-label=\"Dragonwood Hazelnut Egl\u0117\">\n\t\t\t\t\t<img loading=\"lazy\" decoding=\"async\" width=\"300\" height=\"300\" src=\"https:\/\/dragonwood.eu\/wp-content\/uploads\/2024\/04\/Egle_Hazelnut-300x300.jpg\" class=\"attachment-woocommerce_thumbnail size-woocommerce_thumbnail\" alt=\"Dragonwood Hazelnut Egl\u0117\" srcset=\"https:\/\/dragonwood.eu\/wp-content\/uploads\/2024\/04\/Egle_Hazelnut-300x300.jpg 300w, https:\/\/dragonwood.eu\/wp-content\/uploads\/2024\/04\/Egle_Hazelnut-1024x1024.jpg 1024w, https:\/\/dragonwood.eu\/wp-content\/uploads\/2024\/04\/Egle_Hazelnut-150x150.jpg 150w, https:\/\/dragonwood.eu\/wp-content\/uploads\/2024\/04\/Egle_Hazelnut-768x768.jpg 768w, https:\/\/dragonwood.eu\/wp-content\/uploads\/2024\/04\/Egle_Hazelnut-1536x1536.jpg 1536w, https:\/\/dragonwood.eu\/wp-content\/uploads\/2024\/04\/Egle_Hazelnut-12x12.jpg 12w, https:\/\/dragonwood.eu\/wp-content\/uploads\/2024\/04\/Egle_Hazelnut-600x600.jpg 600w, https:\/\/dragonwood.eu\/wp-content\/uploads\/2024\/04\/Egle_Hazelnut-100x100.jpg 100w, https:\/\/dragonwood.eu\/wp-content\/uploads\/2024\/04\/Egle_Hazelnut.jpg 2048w\" sizes=\"auto, (max-width: 300px) 100vw, 300px\" \/>\t\t\t\t<\/a>\n\t\t\t<\/div>\n\t\t\t<div class=\"image-tools is-small top right show-on-hover\">\n\t\t\t\t\t\t\t<\/div>\n\t\t\t<div class=\"image-tools is-small hide-for-small bottom left show-on-hover\">\n\t\t\t\t\t\t\t<\/div>\n\t\t\t<div class=\"image-tools grid-tools text-center hide-for-small bottom hover-slide-in show-on-hover\">\n\t\t\t\t\t\t\t<\/div>\n\t\t\t\t\t<\/div>\n\n\t\t<div class=\"box-text box-text-products\">\n\t\t\t<div class=\"title-wrapper\"><p class=\"name product-title woocommerce-loop-product__title\"><a href=\"https:\/\/dragonwood.eu\/nb\/produkter\/kledning\/dragonwood-hasselnott\/\" class=\"woocommerce-LoopProduct-link woocommerce-loop-product__link\">Dragonwood Hazelnut Egl\u0117<\/a><\/p><\/div><div class=\"price-wrapper\"><\/div>\t\t<\/div>\n\t<\/div>\n\t\t<\/div>\n<\/div><div class=\"product-small col has-hover product type-product post-278 status-publish last instock product_cat-dailylentes has-post-thumbnail taxable shipping-taxable product-type-simple\">\n\t<div class=\"col-inner\">\n\t\n<div class=\"badge-container absolute left top z-1\">\n\n<\/div>\n\t<div class=\"product-small box\">\n\t\t<div class=\"box-image\">\n\t\t\t<div class=\"image-fade_in_back\">\n\t\t\t\t<a href=\"https:\/\/dragonwood.eu\/nb\/produkter\/kledning\/dragonwood-mahogny\/\" aria-label=\"Dragonwood Mahagoni Egl\u0117\">\n\t\t\t\t\t<img loading=\"lazy\" decoding=\"async\" width=\"300\" height=\"300\" src=\"https:\/\/dragonwood.eu\/wp-content\/uploads\/2024\/04\/Egle_Mahogany-300x300.jpg\" class=\"attachment-woocommerce_thumbnail size-woocommerce_thumbnail\" alt=\"Dragonwood Mahagoni Egl\u0117\" srcset=\"https:\/\/dragonwood.eu\/wp-content\/uploads\/2024\/04\/Egle_Mahogany-300x300.jpg 300w, https:\/\/dragonwood.eu\/wp-content\/uploads\/2024\/04\/Egle_Mahogany-1024x1024.jpg 1024w, https:\/\/dragonwood.eu\/wp-content\/uploads\/2024\/04\/Egle_Mahogany-150x150.jpg 150w, https:\/\/dragonwood.eu\/wp-content\/uploads\/2024\/04\/Egle_Mahogany-768x768.jpg 768w, https:\/\/dragonwood.eu\/wp-content\/uploads\/2024\/04\/Egle_Mahogany-1536x1536.jpg 1536w, https:\/\/dragonwood.eu\/wp-content\/uploads\/2024\/04\/Egle_Mahogany-12x12.jpg 12w, https:\/\/dragonwood.eu\/wp-content\/uploads\/2024\/04\/Egle_Mahogany-600x600.jpg 600w, https:\/\/dragonwood.eu\/wp-content\/uploads\/2024\/04\/Egle_Mahogany-100x100.jpg 100w, https:\/\/dragonwood.eu\/wp-content\/uploads\/2024\/04\/Egle_Mahogany.jpg 2048w\" sizes=\"auto, (max-width: 300px) 100vw, 300px\" \/>\t\t\t\t<\/a>\n\t\t\t<\/div>\n\t\t\t<div class=\"image-tools is-small top right show-on-hover\">\n\t\t\t\t\t\t\t<\/div>\n\t\t\t<div class=\"image-tools is-small hide-for-small bottom left show-on-hover\">\n\t\t\t\t\t\t\t<\/div>\n\t\t\t<div class=\"image-tools grid-tools text-center hide-for-small bottom hover-slide-in show-on-hover\">\n\t\t\t\t\t\t\t<\/div>\n\t\t\t\t\t<\/div>\n\n\t\t<div class=\"box-text box-text-products\">\n\t\t\t<div class=\"title-wrapper\"><p class=\"name product-title woocommerce-loop-product__title\"><a href=\"https:\/\/dragonwood.eu\/nb\/produkter\/kledning\/dragonwood-mahogny\/\" class=\"woocommerce-LoopProduct-link woocommerce-loop-product__link\">Dragonwood Mahagoni Egl\u0117<\/a><\/p><\/div><div class=\"price-wrapper\"><\/div>\t\t<\/div>\n\t<\/div>\n\t\t<\/div>\n<\/div><div class=\"product-small col has-hover product type-product post-279 status-publish first instock product_cat-dailylentes has-post-thumbnail taxable shipping-taxable product-type-simple\">\n\t<div class=\"col-inner\">\n\t\n<div class=\"badge-container absolute left top z-1\">\n\n<\/div>\n\t<div class=\"product-small box\">\n\t\t<div class=\"box-image\">\n\t\t\t<div class=\"image-fade_in_back\">\n\t\t\t\t<a href=\"https:\/\/dragonwood.eu\/nb\/produkter\/kledning\/dragonwood-naturlig\/\" aria-label=\"Dragonwood Natural Egl\u0117\">\n\t\t\t\t\t<img loading=\"lazy\" decoding=\"async\" width=\"300\" height=\"300\" src=\"https:\/\/dragonwood.eu\/wp-content\/uploads\/2024\/04\/Egle_Natural-300x300.jpg\" class=\"attachment-woocommerce_thumbnail size-woocommerce_thumbnail\" alt=\"Dragonwood Natural Egl\u0117\" srcset=\"https:\/\/dragonwood.eu\/wp-content\/uploads\/2024\/04\/Egle_Natural-300x300.jpg 300w, https:\/\/dragonwood.eu\/wp-content\/uploads\/2024\/04\/Egle_Natural-1024x1024.jpg 1024w, https:\/\/dragonwood.eu\/wp-content\/uploads\/2024\/04\/Egle_Natural-150x150.jpg 150w, https:\/\/dragonwood.eu\/wp-content\/uploads\/2024\/04\/Egle_Natural-768x768.jpg 768w, https:\/\/dragonwood.eu\/wp-content\/uploads\/2024\/04\/Egle_Natural-1536x1536.jpg 1536w, https:\/\/dragonwood.eu\/wp-content\/uploads\/2024\/04\/Egle_Natural-12x12.jpg 12w, https:\/\/dragonwood.eu\/wp-content\/uploads\/2024\/04\/Egle_Natural-600x600.jpg 600w, https:\/\/dragonwood.eu\/wp-content\/uploads\/2024\/04\/Egle_Natural-100x100.jpg 100w, https:\/\/dragonwood.eu\/wp-content\/uploads\/2024\/04\/Egle_Natural.jpg 2048w\" sizes=\"auto, (max-width: 300px) 100vw, 300px\" \/>\t\t\t\t<\/a>\n\t\t\t<\/div>\n\t\t\t<div class=\"image-tools is-small top right show-on-hover\">\n\t\t\t\t\t\t\t<\/div>\n\t\t\t<div class=\"image-tools is-small hide-for-small bottom left show-on-hover\">\n\t\t\t\t\t\t\t<\/div>\n\t\t\t<div class=\"image-tools grid-tools text-center hide-for-small bottom hover-slide-in show-on-hover\">\n\t\t\t\t\t\t\t<\/div>\n\t\t\t\t\t<\/div>\n\n\t\t<div class=\"box-text box-text-products\">\n\t\t\t<div class=\"title-wrapper\"><p class=\"name product-title woocommerce-loop-product__title\"><a href=\"https:\/\/dragonwood.eu\/nb\/produkter\/kledning\/dragonwood-naturlig\/\" class=\"woocommerce-LoopProduct-link woocommerce-loop-product__link\">Dragonwood Natural Egl\u0117<\/a><\/p><\/div><div class=\"price-wrapper\"><\/div>\t\t<\/div>\n\t<\/div>\n\t\t<\/div>\n<\/div><div class=\"product-small col has-hover product type-product post-280 status-publish instock product_cat-dailylentes has-post-thumbnail taxable shipping-taxable product-type-simple\">\n\t<div class=\"col-inner\">\n\t\n<div class=\"badge-container absolute left top z-1\">\n\n<\/div>\n\t<div class=\"product-small box\">\n\t\t<div class=\"box-image\">\n\t\t\t<div class=\"image-fade_in_back\">\n\t\t\t\t<a href=\"https:\/\/dragonwood.eu\/nb\/produkter\/kledning\/dragonwood-steingra\/\" aria-label=\"Dragonwood Stone Grey Egl\u0117\">\n\t\t\t\t\t<img loading=\"lazy\" decoding=\"async\" width=\"300\" height=\"300\" src=\"https:\/\/dragonwood.eu\/wp-content\/uploads\/2024\/04\/Egle_StoneGrey-300x300.jpg\" class=\"attachment-woocommerce_thumbnail size-woocommerce_thumbnail\" alt=\"Dragonwood Stone Grey Egl\u0117\" srcset=\"https:\/\/dragonwood.eu\/wp-content\/uploads\/2024\/04\/Egle_StoneGrey-300x300.jpg 300w, https:\/\/dragonwood.eu\/wp-content\/uploads\/2024\/04\/Egle_StoneGrey-1024x1024.jpg 1024w, https:\/\/dragonwood.eu\/wp-content\/uploads\/2024\/04\/Egle_StoneGrey-150x150.jpg 150w, https:\/\/dragonwood.eu\/wp-content\/uploads\/2024\/04\/Egle_StoneGrey-768x768.jpg 768w, https:\/\/dragonwood.eu\/wp-content\/uploads\/2024\/04\/Egle_StoneGrey-1536x1536.jpg 1536w, https:\/\/dragonwood.eu\/wp-content\/uploads\/2024\/04\/Egle_StoneGrey-12x12.jpg 12w, https:\/\/dragonwood.eu\/wp-content\/uploads\/2024\/04\/Egle_StoneGrey-600x600.jpg 600w, https:\/\/dragonwood.eu\/wp-content\/uploads\/2024\/04\/Egle_StoneGrey-100x100.jpg 100w, https:\/\/dragonwood.eu\/wp-content\/uploads\/2024\/04\/Egle_StoneGrey.jpg 2048w\" sizes=\"auto, (max-width: 300px) 100vw, 300px\" \/>\t\t\t\t<\/a>\n\t\t\t<\/div>\n\t\t\t<div class=\"image-tools is-small top right show-on-hover\">\n\t\t\t\t\t\t\t<\/div>\n\t\t\t<div class=\"image-tools is-small hide-for-small bottom left show-on-hover\">\n\t\t\t\t\t\t\t<\/div>\n\t\t\t<div class=\"image-tools grid-tools text-center hide-for-small bottom hover-slide-in show-on-hover\">\n\t\t\t\t\t\t\t<\/div>\n\t\t\t\t\t<\/div>\n\n\t\t<div class=\"box-text box-text-products\">\n\t\t\t<div class=\"title-wrapper\"><p class=\"name product-title woocommerce-loop-product__title\"><a href=\"https:\/\/dragonwood.eu\/nb\/produkter\/kledning\/dragonwood-steingra\/\" class=\"woocommerce-LoopProduct-link woocommerce-loop-product__link\">Dragonwood Stone Grey Egl\u0117<\/a><\/p><\/div><div class=\"price-wrapper\"><\/div>\t\t<\/div>\n\t<\/div>\n\t\t<\/div>\n<\/div><\/div>\n\t\t<\/div>\n\t\t\t\t\t<\/div>\n\n\t\n<\/div>\n\t\t<\/div>\n\n\t\t\n<style>\n#section_1773443162 {\n  padding-top: 30px;\n  padding-bottom: 30px;\n}\n<\/style>\n\t<\/section>\n\t\n\n\t<section class=\"section\" id=\"section_1537956011\">\n\t\t<div class=\"section-bg fill\" >\n\t\t\t\t\t\t\t\t\t\n\t\t\t\n\n\t\t<\/div>\n\n\t\t\n\n\t\t<div class=\"section-content relative\">\n\t\t\t\n<div class=\"row row-collapse align-center\"  id=\"row-74570805\">\n\n\t<div id=\"col-419082\" class=\"col medium-10 small-11 large-8\"  >\n\t\t\t\t<div class=\"col-inner text-center\"  >\n\t\t\t\n\t\t\t\n<h2>Er du interessert i tjenestene v\u00e5re?<\/h2>\n<p>Still sp\u00f8rsm\u00e5l i kontaktskjemaet v\u00e5rt<\/p>\n<a href=\"\/nb\/kontakt\/\" class=\"button secondary\"  style=\"border-radius:10px;\">\n\t\t<span>Kontakt<\/span>\n\t<\/a>\n\n\t\t<\/div>\n\t\t\t\t\t<\/div>\n\n\t\n<\/div>\n\t\t<\/div>\n\n\t\t\n<style>\n#section_1537956011 {\n  padding-top: 100px;\n  padding-bottom: 100px;\n  background-color: rgb(252, 249, 243);\n}\n@media (min-width:550px) {\n  #section_1537956011 {\n    padding-top: 80px;\n    padding-bottom: 80px;\n  }\n}\n<\/style>\n\t<\/section>","protected":false},"excerpt":{"rendered":"","protected":false},"author":1,"featured_media":0,"parent":0,"menu_order":0,"comment_status":"closed","ping_status":"closed","template":"page-blank.php","meta":{"footnotes":""},"class_list":["post-23","page","type-page","status-publish","hentry"],"_links":{"self":[{"href":"https:\/\/dragonwood.eu\/nb\/wp-json\/wp\/v2\/pages\/23","targetHints":{"allow":["GET"]}}],"collection":[{"href":"https:\/\/dragonwood.eu\/nb\/wp-json\/wp\/v2\/pages"}],"about":[{"href":"https:\/\/dragonwood.eu\/nb\/wp-json\/wp\/v2\/types\/page"}],"author":[{"embeddable":true,"href":"https:\/\/dragonwood.eu\/nb\/wp-json\/wp\/v2\/users\/1"}],"replies":[{"embeddable":true,"href":"https:\/\/dragonwood.eu\/nb\/wp-json\/wp\/v2\/comments?post=23"}],"version-history":[{"count":17,"href":"https:\/\/dragonwood.eu\/nb\/wp-json\/wp\/v2\/pages\/23\/revisions"}],"predecessor-version":[{"id":726,"href":"https:\/\/dragonwood.eu\/nb\/wp-json\/wp\/v2\/pages\/23\/revisions\/726"}],"wp:attachment":[{"href":"https:\/\/dragonwood.eu\/nb\/wp-json\/wp\/v2\/media?parent=23"}],"curies":[{"name":"wp","href":"https:\/\/api.w.org\/{rel}","templated":true}]}}