{"id":360,"date":"2024-04-26T13:37:48","date_gmt":"2024-04-26T13:37:48","guid":{"rendered":"https:\/\/dragonwood.eu\/?page_id=360"},"modified":"2024-05-27T18:11:45","modified_gmt":"2024-05-27T18:11:45","slug":"privatumo-politika","status":"publish","type":"page","link":"https:\/\/dragonwood.eu\/nb\/personvernerklaering\/","title":{"rendered":"Retningslinjer for personvern"},"content":{"rendered":"<section class=\"section dark\" id=\"section_2104003324\">\n\t\t<div class=\"section-bg fill\" >\n\t\t\t<img loading=\"lazy\" decoding=\"async\" width=\"2560\" height=\"1920\" src=\"https:\/\/dragonwood.eu\/wp-content\/uploads\/2024\/04\/IMG_7334_4HEIC-scaled-1.webp\" class=\"bg attachment-original size-original\" alt=\"\" \/>\t\t\t\t\t\t<div class=\"section-bg-overlay absolute fill\"><\/div>\n\t\t\t\n\n\t\t<\/div>\n\n\t\t\n\n\t\t<div class=\"section-content relative\">\n\t\t\t\n<div class=\"row\"  id=\"row-761286272\">\n\n\t<div id=\"col-888333694\" class=\"col medium-8 small-10 large-6\"  >\n\t\t\t\t<div class=\"col-inner text-left\"  >\n\t\t\t\n\t\t\t\n<h1 class=\"uppercase thin-font\">Personvern <strong>Retningslinjer<\/strong><\/h1>\n<p>Vennligst les personvernerkl\u00e6ringen p\u00e5 nettstedet v\u00e5rt<\/p>\n\t\t<\/div>\n\t\t\t\t\t<\/div>\n\n\t\n<\/div>\n\t\t<\/div>\n\n\t\t\n<style>\n#section_2104003324 {\n  padding-top: 100px;\n  padding-bottom: 100px;\n  min-height: 500px;\n}\n#section_2104003324 .section-bg-overlay {\n  background-color: rgba(0,0,0,.5);\n}\n#section_2104003324 .section-bg img {\n  object-position: 0% 55%;\n}\n@media (min-width:550px) {\n  #section_2104003324 {\n    padding-top: 30px;\n    padding-bottom: 30px;\n  }\n}\n<\/style>\n\t<\/section>\n\t\n\n\t<section class=\"section\" id=\"section_1203761847\">\n\t\t<div class=\"section-bg fill\" >\n\t\t\t\t\t\t\t\t\t\n\t\t\t\n\n\t\t<\/div>\n\n\t\t\n\n\t\t<div class=\"section-content relative\">\n\t\t\t\n<div class=\"row\"  id=\"row-642522148\">\n\n\t<div id=\"col-269134741\" class=\"col small-12 large-12\"  >\n\t\t\t\t<div class=\"col-inner\"  >\n\t\t\t\n\t\t\t\n<p data-fontsize=\"54\" data-lineheight=\"62.64px\">Denne personvernerkl\u00e6ringen (\"Personvernerkl\u00e6ring\" eller \"Retningslinjer\") forklarer hvordan Dragonwood.eu UAB (\"Selskapet\") samler inn og bruker informasjon n\u00e5r du bruker tjenestene som tilbys av www.dragonwood.eu (\"Nettstedet\") eller andre tjenester som leveres av oss (\"Tjenester\").<\/p>\n<p>Dragonwood.eu er forpliktet til sine aktiviteter\u00a0<em>p\u00e5 en ansvarlig og trygg m\u00e5te<\/em>\u00a0behandle personopplysningene dine. I samsvar med dette grunnleggende prinsippet vil vi alltid bestrebe oss p\u00e5 \u00e5 sikre et tilstrekkelig beskyttelsesniv\u00e5 for dine opplysninger og beskyttelse av dine rettigheter. Vi behandler personopplysninger i henhold til denne personvernerkl\u00e6ringen i samsvar med gjeldende lov, inkludert personvernforordningen (2016\/679) (\"GDPR\") og gjeldende litauisk nasjonal personvernlovgivning.<\/p>\n<p>I disse retningslinjene betyr \"dine personopplysninger\" all informasjon som kan identifisere deg (\"personopplysninger\").<\/p>\n<p>Vi er behandlingsansvarlig for personopplysningene som omfattes av disse retningslinjene.<\/p>\n<p>Vi bruker personopplysningene dine i forbindelse med v\u00e5r virksomhet og for \u00e5 levere tjenester til deg. V\u00e5rt m\u00e5l er \u00e5 kun behandle de personopplysningene du frivillig har gitt oss etter \u00e5 ha mottatt detaljert informasjon om form\u00e5let med behandlingen, og de opplysningene som er n\u00f8dvendige for \u00e5 oppfylle v\u00e5re kontrakter med deg, for \u00e5 oppfylle lovp\u00e5lagte krav og for \u00e5 drive virksomheten v\u00e5r.<\/p>\n<p>Les denne personvernerkl\u00e6ringen for \u00e5 finne ut hvordan vi behandler og beskytter personopplysningene dine.<\/p>\n<ol>\n<li>\n<p><strong>Innsamling og bruk av personopplysninger<\/strong><\/p>\n<\/li>\n<\/ol>\n<p><strong>1.1 Hvilken informasjon vi samler inn<\/strong><\/p>\n<p>Vi behandler personopplysningene dine hvis du frivillig oppgir dem til oss, f.eks. I forbindelse med e-post til oss, n\u00e5r du bestiller tjenestene v\u00e5re, fyller ut et skjema p\u00e5 nettstedet v\u00e5rt eller kontakter oss via telefon\/SMS. I visse tilfeller behandler vi allerede personopplysninger som du tidligere har gitt oss, f.eks. hvis du er en n\u00e5v\u00e6rende eller tidligere kunde hos oss. Vi behandler personopplysningene du gir oss i samsvar med disse retningslinjene og den lovgivningen som gjelder for oss. Personopplysningene dine vil ikke bli brukt til andre form\u00e5l enn de som er angitt p\u00e5 mottakstidspunktet, med mindre vi innhenter ytterligere samtykke fra deg eller slik bruk er lovp\u00e5lagt. Hvis du sender oss en CV, vil vi bruke informasjonen du oppgir til \u00e5 tilby deg den best egnede stillingen i selskapet v\u00e5rt.<\/p>\n<p><strong>1.2 Rettslig grunnlag for behandling av personopplysningene dine<\/strong><\/p>\n<p>Som hovedregel samler vi bare inn personopplysningene dine i den grad det er n\u00f8dvendig for \u00e5 levere tjenester til deg. EU-retten forplikter oss til \u00e5 informere de personene vi behandler personopplysninger om det rettslige grunnlaget for behandlingen. Vi baserer oss p\u00e5 ett av f\u00f8lgende rettslige grunnlag n\u00e5r vi behandler personopplysningene dine:<\/p>\n<p><strong>Grunnlag for oppfyllelse av kontrakten.<\/strong>\u00a0Gjelder der behandling av opplysningene dine er n\u00f8dvendig for \u00e5 oppfylle v\u00e5re forpliktelser overfor deg i henhold til en kontrakt, f.eks. for \u00e5 utstede et lojalitetskort eller for \u00e5 foreta\/motta betaling for tjenester.<\/p>\n<p><strong>Grunnlag for lovkravet.<\/strong>\u00a0Gjelder der vi er p\u00e5lagt ved lov eller forskrift \u00e5 behandle personopplysningene dine, f.eks. for skatteregnskapsform\u00e5l, utlevering av data til offentlige myndigheter eller politiet.<\/p>\n<p><strong>Juridisk grunnlag for samtykke.<\/strong>\u00a0I visse tilfeller vil vi bare behandle personopplysningene dine hvis vi p\u00e5 forh\u00e5nd har innhentet ditt samtykke.\u00a0<strong>Du kan n\u00e5r som helst trekke tilbake ditt samtykke til databehandling ved \u00e5 kontakte oss p\u00e5 info@dragonwood.eu<\/strong><\/p>\n<p><strong>Rettslig grunnlag for legitime interesser<\/strong>. Vi vil behandle personopplysningene dine n\u00e5r vi har en legitim interesse i \u00e5 gj\u00f8re det, og slik behandling ikke er til skade for beskyttelsen av dine interesser og rettigheter.<\/p>\n<p>For eksempel tar vi utgangspunkt i den legitime interessen ovenfor:<\/p>\n<ul>\n<li>\n<p>Vi gir bes\u00f8kende p\u00e5 nettstedet v\u00e5rt informasjon om selskapets tjenester eller jobbtilbud;<\/p>\n<\/li>\n<li>\n<p>Vi arbeider for \u00e5 forebygge svindel og kriminalitet, og for \u00e5 beskytte eiendelene og IT-systemene v\u00e5re;<\/p>\n<\/li>\n<li>\n<p>Vi organiserer og overv\u00e5ker annonseringsl\u00f8sningene vi bruker;<\/p>\n<\/li>\n<li>\n<p>Vi arbeider for \u00e5 sikre at vi oppfyller selskapets forretningsmessige og sosiale forpliktelser;<\/p>\n<\/li>\n<li>\n<p>Vi sikrer ut\u00f8velsen av rettighetene som er nedfelt i artikkel 16 og 17 i EUs charter om grunnleggende rettigheter, herunder friheten til \u00e5 drive n\u00e6ringsvirksomhet og eiendomsretten.<\/p>\n<\/li>\n<\/ul>\n<p>I visse tilfeller kan v\u00e5r behandling av personopplysninger ogs\u00e5 omfatte s\u00e6rlige kategorier av personopplysninger, dvs. personopplysninger som avsl\u00f8rer rasemessig eller etnisk opprinnelse, politisk oppfatning, religi\u00f8s eller filosofisk overbevisning eller fagforeningsmedlemskap, samt behandling av genetiske opplysninger, biometriske opplysninger med det form\u00e5l \u00e5 spesifikt identifisere en fysisk person, helseopplysninger eller opplysninger om en fysisk persons seksualliv og seksuelle orientering. Vi behandler kun disse opplysningene med ditt samtykke eller hvis slik behandling er lovp\u00e5lagt.<\/p>\n<p><strong>1.3 Automatisk innhenting av personopplysninger<\/strong><\/p>\n<p>I noen tilfeller bruker vi eller tjenesteleverand\u00f8rene vi benytter informasjonskapsler.\u00a0<em>sm\u00e5kaker<\/em>), nettverksdatainnsamlere (f.eks.\u00a0<em>nettvarder<\/em>) og andre smarte teknologier for automatisk \u00e5 samle inn visse opplysninger om deg n\u00e5r du bes\u00f8ker nettstedet v\u00e5rt og sender e-post til oss. Innsamlingen av denne informasjonen hjelper oss med \u00e5 skreddersy nettstedet v\u00e5rt til dine behov, forbedre synligheten, effektiviteten og nytten av informasjonsformidlingen v\u00e5r, og \u00e5 organisere og spore effektiviteten av annonseringsl\u00f8sningene vi bruker.<\/p>\n<p><strong>1.3.1 IP-adresser<\/strong><\/p>\n<p>N\u00e5r du bes\u00f8ker nettstedet v\u00e5rt, lagres din unike IP-adresse, og det er grunnen til at du kan se nettannonsene v\u00e5re oftere. IP-adressen brukes ogs\u00e5 til \u00e5 utarbeide trafikktall<\/p>\n<p><strong>1.3.2 Informasjonskapsler<\/strong><\/p>\n<p>Informasjonskapsler lagres vanligvis p\u00e5 datamaskinen din eller en annen enhet som du kobler til Internett med hver gang du g\u00e5r inn p\u00e5 nettstedet v\u00e5rt. Dette gj\u00f8r at vi kan skille enheten din fra andre.<\/p>\n<p>\u00a0<\/p>\n<p>N\u00e5r du bes\u00f8ker et nettsted, vil du i noen tilfeller bli presentert for en informasjonsmelding der du blir bedt om \u00e5 godta bruk av informasjonskapsler. Hvis du ikke gir ditt samtykke, vil datamaskinen din og andre enheter ikke bli sporet for direkte markedsf\u00f8ringsform\u00e5l. Informasjonskapsler er n\u00f8dvendige for at nettstedet skal fungere.\u00a0<em>bruker-imput<\/em>) vil fortsatt bli brukt for \u00e5 sikre at nettstedet v\u00e5rt fungerer som det skal. Ditt valg av informasjonskapsler lagres i en egen informasjonskapsel med en gyldighetsperiode p\u00e5 90 dager. Hvis du \u00f8nsker \u00e5 trekke tilbake ditt samtykke, kan du gj\u00f8re det ved \u00e5 slette informasjonskapslene i nettleseren din.<\/p>\n<p>\u00a0<\/p>\n<p>De fleste nettlesere godtar og tillater automatisk lagring av informasjonskapsler, men du kan endre innstillingene i nettleseren din for \u00e5 blokkere bruken av informasjonskapsler. Disse innstillingene er vanligvis lagret i Verkt\u00f8y-menypunktet i nettleseren.\u00a0<em>Verkt\u00f8y<\/em>) eller Innstillinger (\u00a0<em>Innstillinger<\/em>). Du kan ogs\u00e5 n\u00e5r som helst slette alle informasjonskapsler eller velge ut enkelte informasjonskapsler. Hvis du velger \u00e5 ikke godta informasjonskapsler i det hele tatt, kan det hende at du ikke f\u00e5r tilgang til alle funksjonene p\u00e5 nettstedet v\u00e5rt. Du finner mer informasjon om hvordan du administrerer informasjonskapselalternativene i de mest popul\u00e6re nettleserne her:\u00a0<a href=\"https:\/\/support.microsoft.com\/en-us\/help\/17442\/windows-internet-explorer-delete-manage-cookies\" target=\"_blank\" rel=\"noopener\">Internet Explorer<\/a>,\u00a0<a href=\"https:\/\/support.google.com\/chrome\/answer\/95647?hl=en\" target=\"_blank\" rel=\"noopener\">Krom<\/a>,\u00a0<a href=\"https:\/\/support.mozilla.org\/en-US\/kb\/delete-cookies-remove-info-websites-stored\" target=\"_blank\" rel=\"noopener\">Firefox<\/a>,\u00a0<a href=\"https:\/\/support.apple.com\/kb\/PH19214?locale=en_US\" target=\"_blank\" rel=\"noopener\">Safari<\/a>,\u00a0<a href=\"https:\/\/help.opera.com\/Windows\/9.51\/en\/cookies.html\" target=\"_blank\" rel=\"noopener\">Opera<\/a>.<\/p>\n<p>\u00a0<\/p>\n<p>For \u00e5 utvide funksjonaliteten p\u00e5 nettstedet v\u00e5rt bruker vi noen ganger tredjepartsverkt\u00f8y og widgeter (f.eks.\u00a0<em>widget<\/em>). Disse verkt\u00f8yene og kontrollene lagrer vanligvis en informasjonskapsel p\u00e5 datamaskinen eller enheten din for \u00e5 sikre at tilleggsfunksjonaliteten fungerer.<\/p>\n<p>\u00a0<\/p>\n<p>Informasjonskapsler forteller oss ikke e-postadressen din eller p\u00e5 annen m\u00e5te identifiserer deg personlig. Vi bruker ulike identifikatorer, inkludert IP-adresser, for \u00e5 m\u00e5le aktiviteten p\u00e5 nettstedet, men kun for \u00e5 fastsl\u00e5 antall unike bes\u00f8kende p\u00e5 nettstedet og den geografiske fordelingen av brukere, ikke for \u00e5 skille mellom spesifikke brukere.<\/p>\n<p>\u00a0<\/p>\n<p><strong>VED \u00c5 SURFE P\u00c5 NETTSTEDET V\u00c5RT, SAMTYKKER DU I AT INFORMASJONSKAPSLER SOM ER N\u00d8DVENDIGE FOR AT NETTSTEDET SKAL FUNGERE, LAGRES P\u00c5 DIN DATAMASKIN ELLER ANNEN ENHET.<\/strong><\/p>\n<p><strong>1.3.3 Nettfyrt\u00e5rn<\/strong><\/p>\n<p>En nettverksdatainnsamler er en liten bildefil p\u00e5 et nettsted som kan brukes til \u00e5 samle inn informasjon om en bes\u00f8kendes datamaskin, inkludert IP-adresse, tidspunkt for bes\u00f8ket, nettlesertype og informasjonskapsler som tidligere er lagret av den samme serveren. Vi overholder strengt de juridiske kravene ved bruk av nettverksdatainnsamlere.<\/p>\n<p>Vi eller tjenesteleverand\u00f8rene vi bruker, vil bruke nettverksdatainnsamlere for \u00e5 sikre riktig h\u00e5ndtering av informasjonskapsler og for \u00e5 avgj\u00f8re nytten av tjenester som leveres til oss av tredjeparter, for eksempel for \u00e5 tiltrekke bes\u00f8kende til informasjonsformidling, reklame eller rekrutteringstjenester.<\/p>\n<p>Du kan begrense funksjonaliteten til nettverksdatainnsamlere ved \u00e5 forby lagring av informasjonskapsler som er n\u00f8dvendige for driften av dem. I dette tilfellet kan nettverksdatainnsamleren fortsatt registrere et anonymt bes\u00f8k fra en bestemt IP-adresse, men informasjonen om informasjonskapsler lagres ikke.<\/p>\n<p>I noen av nyhetsbrevene v\u00e5re eller annen kommunikasjon sporer vi mottakernes handlinger, for eksempel \u00e5pning av en e-post, ved hjelp av nettverksdatainnsamlere. Vi bruker informasjonen vi samler inn for \u00e5 m\u00e5le brukernes interesse og for \u00e5 forbedre brukertilfredsheten i fremtiden.<\/p>\n<p><strong>1.3.4 Tiltak for plassering<\/strong><\/p>\n<p><em>N\u00e5r du bruker tjenestene v\u00e5re, kan vi samle inn informasjon om hvor datamaskinen eller en annen enhet befinner seg. Vi bruker denne informasjonen til \u00e5 skreddersy tjenestene v\u00e5re bedre til deg.<\/em><\/p>\n<p><strong>1.4 Verkt\u00f8y og applikasjoner for sosiale medier<\/strong><\/p>\n<p>Nettstedene v\u00e5re kan ha funksjonalitet som gj\u00f8r at du kan dele informasjon ved hjelp av sosiale plattformer som drives av tredjeparter, f.eks. Facebooks \"liker\"- og \"del\"-funksjoner. Disse sosiale plattformene kan lagre data om din bruk av nettstedet v\u00e5rt. Personopplysningene du oppgir n\u00e5r du bruker slike sosiale plattformer, kan ofte deles med andre deltakere p\u00e5 den sosiale plattformen. Slike overf\u00f8ringer reguleres av personvernerkl\u00e6ringen til operat\u00f8ren av den sosiale plattformen. Vi har ingen kontroll over hvordan disse personopplysningene behandles og kan ikke p\u00e5ta oss noe ansvar for dette.<\/p>\n<p><strong>1.5 Personopplysninger om barn<\/strong><\/p>\n<p>Vi forst\u00e5r hvor viktig det er \u00e5 beskytte barns personopplysninger p\u00e5 en god m\u00e5te. Nettstedet v\u00e5rt og tjenestene vi tilbyr, er ikke utformet for barn under 16 \u00e5r. Vi vil aldri bevisst samle inn eller lagre informasjon om barn under 16 \u00e5r, med mindre det er n\u00f8dvendig for \u00e5 kunne levere tjenestene v\u00e5re til deg.<\/p>\n<ol start=\"2\">\n<li>\n<p><strong>Overf\u00f8ring av personopplysninger til tredjeparter<\/strong><\/p>\n<\/li>\n<\/ol>\n<p>Vi deler ikke personopplysningene dine med tredjeparter med mindre det er n\u00f8dvendig for \u00e5 kunne levere tjenester til deg, for \u00e5 oppfylle dine foresp\u00f8rsler, for v\u00e5re legitime interesser og forretningsbehov, eller hvis det kreves i henhold til spesifikk lovgivning. Du kan se mer informasjon om v\u00e5r bruk av tredjeparter ved \u00e5 klikke p\u00e5 f\u00f8lgende lenke.<\/p>\n<p><strong>Vi gir ikke personopplysningene dine videre til tredjeparter som kan bruke disse opplysningene til direkte markedsf\u00f8ring.<\/strong><\/p>\n<ol start=\"3\">\n<li>\n<p><strong>Dine valg<\/strong><\/p>\n<\/li>\n<\/ol>\n<p>Vi vil normalt ikke be deg om \u00e5 oppgi personopplysninger n\u00e5r du bruker tjenestene v\u00e5re, med mindre det er n\u00f8dvendig for \u00e5 levere tjenesten, for eksempel for \u00e5 inng\u00e5 en kontrakt eller for \u00e5 holde kontakten med deg. Vi kan be deg om \u00e5 oppgi ytterligere personopplysninger n\u00e5r vi mottar en foresp\u00f8rsel fra deg om informasjon om tjenestene vi tilbyr deg. I visse tilfeller kan vi be om ytterligere samtykke til \u00e5 behandle personopplysningene dine, og du har rett til \u00e5 nekte \u00e5 samtykke til behandling for disse form\u00e5lene. Hvis du gir samtykke til \u00e5 motta visse tjenester eller kommunikasjon, vil vi gi deg muligheten til \u00e5 trekke tilbake dette samtykket n\u00e5r som helst. Hvis du trekker tilbake samtykket, vil vi fors\u00f8ke \u00e5 slutte \u00e5 bruke personopplysningene dine til de form\u00e5lene som er angitt i samtykket ditt, s\u00e5 snart som mulig.<\/p>\n<p>Som nevnt ovenfor i avsnittet \"Informasjonskapsler\", kan du fjerne informasjonskapsler fra nettleseren din og forby videre lagring av slike informasjonskapsler hvis du \u00f8nsker \u00e5 forby sporing ved hjelp av informasjonskapsler p\u00e5 nettstedet v\u00e5rt. I s\u00e5 fall kan det hende at visse funksjoner p\u00e5 nettstedet v\u00e5rt ikke fungerer som de skal.<\/p>\n<ol start=\"4\">\n<li>\n<p><strong>Dine rettigheter<\/strong><\/p>\n<\/li>\n<\/ol>\n<p>Hvis vi behandler personopplysningene dine, kan du ut\u00f8ve f\u00f8lgende rettigheter:<\/p>\n<p><strong>Gjenkjenning og korrigering.<\/strong>\u00a0Du har rett til \u00e5 f\u00e5 tilgang til personopplysningene dine som behandles av oss. For \u00e5 f\u00e5 tilgang til personopplysningene dine som behandles av oss, kan du sende inn en foresp\u00f8rsel til oss. Hvis vi etter \u00e5 ha vurdert foresp\u00f8rselen din bestemmer oss for at vi er forpliktet til \u00e5 gi deg denne rettigheten, vil vi gi deg informasjonen kostnadsfritt. For \u00e5 sikre beskyttelse av andres rettigheter og for \u00e5 kunne svare p\u00e5 foresp\u00f8rselen din p\u00e5 riktig m\u00e5te, kan vi be deg om \u00e5 gi oss personlig identifiserbar informasjon og annen informasjon om ditt forhold til oss f\u00f8r vi svarer. Hvis opplysningene vi behandler om deg, er un\u00f8yaktige, har du rett til \u00e5 be oss om \u00e5 korrigere disse opplysningene.<\/p>\n<p><strong>Rett til \u00e5 protestere mot behandling.<\/strong>\u00a0Du har rett til \u00e5 protestere mot v\u00e5r behandling av personopplysningene dine hvis vi ikke lenger kan bruke dem.<\/p>\n<p><strong>Andre rettigheter.<\/strong>\u00a0Hvis du mener at vi ikke b\u00f8r behandle personopplysningene dine eller at vi lagrer dem for lenge, har du rett til \u00e5 be om at personopplysningene dine slettes eller at vi begrenser bruken av dem. I visse tilfeller har du ogs\u00e5 rett til \u00e5 be om en kopi av den elektronisk lagrede informasjonen.<\/p>\n<p>Hvis du \u00f8nsker \u00e5 ut\u00f8ve rettighetene dine, kan du kontakte oss p\u00e5 info@dragonwood.eu. Etter at vi har mottatt foresp\u00f8rselen din, og i samsvar med gjeldende lovgivning og profesjonell praksis, vil vi gj\u00f8re v\u00e5rt beste for \u00e5 hjelpe deg med \u00e5 ut\u00f8ve rettighetene dine.<\/p>\n<ol start=\"5\">\n<li>\n<p><strong>Datasikkerhet og -integritet<\/strong><\/p>\n<\/li>\n<\/ol>\n<p>N\u00e5r vi behandler personopplysningene dine, bruker vi organisatoriske og tekniske databeskyttelsestiltak og -prosedyrer for \u00e5 beskytte personopplysningene dine mot uautorisert tap, misbruk, endring eller \u00f8deleggelse. Til tross for at vi gj\u00f8r v\u00e5rt beste, er det ikke mulig \u00e5 ta hensyn til alle mulige trusler og garantere absolutt sikkerhet for personopplysningene. For \u00e5 sikre maksimal beskyttelse av personopplysningene dine, er tilgangen til opplysningene begrenset til v\u00e5re ansatte i samsvar med \"need to know\"-prinsippet n\u00e5r vi behandler personopplysningene dine. Databehandlerne er forpliktet til \u00e5 overholde strenge krav til behandling av personopplysninger.<\/p>\n<p>Vi gj\u00f8r v\u00e5rt ytterste for \u00e5 sikre at personopplysningene dine kun behandles:<\/p>\n<ol>\n<li>\n<p>s\u00e5 lenge informasjonen er n\u00f8dvendig for \u00e5 kunne levere tjenester eller informasjon til deg;<\/p>\n<\/li>\n<li>\n<p>inntil vi er p\u00e5lagt \u00e5 oppbevare informasjonen i henhold til lov eller forretningsmessig n\u00f8dvendighet, eller<\/p>\n<\/li>\n<\/ol>\n<ul>\n<li>\n<p>inntil du ber om at personopplysningene dine slettes. Den spesifikke oppbevaringsperioden vil avhenge av omstendighetene da opplysningene ble samlet inn og form\u00e5lene opplysningene brukes til, men med forbehold om kravene i (I) til (III) ovenfor, vil personopplysningene ikke bli oppbevart lenger enn to \u00e5r.<\/p>\n<\/li>\n<\/ul>\n<ol start=\"6\">\n<li>\n<p><strong>Lenker til andre nettsteder<\/strong><\/p>\n<\/li>\n<\/ol>\n<p>V\u00e6r oppmerksom p\u00e5 at nettstedet v\u00e5rt inneholder lenker til andre nettsteder, inkludert nettsteder som drives av tredjeparter, som ikke er omfattet av denne personvernerkl\u00e6ringen og som kan ha en vesentlig annerledes personvernpraksis. Vi oppfordrer deg til \u00e5 lese personvernerkl\u00e6ringen for hvert av disse nettstedene f\u00f8r du oppgir informasjon som kan identifisere deg.<\/p>\n<ol start=\"7\">\n<li>\n<p><strong>Endringer i disse retningslinjene<\/strong><\/p>\n<\/li>\n<\/ol>\n<p>Vi kan revidere og oppdatere denne personvernerkl\u00e6ringen i lys av v\u00e5re tiltak for beskyttelse av personopplysninger. Hver gang vi oppdaterer denne personvernerkl\u00e6ringen, vil vi oppdatere feltet \"Sist oppdatert\" \u00f8verst i erkl\u00e6ringen. Du vil bli varslet om endringer i personvernerkl\u00e6ringen som gjelder deg, p\u00e5 vanlig m\u00e5te i kommunikasjonen mellom deg og oss.<\/p>\n<ol start=\"8\">\n<li>\n<p><strong>Sikre en personvernerkl\u00e6ring<\/strong><\/p>\n<\/li>\n<\/ol>\n<p>Vi er forpliktet til \u00e5 beskytte personopplysningene dine. Hvis du har sp\u00f8rsm\u00e5l eller kommentarer til behandlingen av personopplysningene dine, kan du kontakte oss p\u00e5 info@dragonwood.eu. Du kan ogs\u00e5 bruke denne adressen til \u00e5 sende inn eventuelle kommentarer til denne personvernerkl\u00e6ringen.<\/p>\n<p>N\u00e5r vi mottar foresp\u00f8rselen din, vil vi bekrefte mottak av foresp\u00f8rselen innen 14 dager og bestrebe oss p\u00e5 \u00e5 gi deg et svar innen \u00e9n m\u00e5ned etter mottak. Hvis foresp\u00f8rselen din er kompleks, eller hvis vi har mottatt et sv\u00e6rt stort antall foresp\u00f8rsler p\u00e5 det aktuelle tidspunktet, kan vi forlenge fristen for \u00e5 svare p\u00e5 foresp\u00f8rselen din til tre m\u00e5neder etter mottak av foresp\u00f8rselen din, etter \u00e5 ha gitt deg ytterligere varsel.<\/p>\n<p>Til slutt har du alltid rett til \u00e5 klage til det statlige datatilsynet over urettmessig behandling av opplysningene dine.<\/p>\n<p>\u00a0<\/p>\n<p><strong>Vedlegg<\/strong><\/p>\n<p>Den uthevede henvisningen i avsnitt 2.2 (overf\u00f8ring av opplysninger til tredjeparter) b\u00f8r f\u00f8re til en egen side der denne teksten skal vises:<\/p>\n<p><strong>Overf\u00f8ring av data til tredjeparter<\/strong><\/p>\n<p>Vi deler ikke personopplysningene dine med tredjeparter med mindre det er n\u00f8dvendig for \u00e5 kunne levere tjenester til deg, for \u00e5 etterkomme foresp\u00f8rsler fra deg, for v\u00e5re legitime forretningsbehov og\/eller hvis det er lovp\u00e5lagt. Dette inkluderer:<\/p>\n<p><strong>V\u00e5re tjenesteleverand\u00f8rer:\u00a0<\/strong>Vi deler personopplysningene dine med tredjeparter som leverer tjenester til oss, for eksempel v\u00e5re leverand\u00f8rer av IT-vedlikehold, v\u00e5re nettstedsleverand\u00f8rer (f.eks.<em>\u00a0vertskap<\/em>), v\u00e5re leverand\u00f8rer av regnskapstjenester, konsulenter, advokater og andre leverand\u00f8rer av varer og tjenester. Vi samarbeider med disse tredjepartene og overf\u00f8rer behandlingen av personopplysningene dine til dem. Vi overf\u00f8rer bare personopplysningene dine til disse tredjepartene hvis de overholder v\u00e5re strenge krav til behandling av personopplysninger og sikkerhet. Vi deler bare personopplysningene dine i den grad det er n\u00f8dvendig for \u00e5 levere tjenestene til disse tredjepartene.<\/p>\n<p><strong>Hvis vi eller deler av virksomheten v\u00e5r skulle bli solgt, omorganisert eller overf\u00f8rt til et annet selskap:\u00a0<\/strong>vil vi overf\u00f8re personopplysninger i forbindelse med salget eller omorganiseringen i den grad de er direkte knyttet til utf\u00f8relsen av den virksomheten som selges eller overf\u00f8res.<\/p>\n<p><strong>forunders\u00f8kelsesmyndigheter, domstoler eller andre organer som er autorisert av staten:\u00a0<\/strong>vi overf\u00f8rer personopplysninger p\u00e5 foresp\u00f8rsel fra domstoler, forunders\u00f8kelsesmyndigheter eller andre autoriserte organer der dette er n\u00f8dvendig for \u00e5 utf\u00f8re v\u00e5re juridiske plikter, eller der det foreligger et annet lovlig grunnlag for overf\u00f8ring av opplysninger.<\/p>\n\t\t<\/div>\n\t\t\t\t\t<\/div>\n\n\t\n<\/div>\n\t\t<\/div>\n\n\t\t\n<style>\n#section_1203761847 {\n  padding-top: 30px;\n  padding-bottom: 30px;\n}\n<\/style>\n\t<\/section>","protected":false},"excerpt":{"rendered":"","protected":false},"author":1,"featured_media":0,"parent":0,"menu_order":0,"comment_status":"closed","ping_status":"closed","template":"page-blank.php","meta":{"footnotes":""},"class_list":["post-360","page","type-page","status-publish","hentry"],"_links":{"self":[{"href":"https:\/\/dragonwood.eu\/nb\/wp-json\/wp\/v2\/pages\/360","targetHints":{"allow":["GET"]}}],"collection":[{"href":"https:\/\/dragonwood.eu\/nb\/wp-json\/wp\/v2\/pages"}],"about":[{"href":"https:\/\/dragonwood.eu\/nb\/wp-json\/wp\/v2\/types\/page"}],"author":[{"embeddable":true,"href":"https:\/\/dragonwood.eu\/nb\/wp-json\/wp\/v2\/users\/1"}],"replies":[{"embeddable":true,"href":"https:\/\/dragonwood.eu\/nb\/wp-json\/wp\/v2\/comments?post=360"}],"version-history":[{"count":2,"href":"https:\/\/dragonwood.eu\/nb\/wp-json\/wp\/v2\/pages\/360\/revisions"}],"predecessor-version":[{"id":362,"href":"https:\/\/dragonwood.eu\/nb\/wp-json\/wp\/v2\/pages\/360\/revisions\/362"}],"wp:attachment":[{"href":"https:\/\/dragonwood.eu\/nb\/wp-json\/wp\/v2\/media?parent=360"}],"curies":[{"name":"wp","href":"https:\/\/api.w.org\/{rel}","templated":true}]}}