{"id":13,"date":"2024-04-18T17:17:10","date_gmt":"2024-04-18T17:17:10","guid":{"rendered":"https:\/\/dragonwood.eu\/?page_id=13"},"modified":"2025-06-16T10:48:14","modified_gmt":"2025-06-16T07:48:14","slug":"technologija","status":"publish","type":"page","link":"https:\/\/dragonwood.eu\/nl\/technologie\/","title":{"rendered":"Technologie"},"content":{"rendered":"<section class=\"section dark\" id=\"section_980804525\">\n\t\t<div class=\"section-bg fill\" >\n\t\t\t<img loading=\"lazy\" decoding=\"async\" width=\"2560\" height=\"1920\" src=\"https:\/\/dragonwood.eu\/wp-content\/uploads\/2024\/04\/IMG_7334_4HEIC-scaled-1.webp\" class=\"bg attachment-original size-original\" alt=\"\" \/>\t\t\t\t\t\t<div class=\"section-bg-overlay absolute fill\"><\/div>\n\t\t\t\n\n\t\t<\/div>\n\n\t\t\n\n\t\t<div class=\"section-content relative\">\n\t\t\t\n<div class=\"row\"  id=\"row-473124513\">\n\n\t<div id=\"col-1968485659\" class=\"col medium-8 small-12 large-6\"  >\n\t\t\t\t<div class=\"col-inner text-left\"  >\n\t\t\t\n\t\t\t\n<h1 class=\"uppercase thin-font\"><span class=\"ez-toc-section\" id=\"naudojama_TECHNOLOGIJA\"><\/span><span style=\"font-size: 120%;\">tweedehands <strong>TECHNOLOGIE<\/strong><\/span><span class=\"ez-toc-section-end\"><\/span><\/h1>\n<p>DRAGONWOOD gebruikt alleen milieuvriendelijke producten voor de Shou Sugi Ban behandeling, waardoor de structuur van het hout wordt benadrukt en de gewenste tint wordt gegeven.<\/p>\n\t\t<\/div>\n\t\t\t\t\t<\/div>\n\n\t\n<\/div>\n\t\t<\/div>\n\n\t\t\n<style>\n#section_980804525 {\n  padding-top: 100px;\n  padding-bottom: 100px;\n  min-height: 500px;\n}\n#section_980804525 .section-bg-overlay {\n  background-color: rgba(0,0,0,.5);\n}\n#section_980804525 .section-bg img {\n  object-position: 0% 55%;\n}\n@media (min-width:550px) {\n  #section_980804525 {\n    padding-top: 30px;\n    padding-bottom: 30px;\n  }\n}\n<\/style>\n\t<\/section>\n\t\n\n\t<section class=\"section\" id=\"section_1701108859\">\n\t\t<div class=\"section-bg fill\" >\n\t\t\t\t\t\t\t\t\t\n\t\t\t\n\n\t\t<\/div>\n\n\t\t\n\n\t\t<div class=\"section-content relative\">\n\t\t\t\n<div class=\"row row-collapse align-center\"  id=\"row-1129732278\">\n\n\t<div id=\"col-1914988623\" class=\"col medium-8 small-10 large-12\"  >\n\t\t\t\t<div class=\"col-inner text-center\"  >\n\t\t\t\n\t\t\t\n<h2 class=\"elementor-heading-title elementor-size-default\"><span class=\"ez-toc-section\" id=\"TECHNOLOGIJOS_NAUDOJIMAS\"><\/span>TECHNOLOGIE\u00cbN\u00a0<b>GEBRUIK<\/b><span class=\"ez-toc-section-end\"><\/span><\/h2>\n<p>De productie begint met het verbranden van het hout op een speciale temperatuur. Dit proces geeft het hout zijn duurzame eigenschappen.\u00a0<\/p>\n<p>Om het juiste houtproduct te verkrijgen, gebruiken we ook oli\u00ebn die de duurzaamheid van het hout behouden en het extra bescherming en schoonheid geven.<\/p>\n\t\t<\/div>\n\t\t\t\t\t<\/div>\n\n\t\n<\/div>\n\t\t<\/div>\n\n\t\t\n<style>\n#section_1701108859 {\n  padding-top: 40px;\n  padding-bottom: 40px;\n}\n@media (min-width:550px) {\n  #section_1701108859 {\n    padding-top: 40px;\n    padding-bottom: 40px;\n  }\n}\n<\/style>\n\t<\/section>\n\t\n<div class=\"row row-collapse\"  id=\"row-1249623713\">\n\n\t<div id=\"col-2128937418\" class=\"col small-12 large-12\"  >\n\t\t\t\t<div class=\"col-inner\"  >\n\t\t\t\n\t\t\t\n<div class=\"is-divider divider clearfix\" style=\"max-width:100%;height:2px;background-color:rgba(39, 54, 71, 0.1);\"><\/div>\n\t\t<\/div>\n\t\t\t\t\t<\/div>\n\n\t\n<\/div>\n\n\t<section class=\"section\" id=\"section_1749633226\">\n\t\t<div class=\"section-bg fill\" >\n\t\t\t\t\t\t\t\t\t\n\t\t\t\n\n\t\t<\/div>\n\n\t\t\n\n\t\t<div class=\"section-content relative\">\n\t\t\t\n<div class=\"row row-large\"  id=\"row-26816456\">\n\n\t<div id=\"col-829083173\" class=\"col medium-6 small-12 large-6\"  >\n\t\t\t\t<div class=\"col-inner\"  >\n\t\t\t\n\t\t\t\n\t<div class=\"img has-hover x md-x lg-x y md-y lg-y\" id=\"image_457208772\">\n\t\t\t\t\t\t\t\t<div class=\"img-inner image-cover dark\" style=\"padding-top:300px;\">\n\t\t\t<img loading=\"lazy\" decoding=\"async\" width=\"1020\" height=\"685\" src=\"https:\/\/dragonwood.eu\/wp-content\/uploads\/2024\/04\/fire-1024x688.jpg\" class=\"attachment-large size-large\" alt=\"\" srcset=\"https:\/\/dragonwood.eu\/wp-content\/uploads\/2024\/04\/fire-1024x688.jpg 1024w, https:\/\/dragonwood.eu\/wp-content\/uploads\/2024\/04\/fire-600x403.jpg 600w, https:\/\/dragonwood.eu\/wp-content\/uploads\/2024\/04\/fire-300x202.jpg 300w, https:\/\/dragonwood.eu\/wp-content\/uploads\/2024\/04\/fire-768x516.jpg 768w, https:\/\/dragonwood.eu\/wp-content\/uploads\/2024\/04\/fire-1536x1032.jpg 1536w, https:\/\/dragonwood.eu\/wp-content\/uploads\/2024\/04\/fire-18x12.jpg 18w, https:\/\/dragonwood.eu\/wp-content\/uploads\/2024\/04\/fire.jpg 2000w\" sizes=\"auto, (max-width: 1020px) 100vw, 1020px\" \/>\t\t\t\t\t\t\n\t\t\t\t\t<\/div>\n\t\t\t\t\t\t\t\t\n<style>\n#image_457208772 {\n  width: 100%;\n}\n<\/style>\n\t<\/div>\n\t\n\t\t<\/div>\n\t\t\t\t\t<\/div>\n\n\t\n\n\t<div id=\"col-1510677252\" class=\"col medium-6 small-12 large-6\"  >\n\t\t\t\t<div class=\"col-inner\"  >\n\t\t\t\n\t\t\t\n<h6 class=\"uppercase\"><span class=\"ez-toc-section\" id=\"Pirma\"><\/span><span style=\"color: #1A4D2E\">Eerste<\/span><span class=\"ez-toc-section-end\"><\/span><\/h6>\n<h2 class=\"elementor-heading-title elementor-size-default\"><span class=\"ez-toc-section\" id=\"Apdeginame\"><\/span>Brandend<span class=\"ez-toc-section-end\"><\/span><\/h2>\n<p>DRAGONWOOD gebruikt ovens die een temperatuur van 1000 graden Celsius aanhouden voor het bakken. De hoge temperatuur lost de verschillende organische bestanddelen op en sluit de pori\u00ebn aan het oppervlak van het hout, waardoor het beschermd wordt tegen invloeden van buitenaf.\u00a0<\/p>\n<p>Bij de Shou sugi ban technologie is het verbranden van het hout belangrijk omdat het de levensduur van het hout garandeert door het te beschermen tegen de effecten van de omgeving (ultraviolette stralen, regen en ongedierte). Deze processen kunnen alleen worden beheerd door hooggekwalificeerde vakmensen.<\/p>\n\t\t<\/div>\n\t\t\t\t\t<\/div>\n\n\t\n<\/div>\n<div class=\"row row-large\"  id=\"row-2136997241\">\n\n\t<div id=\"col-400135099\" class=\"col medium-6 small-12 large-6\"  >\n\t\t\t\t<div class=\"col-inner\"  >\n\t\t\t\n\t\t\t\n<h6 class=\"uppercase\" style=\"color: #1A4D2E\"><span class=\"ez-toc-section\" id=\"Atvesus\"><\/span>Na afkoeling<span class=\"ez-toc-section-end\"><\/span><\/h6>\n<h2 class=\"elementor-heading-title elementor-size-default\"><span class=\"ez-toc-section\" id=\"Nusukuojame\"><\/span>Kammen<span class=\"ez-toc-section-end\"><\/span><\/h2>\n<p>Nadat het hout is gebrand, wordt de verkoolde laag eraf gekamd met speciale schrapers. Dit proces laat een zacht oppervlak achter dat de unieke structuur van het hout naar voren brengt.\u00a0<\/p>\n\t\t<\/div>\n\t\t\t\t\t<\/div>\n\n\t\n\n\t<div id=\"col-127609010\" class=\"col medium-6 small-12 large-6 small-col-first\"  >\n\t\t\t\t<div class=\"col-inner\"  >\n\t\t\t\n\t\t\t\n\t<div class=\"img has-hover x md-x lg-x y md-y lg-y\" id=\"image_1716298742\">\n\t\t\t\t\t\t\t\t<div class=\"img-inner image-cover dark\" style=\"padding-top:300px;\">\n\t\t\t<img loading=\"lazy\" decoding=\"async\" width=\"501\" height=\"1024\" src=\"https:\/\/dragonwood.eu\/wp-content\/uploads\/2024\/04\/Egles-stendas-501x1024.jpg\" class=\"attachment-large size-large\" alt=\"\" srcset=\"https:\/\/dragonwood.eu\/wp-content\/uploads\/2024\/04\/Egles-stendas-501x1024.jpg 501w, https:\/\/dragonwood.eu\/wp-content\/uploads\/2024\/04\/Egles-stendas-600x1226.jpg 600w, https:\/\/dragonwood.eu\/wp-content\/uploads\/2024\/04\/Egles-stendas-147x300.jpg 147w, https:\/\/dragonwood.eu\/wp-content\/uploads\/2024\/04\/Egles-stendas-768x1570.jpg 768w, https:\/\/dragonwood.eu\/wp-content\/uploads\/2024\/04\/Egles-stendas-751x1536.jpg 751w, https:\/\/dragonwood.eu\/wp-content\/uploads\/2024\/04\/Egles-stendas-6x12.jpg 6w, https:\/\/dragonwood.eu\/wp-content\/uploads\/2024\/04\/Egles-stendas.jpg 840w\" sizes=\"auto, (max-width: 501px) 100vw, 501px\" \/>\t\t\t\t\t\t\n\t\t\t\t\t<\/div>\n\t\t\t\t\t\t\t\t\n<style>\n#image_1716298742 {\n  width: 100%;\n}\n<\/style>\n\t<\/div>\n\t\n\t\t<\/div>\n\t\t\t\t\t<\/div>\n\n\t\n<\/div>\n<div class=\"row row-large\"  id=\"row-1914084881\">\n\n\t<div id=\"col-1963708605\" class=\"col medium-6 small-12 large-6\"  >\n\t\t\t\t<div class=\"col-inner\"  >\n\t\t\t\n\t\t\t\n\t<div class=\"img has-hover x md-x lg-x y md-y lg-y\" id=\"image_2125326258\">\n\t\t\t\t\t\t\t\t<div class=\"img-inner image-cover dark\" style=\"padding-top:300px;\">\n\t\t\t<img loading=\"lazy\" decoding=\"async\" width=\"1020\" height=\"680\" src=\"https:\/\/dragonwood.eu\/wp-content\/uploads\/2024\/04\/Deginta-mediena-1024x683.jpg\" class=\"attachment-large size-large\" alt=\"\" srcset=\"https:\/\/dragonwood.eu\/wp-content\/uploads\/2024\/04\/Deginta-mediena-1024x683.jpg 1024w, https:\/\/dragonwood.eu\/wp-content\/uploads\/2024\/04\/Deginta-mediena-600x400.jpg 600w, https:\/\/dragonwood.eu\/wp-content\/uploads\/2024\/04\/Deginta-mediena-300x200.jpg 300w, https:\/\/dragonwood.eu\/wp-content\/uploads\/2024\/04\/Deginta-mediena-768x512.jpg 768w, https:\/\/dragonwood.eu\/wp-content\/uploads\/2024\/04\/Deginta-mediena-1536x1024.jpg 1536w, https:\/\/dragonwood.eu\/wp-content\/uploads\/2024\/04\/Deginta-mediena-2048x1366.jpg 2048w, https:\/\/dragonwood.eu\/wp-content\/uploads\/2024\/04\/Deginta-mediena-18x12.jpg 18w\" sizes=\"auto, (max-width: 1020px) 100vw, 1020px\" \/>\t\t\t\t\t\t\n\t\t\t\t\t<\/div>\n\t\t\t\t\t\t\t\t\n<style>\n#image_2125326258 {\n  width: 100%;\n}\n<\/style>\n\t<\/div>\n\t\n\t\t<\/div>\n\t\t\t\t\t<\/div>\n\n\t\n\n\t<div id=\"col-263706864\" class=\"col medium-6 small-12 large-6\"  >\n\t\t\t\t<div class=\"col-inner\"  >\n\t\t\t\n\t\t\t\n<h6 class=\"uppercase\" style=\"color: #1A4D2E\"><span class=\"ez-toc-section\" id=\"Galiausiai\"><\/span>Eindelijk<span class=\"ez-toc-section-end\"><\/span><\/h6>\n<h2 class=\"elementor-heading-title elementor-size-default\"><span class=\"ez-toc-section\" id=\"Padengiame\"><\/span>We dekken<span class=\"ez-toc-section-end\"><\/span><\/h2>\n<p>\u0160iame gamybos etape, medien\u0105 padengiame kokybi\u0161ka pasaulyje pripa\u017einta itali\u0161ka alyva, kuri padidina medienos atsparum\u0105 ir suteikia medienai i\u0161skirtinai gra\u017e\u0173 J\u016bs\u0173 pasirinkt\u0105 woca atspalv\u012f.\u00a0<\/p>\n\t\t<\/div>\n\t\t\t\t\t<\/div>\n\n\t\n<\/div>\n\t\t<\/div>\n\n\t\t\n<style>\n#section_1749633226 {\n  padding-top: 60px;\n  padding-bottom: 60px;\n  background-color: rgb(255,255,255);\n}\n<\/style>\n\t<\/section>\n\t\n\n\t<section class=\"section\" id=\"section_2124298618\">\n\t\t<div class=\"section-bg fill\" >\n\t\t\t\t\t\t\t\t\t\n\t\t\t\n\n\t\t<\/div>\n\n\t\t\n\n\t\t<div class=\"section-content relative\">\n\t\t\t\n<div class=\"row row-collapse align-center\"  id=\"row-543084172\">\n\n\t<div id=\"col-1148147914\" class=\"col medium-10 small-11 large-8\"  >\n\t\t\t\t<div class=\"col-inner text-center\"  >\n\t\t\t\n\t\t\t\n<h2><span class=\"ez-toc-section\" id=\"Sudomino_musu_produkcija\"><\/span>Ge\u00efnteresseerd in onze producten?<span class=\"ez-toc-section-end\"><\/span><\/h2>\n<p>Stel vragen in het contactformulier<\/p>\n<a href=\"\/nl\/contact\/\" class=\"button secondary\"  style=\"border-radius:10px;\">\n\t\t<span>Neem contact op met<\/span>\n\t<\/a>\n\n\t\t<\/div>\n\t\t\t\t\t<\/div>\n\n\t\n<\/div>\n\t\t<\/div>\n\n\t\t\n<style>\n#section_2124298618 {\n  padding-top: 100px;\n  padding-bottom: 100px;\n  background-color: rgb(252, 249, 243);\n}\n@media (min-width:550px) {\n  #section_2124298618 {\n    padding-top: 80px;\n    padding-bottom: 80px;\n  }\n}\n<\/style>\n\t<\/section>","protected":false},"excerpt":{"rendered":"","protected":false},"author":1,"featured_media":0,"parent":0,"menu_order":0,"comment_status":"closed","ping_status":"closed","template":"page-blank.php","meta":{"footnotes":""},"class_list":["post-13","page","type-page","status-publish","hentry"],"_links":{"self":[{"href":"https:\/\/dragonwood.eu\/nl\/wp-json\/wp\/v2\/pages\/13","targetHints":{"allow":["GET"]}}],"collection":[{"href":"https:\/\/dragonwood.eu\/nl\/wp-json\/wp\/v2\/pages"}],"about":[{"href":"https:\/\/dragonwood.eu\/nl\/wp-json\/wp\/v2\/types\/page"}],"author":[{"embeddable":true,"href":"https:\/\/dragonwood.eu\/nl\/wp-json\/wp\/v2\/users\/1"}],"replies":[{"embeddable":true,"href":"https:\/\/dragonwood.eu\/nl\/wp-json\/wp\/v2\/comments?post=13"}],"version-history":[{"count":17,"href":"https:\/\/dragonwood.eu\/nl\/wp-json\/wp\/v2\/pages\/13\/revisions"}],"predecessor-version":[{"id":828,"href":"https:\/\/dragonwood.eu\/nl\/wp-json\/wp\/v2\/pages\/13\/revisions\/828"}],"wp:attachment":[{"href":"https:\/\/dragonwood.eu\/nl\/wp-json\/wp\/v2\/media?parent=13"}],"curies":[{"name":"wp","href":"https:\/\/api.w.org\/{rel}","templated":true}]}}