{"id":15,"date":"2024-04-18T17:17:18","date_gmt":"2024-04-18T17:17:18","guid":{"rendered":"https:\/\/dragonwood.eu\/?page_id=15"},"modified":"2025-02-17T17:51:32","modified_gmt":"2025-02-17T14:51:32","slug":"apie-mus","status":"publish","type":"page","link":"https:\/\/dragonwood.eu\/sv\/om-oss\/","title":{"rendered":"Om oss"},"content":{"rendered":"<section class=\"section dark\" id=\"section_1299735500\">\n\t\t<div class=\"section-bg fill\" >\n\t\t\t<img loading=\"lazy\" decoding=\"async\" width=\"2560\" height=\"1920\" src=\"https:\/\/dragonwood.eu\/wp-content\/uploads\/2024\/04\/IMG_7334_4HEIC-scaled-1.webp\" class=\"bg attachment-original size-original\" alt=\"\" \/>\t\t\t\t\t\t<div class=\"section-bg-overlay absolute fill\"><\/div>\n\t\t\t\n\n\t\t<\/div>\n\n\t\t\n\n\t\t<div class=\"section-content relative\">\n\t\t\t\n<div class=\"row\"  id=\"row-429053679\">\n\n\t<div id=\"col-375405812\" class=\"col medium-8 small-12 large-6\"  >\n\t\t\t\t<div class=\"col-inner text-left\"  >\n\t\t\t\n\t\t\t\n<h1 class=\"thin-font\"><span class=\"ez-toc-section\" id=\"MES_ESAME_DRAGONWOOD\"><\/span><span style=\"font-size: 120%;\">VI \u00c4R <strong>DRAGONWOOD<\/strong><\/span><span class=\"ez-toc-section-end\"><\/span><\/h1>\n<p>Vi inbjuder dig att l\u00e4ra k\u00e4nna v\u00e5rt f\u00f6retag.<\/p>\n\t\t<\/div>\n\t\t\t\t\t<\/div>\n\n\t\n<\/div>\n\t\t<\/div>\n\n\t\t\n<style>\n#section_1299735500 {\n  padding-top: 30px;\n  padding-bottom: 30px;\n  min-height: 500px;\n}\n#section_1299735500 .section-bg-overlay {\n  background-color: rgba(0,0,0,.5);\n}\n#section_1299735500 .section-bg img {\n  object-position: 0% 55%;\n}\n<\/style>\n\t<\/section>\n\t\n\n<span class=\"scroll-to\" data-label=\"Scroll to: #introduction\" data-bullet=\"false\" data-link=\"#introduction\" data-title=\"introduction\" ><a name=\"introduction\"><\/a><\/span>\n\n\t<section class=\"section\" id=\"section_854370913\">\n\t\t<div class=\"section-bg fill\" >\n\t\t\t\t\t\t\t\t\t\n\t\t\t\n\n\t\t<\/div>\n\n\t\t\n\n\t\t<div class=\"section-content relative\">\n\t\t\t\n<div class=\"row\"  id=\"row-1382521204\">\n\n\t<div id=\"col-1436887050\" class=\"col small-12 large-12\"  >\n\t\t\t\t<div class=\"col-inner\"  >\n\t\t\t\n\t\t\t\n<div class=\"is-divider divider clearfix\" style=\"max-width:50px;height:2px;background-color:#1a4d2e;\"><\/div>\n<h2><span class=\"ez-toc-section\" id=\"KODEL_MES\"><\/span><span style=\"font-size: 150%;\">VARF\u00d6R OSS?<\/span><span class=\"ez-toc-section-end\"><\/span><\/h2>\n\t\t<\/div>\n\t\t\t\t\t<\/div>\n\n\t\n<\/div>\n<div class=\"row align-right\"  id=\"row-1348811775\">\n\n\t<div id=\"col-290464942\" class=\"col medium-8 small-12 large-8\"  >\n\t\t\t\t<div class=\"col-inner\"  >\n\t\t\t\n\t\t\t\n<p>V\u00e5rt team har under l\u00e5ng tid f\u00e5tt erfarenhet fr\u00e5n experter inom sitt omr\u00e5de. Och bara f\u00f6r att\u00a0<strong>f\u00f6rb\u00e4ttra\u00a0<\/strong>befintlig\u00a0<strong>processer f\u00f6r tr\u00e4bearbetning,<\/strong>\u00a0<strong>snabba upp arbetsfl\u00f6dena<\/strong>\u00a0och viktigast av allt -\u00a0\u00a0<strong>f\u00f6rb\u00e4ttra produktkvaliteten<\/strong><b>.<\/b><\/p>\n<p>Klientas\u00a0(tiksliau b\u016btent\u00a0<b>Du \u00e4r<\/b>)<b>\u00a0-<\/b> \u00e4r den person som vi kommer att \u00e4gna v\u00e5r fulla uppm\u00e4rksamhet\u00a0<strong>fr\u00e5n order <\/strong><strong>f\u00f6rberedelser innan varorna levereras hem till dig<\/strong><span style=\"font-size: 14.4px;\">. <\/span>Vill du bekanta dig med oss? Kontakta oss s\u00e5 hj\u00e4lper v\u00e5ra experter dig med alla dina fr\u00e5gor om vedeldning.<\/p>\n\t\t<\/div>\n\t\t\t\t\t<\/div>\n\n\t\n<\/div>\n\t<div id=\"gap-773809245\" class=\"gap-element clearfix\" style=\"display:block; height:auto;\">\n\t\t\n<style>\n#gap-773809245 {\n  padding-top: 330px;\n}\n@media (min-width:550px) {\n  #gap-773809245 {\n    padding-top: 400px;\n  }\n}\n<\/style>\n\t<\/div>\n\t\n\t\t<\/div>\n\n\t\t\n<style>\n#section_854370913 {\n  padding-top: 30px;\n  padding-bottom: 30px;\n}\n<\/style>\n\t<\/section>\n\t\n\n\t<section class=\"section\" id=\"section_395260008\">\n\t\t<div class=\"section-bg fill\" >\n\t\t\t\t\t\t\t\t\t\n\t\t\t\n\n\t\t<\/div>\n\n\t\t\n\n\t\t<div class=\"section-content relative\">\n\t\t\t\n<div class=\"row\"  id=\"row-1251965156\">\n\n\t<div id=\"col-1486365662\" class=\"col small-12 large-12\"  >\n\t\t\t\t<div class=\"col-inner\"  >\n\t\t\t\n\t\t\t\n<div class=\"row\"  id=\"row-220036150\">\n\n\t<div id=\"col-769652662\" class=\"col medium-6 small-12 large-6\"  >\n\t\t\t\t<div class=\"col-inner\"  >\n\t\t\t\n\t\t\t\n\n  <div class=\"banner has-hover\" id=\"banner-2087622430\">\n          <div class=\"banner-inner fill\">\n        <div class=\"banner-bg fill\" >\n            <img loading=\"lazy\" decoding=\"async\" width=\"1020\" height=\"765\" src=\"https:\/\/dragonwood.eu\/wp-content\/uploads\/2024\/04\/IMG_7616-scaled-1-1024x768.webp\" class=\"bg attachment-large size-large\" alt=\"\" \/>                                    \n                    <\/div>\n\t\t\n        <div class=\"banner-layers container\">\n            <div class=\"fill banner-link\"><\/div>            \n   <div id=\"text-box-1146197363\" class=\"text-box banner-layer x50 md-x50 lg-x50 y50 md-y50 lg-y50 res-text\">\n                                <div class=\"text-box-content text dark\">\n              \n              <div class=\"text-inner text-center\">\n                  \n              <\/div>\n           <\/div>\n                            \n<style>\n#text-box-1146197363 {\n  width: 60%;\n}\n#text-box-1146197363 .text-box-content {\n  font-size: 100%;\n}\n@media (min-width:550px) {\n  #text-box-1146197363 {\n    width: 60%;\n  }\n}\n<\/style>\n    <\/div>\n \n        <\/div>\n      <\/div>\n\n            \n<style>\n#banner-2087622430 {\n  padding-top: 360px;\n  background-color: rgb(250, 250, 250);\n}\n<\/style>\n  <\/div>\n\n\n\t\t<\/div>\n\t\t\t\t\t<\/div>\n\n\t\n\n\t<div id=\"col-1936999412\" class=\"col medium-6 small-12 large-6\"  >\n\t\t\t\t<div class=\"col-inner\"  >\n\t\t\t\n\t\t\t\n\n  <div class=\"banner has-hover\" id=\"banner-1928530477\">\n          <div class=\"banner-inner fill\">\n        <div class=\"banner-bg fill\" >\n            <img loading=\"lazy\" decoding=\"async\" width=\"1020\" height=\"595\" src=\"https:\/\/dragonwood.eu\/wp-content\/uploads\/2024\/04\/Fasadas12-e1713785539174-1024x597.jpg\" class=\"bg attachment-large size-large\" alt=\"\" \/>                                    \n                    <\/div>\n\t\t\n        <div class=\"banner-layers container\">\n            <div class=\"fill banner-link\"><\/div>            \n   <div id=\"text-box-1380809256\" class=\"text-box banner-layer x50 md-x50 lg-x50 y50 md-y50 lg-y50 res-text\">\n                                <div class=\"text-box-content text dark\">\n              \n              <div class=\"text-inner text-center\">\n                  \n              <\/div>\n           <\/div>\n                            \n<style>\n#text-box-1380809256 {\n  width: 60%;\n}\n#text-box-1380809256 .text-box-content {\n  font-size: 100%;\n}\n@media (min-width:550px) {\n  #text-box-1380809256 {\n    width: 60%;\n  }\n}\n<\/style>\n    <\/div>\n \n        <\/div>\n      <\/div>\n\n            \n<style>\n#banner-1928530477 {\n  padding-top: 500px;\n  background-color: rgb(250, 250, 250);\n}\n#banner-1928530477 .banner-bg img {\n  object-position: 0% 96%;\n}\n<\/style>\n  <\/div>\n\n\n\t\t<\/div>\n\t\t\t\t\t<\/div>\n\n\t\n<\/div>\n\t\t<\/div>\n\t\t\t\t\n<style>\n#col-1486365662 > .col-inner {\n  margin: -390px 0px 0px 0px;\n}\n<\/style>\n\t<\/div>\n\n\t\n<\/div>\n\t\t<\/div>\n\n\t\t\n<style>\n#section_395260008 {\n  padding-top: 30px;\n  padding-bottom: 30px;\n  background-color: #fb8f40;\n}\n<\/style>\n\t<\/section>\n\t\n<span class=\"scroll-to\" data-label=\"Scroll to: #experiences\" data-bullet=\"false\" data-link=\"#experiences\" data-title=\"experiences\" ><a name=\"experiences\"><\/a><\/span>\n\n\t<section class=\"section dark\" id=\"section_1878167429\">\n\t\t<div class=\"section-bg fill\" >\n\t\t\t\t\t\t\t\t\t\n\t\t\t\n\n\t\t<\/div>\n\n\t\t\n\n\t\t<div class=\"section-content relative\">\n\t\t\t\n<div class=\"row row-large\"  id=\"row-1933051280\">\n\n\t<div id=\"col-694328833\" class=\"col small-12 large-12\"  >\n\t\t\t\t<div class=\"col-inner\"  >\n\t\t\t\n\t\t\t\n<div class=\"container section-title-container\" style=\"margin-top:5px;margin-bottom:5px;\"><h3 class=\"section-title section-title-normal\"><span class=\"ez-toc-section\" id=\"01\"><\/span><b><\/b><span class=\"section-title-main\" style=\"font-size:80%;color:rgb(245, 239, 230);\">01<\/span><b><\/b><span class=\"ez-toc-section-end\"><\/span><\/h3><\/div>\n\t\t<\/div>\n\t\t\t\t\n<style>\n#col-694328833 > .col-inner {\n  margin: 0px 0px -20px 0px;\n}\n<\/style>\n\t<\/div>\n\n\t\n\n\t<div id=\"col-1985633724\" class=\"col medium-12 small-12 large-6\"  >\n\t\t\t\t<div class=\"col-inner\"  >\n\t\t\t\n\t\t\t\n<h3><span class=\"ez-toc-section\" id=\"Patenkinti_klientai\"><\/span><span style=\"font-size: 180%;\">Patenkinti klientai<\/span><span class=\"ez-toc-section-end\"><\/span><\/h3>\n\t\t<\/div>\n\t\t\t\t\t<\/div>\n\n\t\n\n\t<div id=\"col-1465378075\" class=\"col medium-12 small-12 large-6\"  >\n\t\t\t\t<div class=\"col-inner\"  >\n\t\t\t\n\t\t\t\n\t<div id=\"text-2467082575\" class=\"text\">\n\t\t\n<p>V\u00e5rt fr\u00e4msta m\u00e5l \u00e4r att tillgodose v\u00e5ra kunders behov genom att leverera h\u00f6gsta standard inom b\u00e5de kommunikation och produktkvalitet.<br \/>\n\t\t\n<style>\n#text-2467082575 {\n  color: rgb(255, 255, 255);\n}\n#text-2467082575 > * {\n  color: rgb(255, 255, 255);\n}\n<\/style>\n\t<\/div>\n\t\n\t\t<\/div>\n\t\t\t\t\t<\/div>\n\n\t\n<\/div>\n<div class=\"row row-large\"  id=\"row-390080624\">\n\n\t<div id=\"col-1259749522\" class=\"col small-12 large-12\"  >\n\t\t\t\t<div class=\"col-inner\"  >\n\t\t\t\n\t\t\t\n<div class=\"container section-title-container\" style=\"margin-top:5px;margin-bottom:5px;\"><h3 class=\"section-title section-title-normal\"><span class=\"ez-toc-section\" id=\"02\"><\/span><b><\/b><span class=\"section-title-main\" style=\"font-size:80%;color:rgb(245, 239, 230);\">02<\/span><b><\/b><span class=\"ez-toc-section-end\"><\/span><\/h3><\/div>\n\t\t<\/div>\n\t\t\t\t\n<style>\n#col-1259749522 > .col-inner {\n  padding: 60px 0px 0px 0px;\n  margin: 0px 0px -20px 0px;\n}\n<\/style>\n\t<\/div>\n\n\t\n\n\t<div id=\"col-2048510304\" class=\"col medium-12 small-12 large-6\"  >\n\t\t\t\t<div class=\"col-inner\"  >\n\t\t\t\n\t\t\t\n<h3><span class=\"ez-toc-section\" id=\"Lojalumas\"><\/span><span style=\"font-size: 180%;\">Lojalitet<\/span><span class=\"ez-toc-section-end\"><\/span><\/h3>\n\t\t<\/div>\n\t\t\t\t\t<\/div>\n\n\t\n\n\t<div id=\"col-1355212461\" class=\"col medium-12 small-12 large-6\"  >\n\t\t\t\t<div class=\"col-inner\"  >\n\t\t\t\n\t\t\t\n\t<div id=\"text-2779008399\" class=\"text\">\n\t\t\n<p>Lojalitet mot v\u00e5ra kunder och uppm\u00e4rksamhet p\u00e5 \u00e4ven de minsta detaljerna hj\u00e4lper oss att v\u00e4xa och bli b\u00e4ttre.<br \/>\n\t\t\n<style>\n#text-2779008399 {\n  color: rgb(255, 255, 255);\n}\n#text-2779008399 > * {\n  color: rgb(255, 255, 255);\n}\n<\/style>\n\t<\/div>\n\t\n\t\t<\/div>\n\t\t\t\t\t<\/div>\n\n\t\n<\/div>\n<div class=\"row row-large\"  id=\"row-1852876239\">\n\n\t<div id=\"col-1753038614\" class=\"col small-12 large-12\"  >\n\t\t\t\t<div class=\"col-inner\"  >\n\t\t\t\n\t\t\t\n<div class=\"container section-title-container\" style=\"margin-top:5px;margin-bottom:5px;\"><h3 class=\"section-title section-title-normal\"><span class=\"ez-toc-section\" id=\"03\"><\/span><b><\/b><span class=\"section-title-main\" style=\"font-size:80%;color:rgb(245, 239, 230);\">03<\/span><b><\/b><span class=\"ez-toc-section-end\"><\/span><\/h3><\/div>\n\t\t<\/div>\n\t\t\t\t\n<style>\n#col-1753038614 > .col-inner {\n  padding: 60px 0px 0px 0px;\n  margin: 0px 0px -20px 0px;\n}\n<\/style>\n\t<\/div>\n\n\t\n\n\t<div id=\"col-1671711203\" class=\"col medium-12 small-12 large-6\"  >\n\t\t\t\t<div class=\"col-inner\"  >\n\t\t\t\n\t\t\t\n<h3><span class=\"ez-toc-section\" id=\"Nuolatinis_tobulejimas\"><\/span><span style=\"font-size: 180%;\">Kontinuerlig f\u00f6rb\u00e4ttring<br \/>\n<\/span><span class=\"ez-toc-section-end\"><\/span><\/h3>\n\t\t<\/div>\n\t\t\t\t\t<\/div>\n\n\t\n\n\t<div id=\"col-550265395\" class=\"col medium-12 small-12 large-6\"  >\n\t\t\t\t<div class=\"col-inner\"  >\n\t\t\t\n\t\t\t\n\t<div id=\"text-88271718\" class=\"text\">\n\t\t\n<p>Kontinuerlig f\u00f6rb\u00e4ttring av arbetsprestationer, eliminering av flaskhalsar och f\u00f6rb\u00e4ttring av system g\u00f6r det m\u00f6jligt f\u00f6r oss att uppn\u00e5 v\u00e5ra f\u00f6retagsm\u00e5l p\u00e5 ett smidigare s\u00e4tt, och d\u00e4rf\u00f6r str\u00e4var vi efter att optimera alla aff\u00e4rsprocesser inom f\u00f6retaget.<br \/>\n\t\t\n<style>\n#text-88271718 {\n  color: rgb(255, 255, 255);\n}\n#text-88271718 > * {\n  color: rgb(255, 255, 255);\n}\n<\/style>\n\t<\/div>\n\t\n\t\t<\/div>\n\t\t\t\t\t<\/div>\n\n\t\n<\/div>\n\t<div id=\"gap-1886614995\" class=\"gap-element clearfix\" style=\"display:block; height:auto;\">\n\t\t\n<style>\n#gap-1886614995 {\n  padding-top: 80px;\n}\n<\/style>\n\t<\/div>\n\t\n\t\t<\/div>\n\n\t\t\n<style>\n#section_1878167429 {\n  padding-top: 80px;\n  padding-bottom: 80px;\n  background-color: #fc8f41;\n}\n<\/style>\n\t<\/section>\n\t\n<span class=\"scroll-to\" data-label=\"Scroll to: #services\" data-bullet=\"false\" data-link=\"#services\" data-title=\"services\" ><a name=\"services\"><\/a><\/span>\n\n\t<section class=\"section\" id=\"section_1508904341\">\n\t\t<div class=\"section-bg fill\" >\n\t\t\t\t\t\t\t\t\t\n\t\t\t\n\n\t\t<\/div>\n\n\t\t\n\n\t\t<div class=\"section-content relative\">\n\t\t\t\n<div class=\"row row-collapse row-full-width\"  id=\"row-1770807554\">\n\n\t<div id=\"col-321248724\" class=\"col medium-6 small-12 large-6\"  >\n\t\t\t\t<div class=\"col-inner\" style=\"background-color:rgb(245, 239, 230);\" >\n\t\t\t\n\t\t\t\n\t<div id=\"gap-2047934284\" class=\"gap-element clearfix\" style=\"display:block; height:auto;\">\n\t\t\n<style>\n#gap-2047934284 {\n  padding-top: 400px;\n}\n<\/style>\n\t<\/div>\n\t\n\t\t<\/div>\n\t\t\t\t\t<\/div>\n\n\t\n\n\t<div id=\"col-870518990\" class=\"col medium-6 small-12 large-6\"  >\n\t\t\t\t<div class=\"col-inner\"  >\n\t\t\t\n\t\t\t\n\t\t<\/div>\n\t\t\t\t\t<\/div>\n\n\t\n<\/div>\n<div class=\"row\"  id=\"row-101621380\">\n\n\t<div id=\"col-1429524705\" class=\"col small-12 large-12\"  >\n\t\t\t\t<div class=\"col-inner\"  >\n\t\t\t\n\t\t\t\n<div class=\"row\"  id=\"row-961568228\">\n\n\t<div id=\"col-127092606\" class=\"col small-12 large-12\"  >\n\t\t\t\t<div class=\"col-inner\"  >\n\t\t\t\n\t\t\t\n<div class=\"is-divider divider clearfix\" style=\"max-width:50px;height:2px;background-color:rgb(79, 111, 82);\"><\/div>\n<h4><span class=\"ez-toc-section\" id=\"Musu_sprendimai\"><\/span><span style=\"font-size: 150%;\">V\u00e5ra l\u00f6sningar<\/span><span class=\"ez-toc-section-end\"><\/span><\/h4>\n\t\t<\/div>\n\t\t\t\t\t<\/div>\n\n\t\n<\/div>\n<div class=\"row\"  id=\"row-2067947755\">\n\n\t<div id=\"col-1858113581\" class=\"col medium-3 small-12 large-3\"  >\n\t\t\t\t<div class=\"col-inner\"  >\n\t\t\t\n\t\t\t\n\t<div class=\"box has-hover   has-hover box-shade dark box-text-bottom\" >\n\n\t\t<div class=\"box-image\" >\n\t\t\t<a href=\"\/sv\/fasad\/\" >\t\t\t<div class=\"image-cover\" style=\"padding-top:400px;\">\n\t\t\t\t<img loading=\"lazy\" decoding=\"async\" width=\"564\" height=\"752\" src=\"https:\/\/dragonwood.eu\/wp-content\/uploads\/2024\/04\/Fasadas.jpg\" class=\"attachment- size-\" alt=\"\" srcset=\"https:\/\/dragonwood.eu\/wp-content\/uploads\/2024\/04\/Fasadas.jpg 564w, https:\/\/dragonwood.eu\/wp-content\/uploads\/2024\/04\/Fasadas-225x300.jpg 225w, https:\/\/dragonwood.eu\/wp-content\/uploads\/2024\/04\/Fasadas-9x12.jpg 9w\" sizes=\"auto, (max-width: 564px) 100vw, 564px\" \/>\t\t\t\t<div class=\"overlay\" style=\"background-color:rgba(16, 16, 16, 0.145)\"><\/div>\t\t\t\t<div class=\"shade\"><\/div>\t\t\t<\/div>\n\t\t\t<\/a>\t\t<\/div>\n\n\t\t<div class=\"box-text text-center\" style=\"padding:10px 10px 40px 10px;\">\n\t\t\t<div class=\"box-text-inner\">\n\t\t\t\t\n<div class=\"row row-collapse\"  id=\"row-2065681438\">\n\n\t<div id=\"col-415181918\" class=\"col medium-6 small-6 large-6\"  >\n\t\t\t\t<div class=\"col-inner\"  >\n\t\t\t\n\t\t\t\n\t<div id=\"gap-2126357069\" class=\"gap-element clearfix\" style=\"display:block; height:auto;\">\n\t\t\n<style>\n#gap-2126357069 {\n  padding-top: 50px;\n}\n<\/style>\n\t<\/div>\n\t\n\t\t<\/div>\n\t\t\t\t\t<\/div>\n\n\t\n\n\t<div id=\"col-716787510\" class=\"col medium-6 small-6 large-6\"  >\n\t\t\t\t<div class=\"col-inner\"  >\n\t\t\t\n\t<div class=\"is-border\"\n\t\tstyle=\"border-color:rgb(255, 255, 255);border-width:0px 0px 0px 2px;\">\n\t<\/div>\n\t\t\t\n\t<div id=\"gap-1914148269\" class=\"gap-element clearfix\" style=\"display:block; height:auto;\">\n\t\t\n<style>\n#gap-1914148269 {\n  padding-top: 50px;\n}\n<\/style>\n\t<\/div>\n\t\n\t\t<\/div>\n\t\t\t\t\t<\/div>\n\n\t\n<\/div>\n\t<div id=\"gap-2056566602\" class=\"gap-element clearfix\" style=\"display:block; height:auto;\">\n\t\t\n<style>\n#gap-2056566602 {\n  padding-top: 30px;\n}\n<\/style>\n\t<\/div>\n\t\n<h3><span class=\"ez-toc-section\" id=\"Fasadui\"><\/span>F\u00f6r Fasadui<span class=\"ez-toc-section-end\"><\/span><\/h3>\n\t\t\t<\/div>\n\t\t<\/div>\n\t<\/div>\n\t\n\t\t<\/div>\n\t\t\t\t\t<\/div>\n\n\t\n\n\t<div id=\"col-911790307\" class=\"col medium-3 small-12 large-3\"  >\n\t\t\t\t<div class=\"col-inner\"  >\n\t\t\t\n\t\t\t\n\t<div class=\"box has-hover   has-hover box-shade dark box-text-bottom\" >\n\n\t\t<div class=\"box-image\" >\n\t\t\t<a href=\"\/sv\/interior\/\" >\t\t\t<div class=\"image-cover\" style=\"padding-top:400px;\">\n\t\t\t\t<img loading=\"lazy\" decoding=\"async\" width=\"1080\" height=\"1613\" src=\"https:\/\/dragonwood.eu\/wp-content\/uploads\/2024\/04\/interjerui.jpg\" class=\"attachment- size-\" alt=\"\" srcset=\"https:\/\/dragonwood.eu\/wp-content\/uploads\/2024\/04\/interjerui.jpg 1080w, https:\/\/dragonwood.eu\/wp-content\/uploads\/2024\/04\/interjerui-600x896.jpg 600w, https:\/\/dragonwood.eu\/wp-content\/uploads\/2024\/04\/interjerui-201x300.jpg 201w, https:\/\/dragonwood.eu\/wp-content\/uploads\/2024\/04\/interjerui-686x1024.jpg 686w, https:\/\/dragonwood.eu\/wp-content\/uploads\/2024\/04\/interjerui-768x1147.jpg 768w, https:\/\/dragonwood.eu\/wp-content\/uploads\/2024\/04\/interjerui-1028x1536.jpg 1028w, https:\/\/dragonwood.eu\/wp-content\/uploads\/2024\/04\/interjerui-8x12.jpg 8w\" sizes=\"auto, (max-width: 1080px) 100vw, 1080px\" \/>\t\t\t\t<div class=\"overlay\" style=\"background-color:rgba(16, 16, 16, 0.378)\"><\/div>\t\t\t\t<div class=\"shade\"><\/div>\t\t\t<\/div>\n\t\t\t<\/a>\t\t<\/div>\n\n\t\t<div class=\"box-text text-center\" style=\"padding:10px 10px 40px 10px;\">\n\t\t\t<div class=\"box-text-inner\">\n\t\t\t\t\n<div class=\"row row-collapse\"  id=\"row-1114029299\">\n\n\t<div id=\"col-83885989\" class=\"col medium-6 small-6 large-6\"  >\n\t\t\t\t<div class=\"col-inner\"  >\n\t\t\t\n\t\t\t\n\t<div id=\"gap-1095497217\" class=\"gap-element clearfix\" style=\"display:block; height:auto;\">\n\t\t\n<style>\n#gap-1095497217 {\n  padding-top: 50px;\n}\n<\/style>\n\t<\/div>\n\t\n\t\t<\/div>\n\t\t\t\t\t<\/div>\n\n\t\n\n\t<div id=\"col-1068413264\" class=\"col medium-6 small-6 large-6\"  >\n\t\t\t\t<div class=\"col-inner\"  >\n\t\t\t\n\t<div class=\"is-border\"\n\t\tstyle=\"border-color:rgb(255, 255, 255);border-width:0px 0px 0px 2px;\">\n\t<\/div>\n\t\t\t\n\t<div id=\"gap-747322737\" class=\"gap-element clearfix\" style=\"display:block; height:auto;\">\n\t\t\n<style>\n#gap-747322737 {\n  padding-top: 50px;\n}\n<\/style>\n\t<\/div>\n\t\n\t\t<\/div>\n\t\t\t\t\t<\/div>\n\n\t\n<\/div>\n\t<div id=\"gap-952981899\" class=\"gap-element clearfix\" style=\"display:block; height:auto;\">\n\t\t\n<style>\n#gap-952981899 {\n  padding-top: 30px;\n}\n<\/style>\n\t<\/div>\n\t\n<h3><span class=\"ez-toc-section\" id=\"Interjerui\"><\/span>F\u00f6r interi\u00f6rer<span class=\"ez-toc-section-end\"><\/span><\/h3>\n\t\t\t<\/div>\n\t\t<\/div>\n\t<\/div>\n\t\n\t\t<\/div>\n\t\t\t\t\t<\/div>\n\n\t\n\n\t<div id=\"col-363168560\" class=\"col medium-3 small-12 large-3\"  >\n\t\t\t\t<div class=\"col-inner\"  >\n\t\t\t\n\t\t\t\n\t<div class=\"box has-hover   has-hover box-shade dark box-text-bottom\" >\n\n\t\t<div class=\"box-image\" >\n\t\t\t<a href=\"\/sv\/terrass\/\" >\t\t\t<div class=\"image-cover\" style=\"padding-top:400px;\">\n\t\t\t\t<img loading=\"lazy\" decoding=\"async\" width=\"1920\" height=\"2560\" src=\"https:\/\/dragonwood.eu\/wp-content\/uploads\/2024\/04\/IMG_7290-scaled-1.webp\" class=\"attachment- size-\" alt=\"\" srcset=\"https:\/\/dragonwood.eu\/wp-content\/uploads\/2024\/04\/IMG_7290-scaled-1.webp 1920w, https:\/\/dragonwood.eu\/wp-content\/uploads\/2024\/04\/IMG_7290-scaled-1-600x800.webp 600w, https:\/\/dragonwood.eu\/wp-content\/uploads\/2024\/04\/IMG_7290-scaled-1-225x300.webp 225w, https:\/\/dragonwood.eu\/wp-content\/uploads\/2024\/04\/IMG_7290-scaled-1-768x1024.webp 768w, https:\/\/dragonwood.eu\/wp-content\/uploads\/2024\/04\/IMG_7290-scaled-1-1152x1536.webp 1152w, https:\/\/dragonwood.eu\/wp-content\/uploads\/2024\/04\/IMG_7290-scaled-1-1536x2048.webp 1536w, https:\/\/dragonwood.eu\/wp-content\/uploads\/2024\/04\/IMG_7290-scaled-1-9x12.webp 9w\" sizes=\"auto, (max-width: 1920px) 100vw, 1920px\" \/>\t\t\t\t<div class=\"overlay\" style=\"background-color:rgba(16, 16, 16, 0.233)\"><\/div>\t\t\t\t<div class=\"shade\"><\/div>\t\t\t<\/div>\n\t\t\t<\/a>\t\t<\/div>\n\n\t\t<div class=\"box-text text-center\" style=\"padding:10px 10px 40px 10px;\">\n\t\t\t<div class=\"box-text-inner\">\n\t\t\t\t\n<div class=\"row row-collapse\"  id=\"row-1991130907\">\n\n\t<div id=\"col-331672533\" class=\"col medium-6 small-6 large-6\"  >\n\t\t\t\t<div class=\"col-inner\"  >\n\t\t\t\n\t\t\t\n\t<div id=\"gap-1528295012\" class=\"gap-element clearfix\" style=\"display:block; height:auto;\">\n\t\t\n<style>\n#gap-1528295012 {\n  padding-top: 50px;\n}\n<\/style>\n\t<\/div>\n\t\n\t\t<\/div>\n\t\t\t\t\t<\/div>\n\n\t\n\n\t<div id=\"col-1744687229\" class=\"col medium-6 small-6 large-6\"  >\n\t\t\t\t<div class=\"col-inner\"  >\n\t\t\t\n\t<div class=\"is-border\"\n\t\tstyle=\"border-color:rgb(255, 255, 255);border-width:0px 0px 0px 2px;\">\n\t<\/div>\n\t\t\t\n\t<div id=\"gap-73604995\" class=\"gap-element clearfix\" style=\"display:block; height:auto;\">\n\t\t\n<style>\n#gap-73604995 {\n  padding-top: 50px;\n}\n<\/style>\n\t<\/div>\n\t\n\t\t<\/div>\n\t\t\t\t\t<\/div>\n\n\t\n<\/div>\n\t<div id=\"gap-1280148714\" class=\"gap-element clearfix\" style=\"display:block; height:auto;\">\n\t\t\n<style>\n#gap-1280148714 {\n  padding-top: 30px;\n}\n<\/style>\n\t<\/div>\n\t\n<h3><span class=\"ez-toc-section\" id=\"Terasai\"><\/span>Terrasser<span class=\"ez-toc-section-end\"><\/span><\/h3>\n\t\t\t<\/div>\n\t\t<\/div>\n\t<\/div>\n\t\n\t\t<\/div>\n\t\t\t\t\t<\/div>\n\n\t\n\n\t<div id=\"col-686252351\" class=\"col medium-3 small-12 large-3\"  >\n\t\t\t\t<div class=\"col-inner\"  >\n\t\t\t\n\t\t\t\n\t<div class=\"box has-hover   has-hover box-shade dark box-text-bottom\" >\n\n\t\t<div class=\"box-image\" >\n\t\t\t<a href=\"\/sv\/staket\/\" >\t\t\t<div class=\"image-cover\" style=\"padding-top:400px;\">\n\t\t\t\t<img loading=\"lazy\" decoding=\"async\" width=\"1280\" height=\"960\" src=\"https:\/\/dragonwood.eu\/wp-content\/uploads\/2024\/04\/Tvora.jpg\" class=\"attachment- size-\" alt=\"\" srcset=\"https:\/\/dragonwood.eu\/wp-content\/uploads\/2024\/04\/Tvora.jpg 1280w, https:\/\/dragonwood.eu\/wp-content\/uploads\/2024\/04\/Tvora-600x450.jpg 600w, https:\/\/dragonwood.eu\/wp-content\/uploads\/2024\/04\/Tvora-300x225.jpg 300w, https:\/\/dragonwood.eu\/wp-content\/uploads\/2024\/04\/Tvora-1024x768.jpg 1024w, https:\/\/dragonwood.eu\/wp-content\/uploads\/2024\/04\/Tvora-768x576.jpg 768w, https:\/\/dragonwood.eu\/wp-content\/uploads\/2024\/04\/Tvora-16x12.jpg 16w\" sizes=\"auto, (max-width: 1280px) 100vw, 1280px\" \/>\t\t\t\t<div class=\"overlay\" style=\"background-color:rgba(16, 16, 16, 0.233)\"><\/div>\t\t\t\t<div class=\"shade\"><\/div>\t\t\t<\/div>\n\t\t\t<\/a>\t\t<\/div>\n\n\t\t<div class=\"box-text text-center\" style=\"padding:10px 10px 40px 10px;\">\n\t\t\t<div class=\"box-text-inner\">\n\t\t\t\t\n<div class=\"row row-collapse\"  id=\"row-253378141\">\n\n\t<div id=\"col-339653706\" class=\"col medium-6 small-6 large-6\"  >\n\t\t\t\t<div class=\"col-inner\"  >\n\t\t\t\n\t\t\t\n\t<div id=\"gap-129583165\" class=\"gap-element clearfix\" style=\"display:block; height:auto;\">\n\t\t\n<style>\n#gap-129583165 {\n  padding-top: 50px;\n}\n<\/style>\n\t<\/div>\n\t\n\t\t<\/div>\n\t\t\t\t\t<\/div>\n\n\t\n\n\t<div id=\"col-2002437641\" class=\"col medium-6 small-6 large-6\"  >\n\t\t\t\t<div class=\"col-inner\"  >\n\t\t\t\n\t<div class=\"is-border\"\n\t\tstyle=\"border-color:rgb(255, 255, 255);border-width:0px 0px 0px 2px;\">\n\t<\/div>\n\t\t\t\n\t<div id=\"gap-716957063\" class=\"gap-element clearfix\" style=\"display:block; height:auto;\">\n\t\t\n<style>\n#gap-716957063 {\n  padding-top: 50px;\n}\n<\/style>\n\t<\/div>\n\t\n\t\t<\/div>\n\t\t\t\t\t<\/div>\n\n\t\n<\/div>\n\t<div id=\"gap-2052608021\" class=\"gap-element clearfix\" style=\"display:block; height:auto;\">\n\t\t\n<style>\n#gap-2052608021 {\n  padding-top: 30px;\n}\n<\/style>\n\t<\/div>\n\t\n<h3><span class=\"ez-toc-section\" id=\"Tvorai\"><\/span>Staket<span class=\"ez-toc-section-end\"><\/span><\/h3>\n\t\t\t<\/div>\n\t\t<\/div>\n\t<\/div>\n\t\n\t\t<\/div>\n\t\t\t\t\t<\/div>\n\n\t\n<\/div>\n\t\t<\/div>\n\t\t\t\t\n<style>\n#col-1429524705 > .col-inner {\n  margin: -250px 0px 0px 0px;\n}\n<\/style>\n\t<\/div>\n\n\t\n<\/div>\n\t<div id=\"gap-1640228964\" class=\"gap-element clearfix\" style=\"display:block; height:auto;\">\n\t\t\n<style>\n#gap-1640228964 {\n  padding-top: 100px;\n}\n<\/style>\n\t<\/div>\n\t\n\t\t<\/div>\n\n\t\t\n<style>\n#section_1508904341 {\n  padding-top: 0px;\n  padding-bottom: 0px;\n}\n<\/style>\n\t<\/section>","protected":false},"excerpt":{"rendered":"","protected":false},"author":1,"featured_media":0,"parent":0,"menu_order":0,"comment_status":"closed","ping_status":"closed","template":"page-blank.php","meta":{"footnotes":""},"class_list":["post-15","page","type-page","status-publish","hentry"],"_links":{"self":[{"href":"https:\/\/dragonwood.eu\/sv\/wp-json\/wp\/v2\/pages\/15","targetHints":{"allow":["GET"]}}],"collection":[{"href":"https:\/\/dragonwood.eu\/sv\/wp-json\/wp\/v2\/pages"}],"about":[{"href":"https:\/\/dragonwood.eu\/sv\/wp-json\/wp\/v2\/types\/page"}],"author":[{"embeddable":true,"href":"https:\/\/dragonwood.eu\/sv\/wp-json\/wp\/v2\/users\/1"}],"replies":[{"embeddable":true,"href":"https:\/\/dragonwood.eu\/sv\/wp-json\/wp\/v2\/comments?post=15"}],"version-history":[{"count":29,"href":"https:\/\/dragonwood.eu\/sv\/wp-json\/wp\/v2\/pages\/15\/revisions"}],"predecessor-version":[{"id":772,"href":"https:\/\/dragonwood.eu\/sv\/wp-json\/wp\/v2\/pages\/15\/revisions\/772"}],"wp:attachment":[{"href":"https:\/\/dragonwood.eu\/sv\/wp-json\/wp\/v2\/media?parent=15"}],"curies":[{"name":"wp","href":"https:\/\/api.w.org\/{rel}","templated":true}]}}