{"id":462,"date":"2024-05-21T11:05:00","date_gmt":"2024-05-21T11:05:00","guid":{"rendered":"https:\/\/dragonwood.eu\/?post_type=product&#038;p=462"},"modified":"2024-06-13T15:03:00","modified_gmt":"2024-06-13T12:03:00","slug":"sraigtai-fasadui","status":"publish","type":"product","link":"https:\/\/dragonwood.eu\/sv\/produkter\/skruvar\/skruvar-for-fasad\/","title":{"rendered":"Sp\u00e4nnband f\u00f6r fasad"},"content":{"rendered":"<p>H\u00f6gkvalitativa f\u00e4stelement anv\u00e4nds f\u00f6r att f\u00e4sta terrasser, fasader och andra tr\u00e4konstruktioner. F\u00e4stelementens rostbest\u00e4ndiga egenskaper g\u00f6r dem l\u00e4mpliga f\u00f6r b\u00e5de inomhus- och utomhusbruk. De rekommenderas f\u00f6r inf\u00e4stning av konstruktioner av br\u00e4nt tr\u00e4.<\/p>\n<p>Skruvarna \u00e4r l\u00e4mpliga f\u00f6r ett brett utbud av tr\u00e4slag, oavsett h\u00e5rdhet och andra fysiska egenskaper. Estetiskt tilltalande och distinkt br\u00e4nt tr\u00e4 kr\u00e4ver mer noggranna f\u00e4stmekanismer - skruvens g\u00e4ngade design s\u00e4kerst\u00e4ller en stabil strukturell anslutning, vilket g\u00f6r arbetet enkelt och inte kr\u00e4ver n\u00e5gon extra omsorg. Axelhuvudet finns i tv\u00e5 f\u00e4rger, svart och classic, vilket g\u00f6r att det g\u00e5r att matcha f\u00e4rgen p\u00e5 det befintliga virket och bevara det estetiska utseendet p\u00e5 fasadkonstruktionen.<\/p>\n<h2>Dessa skruvar kan anv\u00e4ndas med v\u00e5ra sidosp\u00e5r<\/h2>\n\t\n  \n    <div class=\"row large-columns-4 medium-columns-3 small-columns-1 row-small slider row-slider slider-nav-reveal\"  data-flickity-options='{&quot;imagesLoaded&quot;: true, &quot;groupCells&quot;: &quot;100%&quot;, &quot;dragThreshold&quot; : 5, &quot;cellAlign&quot;: &quot;left&quot;,&quot;wrapAround&quot;: true,&quot;prevNextButtons&quot;: true,&quot;percentPosition&quot;: true,&quot;pageDots&quot;: false, &quot;rightToLeft&quot;: false, &quot;autoPlay&quot; : false}' >\n\n  \n\t     <div class=\"col\" >\n\t\t\t\t\t\t<div class=\"col-inner\">\n\t\t\t\t\t\t\n<div class=\"badge-container absolute left top z-1\">\n\n<\/div>\n\t\t\t\t\t\t<div class=\"product-small box has-hover box-overlay dark box-text-bottom\">\n\t\t\t\t\t\t\t<div class=\"box-image\" >\n\t\t\t\t\t\t\t\t<div class=\"\" >\n\t\t\t\t\t\t\t\t\t<a href=\"https:\/\/dragonwood.eu\/sv\/produkter\/bekladnad\/dragonwood-antracit\/\" aria-label=\"Dragonwood Anthracite Egl\u0117\">\n\t\t\t\t\t\t\t\t\t\t<img loading=\"lazy\" decoding=\"async\" width=\"300\" height=\"300\" src=\"https:\/\/dragonwood.eu\/wp-content\/uploads\/2024\/04\/Egle_Anthracite-300x300.jpg\" class=\"attachment-woocommerce_thumbnail size-woocommerce_thumbnail\" alt=\"Dragonwood Anthracite Egl\u0117\" srcset=\"https:\/\/dragonwood.eu\/wp-content\/uploads\/2024\/04\/Egle_Anthracite-300x300.jpg 300w, https:\/\/dragonwood.eu\/wp-content\/uploads\/2024\/04\/Egle_Anthracite-1024x1024.jpg 1024w, https:\/\/dragonwood.eu\/wp-content\/uploads\/2024\/04\/Egle_Anthracite-150x150.jpg 150w, https:\/\/dragonwood.eu\/wp-content\/uploads\/2024\/04\/Egle_Anthracite-768x768.jpg 768w, https:\/\/dragonwood.eu\/wp-content\/uploads\/2024\/04\/Egle_Anthracite-1536x1536.jpg 1536w, https:\/\/dragonwood.eu\/wp-content\/uploads\/2024\/04\/Egle_Anthracite-12x12.jpg 12w, https:\/\/dragonwood.eu\/wp-content\/uploads\/2024\/04\/Egle_Anthracite-600x600.jpg 600w, https:\/\/dragonwood.eu\/wp-content\/uploads\/2024\/04\/Egle_Anthracite-100x100.jpg 100w, https:\/\/dragonwood.eu\/wp-content\/uploads\/2024\/04\/Egle_Anthracite.jpg 2048w\" sizes=\"auto, (max-width: 300px) 100vw, 300px\" \/>\t\t\t\t\t\t\t\t\t<\/a>\n\t\t\t\t\t\t\t\t\t<div class=\"overlay fill\" style=\"background-color: 1\"><\/div>\t\t\t\t\t\t\t\t\t \t\t\t\t\t\t\t\t<\/div>\n\t\t\t\t\t\t\t\t<div class=\"image-tools top right show-on-hover\">\n\t\t\t\t\t\t\t\t\t\t\t\t\t\t\t\t\t<\/div>\n\t\t\t\t\t\t\t\t\t\t\t\t\t\t\t\t\t\t\t\t\t\t\t<\/div>\n\n\t\t\t\t\t\t\t<div class=\"box-text text-center is-large\" >\n\t\t\t\t\t\t\t\t<div class=\"title-wrapper\"><p class=\"name product-title woocommerce-loop-product__title\"><a href=\"https:\/\/dragonwood.eu\/sv\/produkter\/bekladnad\/dragonwood-antracit\/\" class=\"woocommerce-LoopProduct-link woocommerce-loop-product__link\">Dragonwood Anthracite Egl\u0117<\/a><\/p><\/div><div class=\"price-wrapper\">\n<\/div><div class=\"overlay-tools\"><\/div>\t\t\t\t\t\t\t<\/div>\n\t\t\t\t\t\t<\/div>\n\t\t\t\t\t\t<\/div>\n\t\t\t\t\t<\/div><div class=\"col\" >\n\t\t\t\t\t\t<div class=\"col-inner\">\n\t\t\t\t\t\t\n<div class=\"badge-container absolute left top z-1\">\n\n<\/div>\n\t\t\t\t\t\t<div class=\"product-small box has-hover box-overlay dark box-text-bottom\">\n\t\t\t\t\t\t\t<div class=\"box-image\" >\n\t\t\t\t\t\t\t\t<div class=\"\" >\n\t\t\t\t\t\t\t\t\t<a href=\"https:\/\/dragonwood.eu\/sv\/produkter\/bekladnad\/dragonwood-svart\/\" aria-label=\"Dragonwood Black Egl\u0117\">\n\t\t\t\t\t\t\t\t\t\t<img loading=\"lazy\" decoding=\"async\" width=\"300\" height=\"300\" src=\"https:\/\/dragonwood.eu\/wp-content\/uploads\/2024\/04\/Egle_Black-300x300.jpg\" class=\"attachment-woocommerce_thumbnail size-woocommerce_thumbnail\" alt=\"Dragonwood Black Egl\u0117\" srcset=\"https:\/\/dragonwood.eu\/wp-content\/uploads\/2024\/04\/Egle_Black-300x300.jpg 300w, https:\/\/dragonwood.eu\/wp-content\/uploads\/2024\/04\/Egle_Black-1024x1024.jpg 1024w, https:\/\/dragonwood.eu\/wp-content\/uploads\/2024\/04\/Egle_Black-150x150.jpg 150w, https:\/\/dragonwood.eu\/wp-content\/uploads\/2024\/04\/Egle_Black-768x768.jpg 768w, https:\/\/dragonwood.eu\/wp-content\/uploads\/2024\/04\/Egle_Black-1536x1536.jpg 1536w, https:\/\/dragonwood.eu\/wp-content\/uploads\/2024\/04\/Egle_Black-12x12.jpg 12w, https:\/\/dragonwood.eu\/wp-content\/uploads\/2024\/04\/Egle_Black-600x600.jpg 600w, https:\/\/dragonwood.eu\/wp-content\/uploads\/2024\/04\/Egle_Black-100x100.jpg 100w, https:\/\/dragonwood.eu\/wp-content\/uploads\/2024\/04\/Egle_Black.jpg 2048w\" sizes=\"auto, (max-width: 300px) 100vw, 300px\" \/>\t\t\t\t\t\t\t\t\t<\/a>\n\t\t\t\t\t\t\t\t\t<div class=\"overlay fill\" style=\"background-color: 1\"><\/div>\t\t\t\t\t\t\t\t\t \t\t\t\t\t\t\t\t<\/div>\n\t\t\t\t\t\t\t\t<div class=\"image-tools top right show-on-hover\">\n\t\t\t\t\t\t\t\t\t\t\t\t\t\t\t\t\t<\/div>\n\t\t\t\t\t\t\t\t\t\t\t\t\t\t\t\t\t\t\t\t\t\t\t<\/div>\n\n\t\t\t\t\t\t\t<div class=\"box-text text-center is-large\" >\n\t\t\t\t\t\t\t\t<div class=\"title-wrapper\"><p class=\"name product-title woocommerce-loop-product__title\"><a href=\"https:\/\/dragonwood.eu\/sv\/produkter\/bekladnad\/dragonwood-svart\/\" class=\"woocommerce-LoopProduct-link woocommerce-loop-product__link\">Dragonwood Black Egl\u0117<\/a><\/p><\/div><div class=\"price-wrapper\">\n<\/div><div class=\"overlay-tools\"><\/div>\t\t\t\t\t\t\t<\/div>\n\t\t\t\t\t\t<\/div>\n\t\t\t\t\t\t<\/div>\n\t\t\t\t\t<\/div><div class=\"col\" >\n\t\t\t\t\t\t<div class=\"col-inner\">\n\t\t\t\t\t\t\n<div class=\"badge-container absolute left top z-1\">\n\n<\/div>\n\t\t\t\t\t\t<div class=\"product-small box has-hover box-overlay dark box-text-bottom\">\n\t\t\t\t\t\t\t<div class=\"box-image\" >\n\t\t\t\t\t\t\t\t<div class=\"\" >\n\t\t\t\t\t\t\t\t\t<a href=\"https:\/\/dragonwood.eu\/sv\/produkter\/bekladnad\/dragonwood-kastanj\/\" aria-label=\"Dragonwood Chestnut Egl\u0117\">\n\t\t\t\t\t\t\t\t\t\t<img loading=\"lazy\" decoding=\"async\" width=\"300\" height=\"300\" src=\"https:\/\/dragonwood.eu\/wp-content\/uploads\/2024\/04\/Egle_Chesnut-300x300.jpg\" class=\"attachment-woocommerce_thumbnail size-woocommerce_thumbnail\" alt=\"Dragonwood Chestnut Egl\u0117\" srcset=\"https:\/\/dragonwood.eu\/wp-content\/uploads\/2024\/04\/Egle_Chesnut-300x300.jpg 300w, https:\/\/dragonwood.eu\/wp-content\/uploads\/2024\/04\/Egle_Chesnut-1024x1024.jpg 1024w, https:\/\/dragonwood.eu\/wp-content\/uploads\/2024\/04\/Egle_Chesnut-150x150.jpg 150w, https:\/\/dragonwood.eu\/wp-content\/uploads\/2024\/04\/Egle_Chesnut-768x768.jpg 768w, https:\/\/dragonwood.eu\/wp-content\/uploads\/2024\/04\/Egle_Chesnut-1536x1536.jpg 1536w, https:\/\/dragonwood.eu\/wp-content\/uploads\/2024\/04\/Egle_Chesnut-12x12.jpg 12w, https:\/\/dragonwood.eu\/wp-content\/uploads\/2024\/04\/Egle_Chesnut-600x600.jpg 600w, https:\/\/dragonwood.eu\/wp-content\/uploads\/2024\/04\/Egle_Chesnut-100x100.jpg 100w, https:\/\/dragonwood.eu\/wp-content\/uploads\/2024\/04\/Egle_Chesnut.jpg 2048w\" sizes=\"auto, (max-width: 300px) 100vw, 300px\" \/>\t\t\t\t\t\t\t\t\t<\/a>\n\t\t\t\t\t\t\t\t\t<div class=\"overlay fill\" style=\"background-color: 1\"><\/div>\t\t\t\t\t\t\t\t\t \t\t\t\t\t\t\t\t<\/div>\n\t\t\t\t\t\t\t\t<div class=\"image-tools top right show-on-hover\">\n\t\t\t\t\t\t\t\t\t\t\t\t\t\t\t\t\t<\/div>\n\t\t\t\t\t\t\t\t\t\t\t\t\t\t\t\t\t\t\t\t\t\t\t<\/div>\n\n\t\t\t\t\t\t\t<div class=\"box-text text-center is-large\" >\n\t\t\t\t\t\t\t\t<div class=\"title-wrapper\"><p class=\"name product-title woocommerce-loop-product__title\"><a href=\"https:\/\/dragonwood.eu\/sv\/produkter\/bekladnad\/dragonwood-kastanj\/\" class=\"woocommerce-LoopProduct-link woocommerce-loop-product__link\">Dragonwood Chestnut Egl\u0117<\/a><\/p><\/div><div class=\"price-wrapper\">\n<\/div><div class=\"overlay-tools\"><\/div>\t\t\t\t\t\t\t<\/div>\n\t\t\t\t\t\t<\/div>\n\t\t\t\t\t\t<\/div>\n\t\t\t\t\t<\/div><div class=\"col\" >\n\t\t\t\t\t\t<div class=\"col-inner\">\n\t\t\t\t\t\t\n<div class=\"badge-container absolute left top z-1\">\n\n<\/div>\n\t\t\t\t\t\t<div class=\"product-small box has-hover box-overlay dark box-text-bottom\">\n\t\t\t\t\t\t\t<div class=\"box-image\" >\n\t\t\t\t\t\t\t\t<div class=\"\" >\n\t\t\t\t\t\t\t\t\t<a href=\"https:\/\/dragonwood.eu\/sv\/produkter\/bekladnad\/dragonwood-gra\/\" aria-label=\"Dragonwood Grey Egl\u0117\">\n\t\t\t\t\t\t\t\t\t\t<img loading=\"lazy\" decoding=\"async\" width=\"300\" height=\"300\" src=\"https:\/\/dragonwood.eu\/wp-content\/uploads\/2024\/04\/Egle_Grey-300x300.jpg\" class=\"attachment-woocommerce_thumbnail size-woocommerce_thumbnail\" alt=\"Dragonwood Grey Egl\u0117\" srcset=\"https:\/\/dragonwood.eu\/wp-content\/uploads\/2024\/04\/Egle_Grey-300x300.jpg 300w, https:\/\/dragonwood.eu\/wp-content\/uploads\/2024\/04\/Egle_Grey-1024x1024.jpg 1024w, https:\/\/dragonwood.eu\/wp-content\/uploads\/2024\/04\/Egle_Grey-150x150.jpg 150w, https:\/\/dragonwood.eu\/wp-content\/uploads\/2024\/04\/Egle_Grey-768x768.jpg 768w, https:\/\/dragonwood.eu\/wp-content\/uploads\/2024\/04\/Egle_Grey-1536x1536.jpg 1536w, https:\/\/dragonwood.eu\/wp-content\/uploads\/2024\/04\/Egle_Grey-12x12.jpg 12w, https:\/\/dragonwood.eu\/wp-content\/uploads\/2024\/04\/Egle_Grey-600x600.jpg 600w, https:\/\/dragonwood.eu\/wp-content\/uploads\/2024\/04\/Egle_Grey-100x100.jpg 100w, https:\/\/dragonwood.eu\/wp-content\/uploads\/2024\/04\/Egle_Grey.jpg 2048w\" sizes=\"auto, (max-width: 300px) 100vw, 300px\" \/>\t\t\t\t\t\t\t\t\t<\/a>\n\t\t\t\t\t\t\t\t\t<div class=\"overlay fill\" style=\"background-color: 1\"><\/div>\t\t\t\t\t\t\t\t\t \t\t\t\t\t\t\t\t<\/div>\n\t\t\t\t\t\t\t\t<div class=\"image-tools top right show-on-hover\">\n\t\t\t\t\t\t\t\t\t\t\t\t\t\t\t\t\t<\/div>\n\t\t\t\t\t\t\t\t\t\t\t\t\t\t\t\t\t\t\t\t\t\t\t<\/div>\n\n\t\t\t\t\t\t\t<div class=\"box-text text-center is-large\" >\n\t\t\t\t\t\t\t\t<div class=\"title-wrapper\"><p class=\"name product-title woocommerce-loop-product__title\"><a href=\"https:\/\/dragonwood.eu\/sv\/produkter\/bekladnad\/dragonwood-gra\/\" class=\"woocommerce-LoopProduct-link woocommerce-loop-product__link\">Dragonwood Grey Egl\u0117<\/a><\/p><\/div><div class=\"price-wrapper\">\n<\/div><div class=\"overlay-tools\"><\/div>\t\t\t\t\t\t\t<\/div>\n\t\t\t\t\t\t<\/div>\n\t\t\t\t\t\t<\/div>\n\t\t\t\t\t<\/div><div class=\"col\" >\n\t\t\t\t\t\t<div class=\"col-inner\">\n\t\t\t\t\t\t\n<div class=\"badge-container absolute left top z-1\">\n\n<\/div>\n\t\t\t\t\t\t<div class=\"product-small box has-hover box-overlay dark box-text-bottom\">\n\t\t\t\t\t\t\t<div class=\"box-image\" >\n\t\t\t\t\t\t\t\t<div class=\"\" >\n\t\t\t\t\t\t\t\t\t<a href=\"https:\/\/dragonwood.eu\/sv\/produkter\/bekladnad\/dragonwood-hasselnot\/\" aria-label=\"Dragonwood Hazelnut Egl\u0117\">\n\t\t\t\t\t\t\t\t\t\t<img loading=\"lazy\" decoding=\"async\" width=\"300\" height=\"300\" src=\"https:\/\/dragonwood.eu\/wp-content\/uploads\/2024\/04\/Egle_Hazelnut-300x300.jpg\" class=\"attachment-woocommerce_thumbnail size-woocommerce_thumbnail\" alt=\"Dragonwood Hazelnut Egl\u0117\" srcset=\"https:\/\/dragonwood.eu\/wp-content\/uploads\/2024\/04\/Egle_Hazelnut-300x300.jpg 300w, https:\/\/dragonwood.eu\/wp-content\/uploads\/2024\/04\/Egle_Hazelnut-1024x1024.jpg 1024w, https:\/\/dragonwood.eu\/wp-content\/uploads\/2024\/04\/Egle_Hazelnut-150x150.jpg 150w, https:\/\/dragonwood.eu\/wp-content\/uploads\/2024\/04\/Egle_Hazelnut-768x768.jpg 768w, https:\/\/dragonwood.eu\/wp-content\/uploads\/2024\/04\/Egle_Hazelnut-1536x1536.jpg 1536w, https:\/\/dragonwood.eu\/wp-content\/uploads\/2024\/04\/Egle_Hazelnut-12x12.jpg 12w, https:\/\/dragonwood.eu\/wp-content\/uploads\/2024\/04\/Egle_Hazelnut-600x600.jpg 600w, https:\/\/dragonwood.eu\/wp-content\/uploads\/2024\/04\/Egle_Hazelnut-100x100.jpg 100w, https:\/\/dragonwood.eu\/wp-content\/uploads\/2024\/04\/Egle_Hazelnut.jpg 2048w\" sizes=\"auto, (max-width: 300px) 100vw, 300px\" \/>\t\t\t\t\t\t\t\t\t<\/a>\n\t\t\t\t\t\t\t\t\t<div class=\"overlay fill\" style=\"background-color: 1\"><\/div>\t\t\t\t\t\t\t\t\t \t\t\t\t\t\t\t\t<\/div>\n\t\t\t\t\t\t\t\t<div class=\"image-tools top right show-on-hover\">\n\t\t\t\t\t\t\t\t\t\t\t\t\t\t\t\t\t<\/div>\n\t\t\t\t\t\t\t\t\t\t\t\t\t\t\t\t\t\t\t\t\t\t\t<\/div>\n\n\t\t\t\t\t\t\t<div class=\"box-text text-center is-large\" >\n\t\t\t\t\t\t\t\t<div class=\"title-wrapper\"><p class=\"name product-title woocommerce-loop-product__title\"><a href=\"https:\/\/dragonwood.eu\/sv\/produkter\/bekladnad\/dragonwood-hasselnot\/\" class=\"woocommerce-LoopProduct-link woocommerce-loop-product__link\">Dragonwood Hazelnut Egl\u0117<\/a><\/p><\/div><div class=\"price-wrapper\">\n<\/div><div class=\"overlay-tools\"><\/div>\t\t\t\t\t\t\t<\/div>\n\t\t\t\t\t\t<\/div>\n\t\t\t\t\t\t<\/div>\n\t\t\t\t\t<\/div><div class=\"col\" >\n\t\t\t\t\t\t<div class=\"col-inner\">\n\t\t\t\t\t\t\n<div class=\"badge-container absolute left top z-1\">\n\n<\/div>\n\t\t\t\t\t\t<div class=\"product-small box has-hover box-overlay dark box-text-bottom\">\n\t\t\t\t\t\t\t<div class=\"box-image\" >\n\t\t\t\t\t\t\t\t<div class=\"\" >\n\t\t\t\t\t\t\t\t\t<a href=\"https:\/\/dragonwood.eu\/sv\/produkter\/bekladnad\/dragonwood-mahogny\/\" aria-label=\"Dragonwood Mahagoni Egl\u0117\">\n\t\t\t\t\t\t\t\t\t\t<img loading=\"lazy\" decoding=\"async\" width=\"300\" height=\"300\" src=\"https:\/\/dragonwood.eu\/wp-content\/uploads\/2024\/04\/Egle_Mahogany-300x300.jpg\" class=\"attachment-woocommerce_thumbnail size-woocommerce_thumbnail\" alt=\"Dragonwood Mahagoni Egl\u0117\" srcset=\"https:\/\/dragonwood.eu\/wp-content\/uploads\/2024\/04\/Egle_Mahogany-300x300.jpg 300w, https:\/\/dragonwood.eu\/wp-content\/uploads\/2024\/04\/Egle_Mahogany-1024x1024.jpg 1024w, https:\/\/dragonwood.eu\/wp-content\/uploads\/2024\/04\/Egle_Mahogany-150x150.jpg 150w, https:\/\/dragonwood.eu\/wp-content\/uploads\/2024\/04\/Egle_Mahogany-768x768.jpg 768w, https:\/\/dragonwood.eu\/wp-content\/uploads\/2024\/04\/Egle_Mahogany-1536x1536.jpg 1536w, https:\/\/dragonwood.eu\/wp-content\/uploads\/2024\/04\/Egle_Mahogany-12x12.jpg 12w, https:\/\/dragonwood.eu\/wp-content\/uploads\/2024\/04\/Egle_Mahogany-600x600.jpg 600w, https:\/\/dragonwood.eu\/wp-content\/uploads\/2024\/04\/Egle_Mahogany-100x100.jpg 100w, https:\/\/dragonwood.eu\/wp-content\/uploads\/2024\/04\/Egle_Mahogany.jpg 2048w\" sizes=\"auto, (max-width: 300px) 100vw, 300px\" \/>\t\t\t\t\t\t\t\t\t<\/a>\n\t\t\t\t\t\t\t\t\t<div class=\"overlay fill\" style=\"background-color: 1\"><\/div>\t\t\t\t\t\t\t\t\t \t\t\t\t\t\t\t\t<\/div>\n\t\t\t\t\t\t\t\t<div class=\"image-tools top right show-on-hover\">\n\t\t\t\t\t\t\t\t\t\t\t\t\t\t\t\t\t<\/div>\n\t\t\t\t\t\t\t\t\t\t\t\t\t\t\t\t\t\t\t\t\t\t\t<\/div>\n\n\t\t\t\t\t\t\t<div class=\"box-text text-center is-large\" >\n\t\t\t\t\t\t\t\t<div class=\"title-wrapper\"><p class=\"name product-title woocommerce-loop-product__title\"><a href=\"https:\/\/dragonwood.eu\/sv\/produkter\/bekladnad\/dragonwood-mahogny\/\" class=\"woocommerce-LoopProduct-link woocommerce-loop-product__link\">Dragonwood Mahagoni Egl\u0117<\/a><\/p><\/div><div class=\"price-wrapper\">\n<\/div><div class=\"overlay-tools\"><\/div>\t\t\t\t\t\t\t<\/div>\n\t\t\t\t\t\t<\/div>\n\t\t\t\t\t\t<\/div>\n\t\t\t\t\t<\/div><div class=\"col\" >\n\t\t\t\t\t\t<div class=\"col-inner\">\n\t\t\t\t\t\t\n<div class=\"badge-container absolute left top z-1\">\n\n<\/div>\n\t\t\t\t\t\t<div class=\"product-small box has-hover box-overlay dark box-text-bottom\">\n\t\t\t\t\t\t\t<div class=\"box-image\" >\n\t\t\t\t\t\t\t\t<div class=\"\" >\n\t\t\t\t\t\t\t\t\t<a href=\"https:\/\/dragonwood.eu\/sv\/produkter\/bekladnad\/dragonwood-naturlig\/\" aria-label=\"Dragonwood Natural Egl\u0117\">\n\t\t\t\t\t\t\t\t\t\t<img loading=\"lazy\" decoding=\"async\" width=\"300\" height=\"300\" src=\"https:\/\/dragonwood.eu\/wp-content\/uploads\/2024\/04\/Egle_Natural-300x300.jpg\" class=\"attachment-woocommerce_thumbnail size-woocommerce_thumbnail\" alt=\"Dragonwood Natural Egl\u0117\" srcset=\"https:\/\/dragonwood.eu\/wp-content\/uploads\/2024\/04\/Egle_Natural-300x300.jpg 300w, https:\/\/dragonwood.eu\/wp-content\/uploads\/2024\/04\/Egle_Natural-1024x1024.jpg 1024w, https:\/\/dragonwood.eu\/wp-content\/uploads\/2024\/04\/Egle_Natural-150x150.jpg 150w, https:\/\/dragonwood.eu\/wp-content\/uploads\/2024\/04\/Egle_Natural-768x768.jpg 768w, https:\/\/dragonwood.eu\/wp-content\/uploads\/2024\/04\/Egle_Natural-1536x1536.jpg 1536w, https:\/\/dragonwood.eu\/wp-content\/uploads\/2024\/04\/Egle_Natural-12x12.jpg 12w, https:\/\/dragonwood.eu\/wp-content\/uploads\/2024\/04\/Egle_Natural-600x600.jpg 600w, https:\/\/dragonwood.eu\/wp-content\/uploads\/2024\/04\/Egle_Natural-100x100.jpg 100w, https:\/\/dragonwood.eu\/wp-content\/uploads\/2024\/04\/Egle_Natural.jpg 2048w\" sizes=\"auto, (max-width: 300px) 100vw, 300px\" \/>\t\t\t\t\t\t\t\t\t<\/a>\n\t\t\t\t\t\t\t\t\t<div class=\"overlay fill\" style=\"background-color: 1\"><\/div>\t\t\t\t\t\t\t\t\t \t\t\t\t\t\t\t\t<\/div>\n\t\t\t\t\t\t\t\t<div class=\"image-tools top right show-on-hover\">\n\t\t\t\t\t\t\t\t\t\t\t\t\t\t\t\t\t<\/div>\n\t\t\t\t\t\t\t\t\t\t\t\t\t\t\t\t\t\t\t\t\t\t\t<\/div>\n\n\t\t\t\t\t\t\t<div class=\"box-text text-center is-large\" >\n\t\t\t\t\t\t\t\t<div class=\"title-wrapper\"><p class=\"name product-title woocommerce-loop-product__title\"><a href=\"https:\/\/dragonwood.eu\/sv\/produkter\/bekladnad\/dragonwood-naturlig\/\" class=\"woocommerce-LoopProduct-link woocommerce-loop-product__link\">Dragonwood Natural Egl\u0117<\/a><\/p><\/div><div class=\"price-wrapper\">\n<\/div><div class=\"overlay-tools\"><\/div>\t\t\t\t\t\t\t<\/div>\n\t\t\t\t\t\t<\/div>\n\t\t\t\t\t\t<\/div>\n\t\t\t\t\t<\/div><div class=\"col\" >\n\t\t\t\t\t\t<div class=\"col-inner\">\n\t\t\t\t\t\t\n<div class=\"badge-container absolute left top z-1\">\n\n<\/div>\n\t\t\t\t\t\t<div class=\"product-small box has-hover box-overlay dark box-text-bottom\">\n\t\t\t\t\t\t\t<div class=\"box-image\" >\n\t\t\t\t\t\t\t\t<div class=\"\" >\n\t\t\t\t\t\t\t\t\t<a href=\"https:\/\/dragonwood.eu\/sv\/produkter\/bekladnad\/dragonwood-stengra\/\" aria-label=\"Dragonwood Stone Grey Egl\u0117\">\n\t\t\t\t\t\t\t\t\t\t<img loading=\"lazy\" decoding=\"async\" width=\"300\" height=\"300\" src=\"https:\/\/dragonwood.eu\/wp-content\/uploads\/2024\/04\/Egle_StoneGrey-300x300.jpg\" class=\"attachment-woocommerce_thumbnail size-woocommerce_thumbnail\" alt=\"Dragonwood Stone Grey Egl\u0117\" srcset=\"https:\/\/dragonwood.eu\/wp-content\/uploads\/2024\/04\/Egle_StoneGrey-300x300.jpg 300w, https:\/\/dragonwood.eu\/wp-content\/uploads\/2024\/04\/Egle_StoneGrey-1024x1024.jpg 1024w, https:\/\/dragonwood.eu\/wp-content\/uploads\/2024\/04\/Egle_StoneGrey-150x150.jpg 150w, https:\/\/dragonwood.eu\/wp-content\/uploads\/2024\/04\/Egle_StoneGrey-768x768.jpg 768w, https:\/\/dragonwood.eu\/wp-content\/uploads\/2024\/04\/Egle_StoneGrey-1536x1536.jpg 1536w, https:\/\/dragonwood.eu\/wp-content\/uploads\/2024\/04\/Egle_StoneGrey-12x12.jpg 12w, https:\/\/dragonwood.eu\/wp-content\/uploads\/2024\/04\/Egle_StoneGrey-600x600.jpg 600w, https:\/\/dragonwood.eu\/wp-content\/uploads\/2024\/04\/Egle_StoneGrey-100x100.jpg 100w, https:\/\/dragonwood.eu\/wp-content\/uploads\/2024\/04\/Egle_StoneGrey.jpg 2048w\" sizes=\"auto, (max-width: 300px) 100vw, 300px\" \/>\t\t\t\t\t\t\t\t\t<\/a>\n\t\t\t\t\t\t\t\t\t<div class=\"overlay fill\" style=\"background-color: 1\"><\/div>\t\t\t\t\t\t\t\t\t \t\t\t\t\t\t\t\t<\/div>\n\t\t\t\t\t\t\t\t<div class=\"image-tools top right show-on-hover\">\n\t\t\t\t\t\t\t\t\t\t\t\t\t\t\t\t\t<\/div>\n\t\t\t\t\t\t\t\t\t\t\t\t\t\t\t\t\t\t\t\t\t\t\t<\/div>\n\n\t\t\t\t\t\t\t<div class=\"box-text text-center is-large\" >\n\t\t\t\t\t\t\t\t<div class=\"title-wrapper\"><p class=\"name product-title woocommerce-loop-product__title\"><a href=\"https:\/\/dragonwood.eu\/sv\/produkter\/bekladnad\/dragonwood-stengra\/\" class=\"woocommerce-LoopProduct-link woocommerce-loop-product__link\">Dragonwood Stone Grey Egl\u0117<\/a><\/p><\/div><div class=\"price-wrapper\">\n<\/div><div class=\"overlay-tools\"><\/div>\t\t\t\t\t\t\t<\/div>\n\t\t\t\t\t\t<\/div>\n\t\t\t\t\t\t<\/div>\n\t\t\t\t\t<\/div><\/div>","protected":false},"excerpt":{"rendered":"<p>H\u00f6gkvalitativa f\u00e4stelement f\u00f6r terrasser, fasader och andra tr\u00e4konstruktioner. Skruvarna \u00e4r rostbest\u00e4ndiga, vilket g\u00f6r dem l\u00e4mpliga f\u00f6r inomhus- och utomhusbruk. De \u00e4r l\u00e4mpliga f\u00f6r ett brett utbud av tr\u00e4slag, oavsett h\u00e5rdhet. Br\u00e4nt tr\u00e4 kr\u00e4ver mer noggranna f\u00e4stmekanismer, s\u00e5 skruvens g\u00e4ngade design s\u00e4kerst\u00e4ller en stabil anslutning. Skruvhuvudet kan f\u00e5s i tv\u00e5 f\u00e4rger, svart och classic, f\u00f6r att matcha tr\u00e4ets f\u00e4rg.<\/p>","protected":false},"featured_media":463,"template":"","meta":[],"product_brand":[],"product_cat":[27],"product_tag":[],"class_list":{"0":"post-462","1":"product","2":"type-product","3":"status-publish","4":"has-post-thumbnail","6":"product_cat-varztai","8":"first","9":"instock","10":"taxable","11":"shipping-taxable","12":"purchasable","13":"product-type-variable"},"_links":{"self":[{"href":"https:\/\/dragonwood.eu\/sv\/wp-json\/wp\/v2\/product\/462","targetHints":{"allow":["GET"]}}],"collection":[{"href":"https:\/\/dragonwood.eu\/sv\/wp-json\/wp\/v2\/product"}],"about":[{"href":"https:\/\/dragonwood.eu\/sv\/wp-json\/wp\/v2\/types\/product"}],"wp:featuredmedia":[{"embeddable":true,"href":"https:\/\/dragonwood.eu\/sv\/wp-json\/wp\/v2\/media\/463"}],"wp:attachment":[{"href":"https:\/\/dragonwood.eu\/sv\/wp-json\/wp\/v2\/media?parent=462"}],"wp:term":[{"taxonomy":"product_brand","embeddable":true,"href":"https:\/\/dragonwood.eu\/sv\/wp-json\/wp\/v2\/product_brand?post=462"},{"taxonomy":"product_cat","embeddable":true,"href":"https:\/\/dragonwood.eu\/sv\/wp-json\/wp\/v2\/product_cat?post=462"},{"taxonomy":"product_tag","embeddable":true,"href":"https:\/\/dragonwood.eu\/sv\/wp-json\/wp\/v2\/product_tag?post=462"}],"curies":[{"name":"wp","href":"https:\/\/api.w.org\/{rel}","templated":true}]}}